{"id":3584,"date":"2022-10-22T11:53:03","date_gmt":"2022-10-22T11:53:03","guid":{"rendered":"https:\/\/highpcb.com\/servicos\/fornecimento-de-componentes-eletronicos\/"},"modified":"2025-01-12T09:08:09","modified_gmt":"2025-01-12T09:08:09","slug":"fornecimento-de-componentes-eletronicos","status":"publish","type":"page","link":"https:\/\/highpcb.com\/pt-pt\/servicos\/fornecimento-de-componentes-eletronicos\/","title":{"rendered":"Fornecimento de componentes eletr\u00f4nicos"},"content":{"rendered":"<p style=\"text-align: justify;\"><img loading=\"lazy\" decoding=\"async\" class=\"wp-image-1947 size-full\" src=\"https:\/\/highpcb.com\/studio_ka7\/uploads\/2022\/10\/4-Supply-of-electronic-parts-1401-8-1.jpg\" alt=\"\" width=\"1200\" height=\"800\" srcset=\"https:\/\/highpcb.com\/studio_ka7\/uploads\/2022\/10\/4-Supply-of-electronic-parts-1401-8-1.jpg 1200w, https:\/\/highpcb.com\/studio_ka7\/uploads\/2022\/10\/4-Supply-of-electronic-parts-1401-8-1-300x200.jpg 300w, https:\/\/highpcb.com\/studio_ka7\/uploads\/2022\/10\/4-Supply-of-electronic-parts-1401-8-1-1024x683.jpg 1024w, https:\/\/highpcb.com\/studio_ka7\/uploads\/2022\/10\/4-Supply-of-electronic-parts-1401-8-1-768x512.jpg 768w\" sizes=\"auto, (max-width: 1200px) 100vw, 1200px\" \/><\/p>\n<p style=\"text-align: justify;\"><strong>De acordo com os tr\u00eas servi\u00e7os mencionados, a empresa HIGHPCB, com uma hist\u00f3ria de 10 anos, pode fornecer pe\u00e7as eletr\u00f4nicas e de telecomunica\u00e7\u00f5es de alta qualidade a pre\u00e7os competitivos em todo o mundo.<\/strong><\/p>\n<p style=\"text-align: justify;\">Talvez voc\u00ea esteja preocupado com o fornecimento de pe\u00e7as originais e de alta qualidade para sua montagem de PCB. A HIGHPCB pode acabar com suas preocupa\u00e7\u00f5es gra\u00e7as \u00e0 longa experi\u00eancia mencionada e \u00e0 sua alta capacidade de fornecimento de componentes eletr\u00f4nicos, garantindo confiabilidade em todo o processo, desde o design e impress\u00e3o de PCBs at\u00e9 o fornecimento de pe\u00e7as e montagem com a mais alta qualidade e precis\u00e3o.<\/p>\n<p style=\"text-align: justify;\"><strong>Entre as aplica\u00e7\u00f5es de design, fabrica\u00e7\u00e3o e montagem de PCBs que a HIGHPCB realiza, podemos destacar as \u00e1reas m\u00e9dica, eletr\u00f4nica automotiva, casas inteligentes, controle industrial e militar, entre outras.<\/strong><\/p>\n<ul style=\"text-align: justify;\">\n<li><strong>Setor M\u00e9dico:<\/strong> Design, fabrica\u00e7\u00e3o e montagem de PCBs para tom\u00f3grafos (CT scanner), sistemas de imagem para endosc\u00f3pios, analisadores hematol\u00f3gicos, ventiladores, etc.<\/li>\n<li><strong>Eletr\u00f4nica Automotiva:<\/strong> Controle de portas, controles de assento do motorista, ECU de entrada sem chave, transmissor de dados (automotivo), host de alto-falantes, computador de bordo, painel de instrumentos, unidade de controle eletr\u00f4nico do motor, etc.<\/li>\n<li><strong>Casas Inteligentes:<\/strong> Ar-condicionado, sistema de \u00e1udio e v\u00eddeo, sistema de ilumina\u00e7\u00e3o, equipamentos de \u00e1udio e v\u00eddeo, controle de corrente, rob\u00f4 de limpeza, sistema de seguran\u00e7a, etc.<\/li>\n<li><strong>Controle Industrial:<\/strong> Instrumenta\u00e7\u00e3o, unidade de controle industrial, PCBA de marca-passos, PCBA de m\u00e1quinas industriais, esta\u00e7\u00e3o de carregamento de ve\u00edculos el\u00e9tricos, transformador de alta pot\u00eancia.<\/li>\n<\/ul>\n<p style=\"text-align: justify;\">A <strong>HIGHPCB<\/strong> \u00e9 um fornecedor confi\u00e1vel e experiente de componentes eletr\u00f4nicos para montagem de PCBs. Eles possuem uma vasta rede de fornecedores confi\u00e1veis e verificados que fornecem componentes eletr\u00f4nicos de alta qualidade. Isso permite \u00e0 HIGHPCB oferecer uma ampla gama de componentes, incluindo resistores, capacitores, diodos, transistores, circuitos integrados, conectores, interruptores, rel\u00e9s, entre outros.<\/p>\n<p style=\"text-align: justify;\">A HIGHPCB garante que todos os componentes eletr\u00f4nicos fornecidos atendem aos mais altos padr\u00f5es de qualidade e especifica\u00e7\u00f5es necess\u00e1rias. Al\u00e9m disso, oferecem pre\u00e7os competitivos, tornando-se uma op\u00e7\u00e3o acess\u00edvel para as necessidades de montagem de PCBs.<\/p>\n<p style=\"text-align: justify;\">Ao trabalhar com a HIGHPCB, voc\u00ea pode ter certeza de que receber\u00e1 o melhor servi\u00e7o e suporte. Eles contam com uma equipe de engenheiros experientes que podem ajud\u00e1-lo no design de PCBs, prototipagem e testes. Tamb\u00e9m oferecem prazos r\u00e1pidos e entrega pontual de seus componentes eletr\u00f4nicos.<\/p>\n<p style=\"text-align: justify;\">Em resumo, a HIGHPCB \u00e9 uma solu\u00e7\u00e3o completa para todas as suas necessidades de montagem de PCBs, oferecendo componentes eletr\u00f4nicos de alta qualidade e servi\u00e7os confi\u00e1veis de fabrica\u00e7\u00e3o e montagem de PCBs.<\/p>\n","protected":false},"excerpt":{"rendered":"<p>De acordo com os tr\u00eas servi\u00e7os mencionados, a empresa HIGHPCB, com uma hist\u00f3ria de 10 anos, pode fornecer pe\u00e7as eletr\u00f4nicas e de telecomunica\u00e7\u00f5es de alta qualidade a pre\u00e7os competitivos em todo o mundo. Talvez voc\u00ea esteja preocupado com o fornecimento de pe\u00e7as originais e de alta qualidade para sua montagem de PCB. A HIGHPCB pode&hellip;<\/p>\n","protected":false},"author":1,"featured_media":3272,"parent":3568,"menu_order":0,"comment_status":"closed","ping_status":"closed","template":"","meta":{"footnotes":""},"class_list":["post-3584","page","type-page","status-publish","has-post-thumbnail","hentry","description-off"],"yoast_head":"<!-- This site is optimized with the Yoast SEO Premium plugin v21.7 (Yoast SEO v26.9) - https:\/\/yoast.com\/product\/yoast-seo-premium-wordpress\/ -->\n<title>Fornecimento de componentes eletr\u00f4nicos - HIGHPCB<\/title>\n<meta name=\"robots\" content=\"index, follow, max-snippet:-1, max-image-preview:large, max-video-preview:-1\" \/>\n<link rel=\"canonical\" href=\"https:\/\/highpcb.com\/pt-pt\/servicos\/fornecimento-de-componentes-eletronicos\/\" \/>\n<meta property=\"og:locale\" content=\"pt_PT\" \/>\n<meta property=\"og:type\" content=\"article\" \/>\n<meta property=\"og:title\" content=\"Fornecimento de componentes eletr\u00f4nicos\" \/>\n<meta property=\"og:description\" content=\"De acordo com os tr\u00eas servi\u00e7os mencionados, a empresa HIGHPCB, com uma hist\u00f3ria de 10 anos, pode fornecer pe\u00e7as eletr\u00f4nicas e de telecomunica\u00e7\u00f5es de alta qualidade a pre\u00e7os competitivos em todo o mundo. Talvez voc\u00ea esteja preocupado com o fornecimento de pe\u00e7as originais e de alta qualidade para sua montagem de PCB. A HIGHPCB pode&hellip;\" \/>\n<meta property=\"og:url\" content=\"https:\/\/highpcb.com\/pt-pt\/servicos\/fornecimento-de-componentes-eletronicos\/\" \/>\n<meta property=\"og:site_name\" content=\"HIGHPCB\" \/>\n<meta property=\"article:modified_time\" content=\"2025-01-12T09:08:09+00:00\" \/>\n<meta property=\"og:image\" content=\"https:\/\/highpcb.com\/studio_ka7\/uploads\/2022\/10\/4-Supply-of-electronic-parts-1401-8-1.jpg\" \/>\n\t<meta property=\"og:image:width\" content=\"1200\" \/>\n\t<meta property=\"og:image:height\" content=\"800\" \/>\n\t<meta property=\"og:image:type\" content=\"image\/jpeg\" \/>\n<meta name=\"twitter:card\" content=\"summary_large_image\" \/>\n<meta name=\"twitter:label1\" content=\"Tempo estimado de leitura\" \/>\n\t<meta name=\"twitter:data1\" content=\"3 minutos\" \/>\n<script type=\"application\/ld+json\" class=\"yoast-schema-graph\">{\"@context\":\"https:\/\/schema.org\",\"@graph\":[{\"@type\":\"WebPage\",\"@id\":\"https:\/\/highpcb.com\/pt-pt\/servicos\/fornecimento-de-componentes-eletronicos\/\",\"url\":\"https:\/\/highpcb.com\/pt-pt\/servicos\/fornecimento-de-componentes-eletronicos\/\",\"name\":\"Fornecimento de componentes eletr\u00f4nicos - HIGHPCB\",\"isPartOf\":{\"@id\":\"https:\/\/highpcb.com\/#website\"},\"primaryImageOfPage\":{\"@id\":\"https:\/\/highpcb.com\/pt-pt\/servicos\/fornecimento-de-componentes-eletronicos\/#primaryimage\"},\"image\":{\"@id\":\"https:\/\/highpcb.com\/pt-pt\/servicos\/fornecimento-de-componentes-eletronicos\/#primaryimage\"},\"thumbnailUrl\":\"https:\/\/highpcb.com\/studio_ka7\/uploads\/2022\/10\/4-Supply-of-electronic-parts-1401-8-1.jpg\",\"datePublished\":\"2022-10-22T11:53:03+00:00\",\"dateModified\":\"2025-01-12T09:08:09+00:00\",\"breadcrumb\":{\"@id\":\"https:\/\/highpcb.com\/pt-pt\/servicos\/fornecimento-de-componentes-eletronicos\/#breadcrumb\"},\"inLanguage\":\"pt-PT\",\"potentialAction\":[{\"@type\":\"ReadAction\",\"target\":[\"https:\/\/highpcb.com\/pt-pt\/servicos\/fornecimento-de-componentes-eletronicos\/\"]}]},{\"@type\":\"ImageObject\",\"inLanguage\":\"pt-PT\",\"@id\":\"https:\/\/highpcb.com\/pt-pt\/servicos\/fornecimento-de-componentes-eletronicos\/#primaryimage\",\"url\":\"https:\/\/highpcb.com\/studio_ka7\/uploads\/2022\/10\/4-Supply-of-electronic-parts-1401-8-1.jpg\",\"contentUrl\":\"https:\/\/highpcb.com\/studio_ka7\/uploads\/2022\/10\/4-Supply-of-electronic-parts-1401-8-1.jpg\",\"width\":1200,\"height\":800},{\"@type\":\"BreadcrumbList\",\"@id\":\"https:\/\/highpcb.com\/pt-pt\/servicos\/fornecimento-de-componentes-eletronicos\/#breadcrumb\",\"itemListElement\":[{\"@type\":\"ListItem\",\"position\":1,\"name\":\"Home\",\"item\":\"https:\/\/highpcb.com\/pt-pt\/\"},{\"@type\":\"ListItem\",\"position\":2,\"name\":\"Servi\u00e7os\",\"item\":\"https:\/\/highpcb.com\/pt-pt\/servicos\/\"},{\"@type\":\"ListItem\",\"position\":3,\"name\":\"Fornecimento de componentes eletr\u00f4nicos\"}]},{\"@type\":\"WebSite\",\"@id\":\"https:\/\/highpcb.com\/#website\",\"url\":\"https:\/\/highpcb.com\/\",\"name\":\"HIGHPCB\",\"description\":\"PCB Design, Fabrication, Assembly\",\"potentialAction\":[{\"@type\":\"SearchAction\",\"target\":{\"@type\":\"EntryPoint\",\"urlTemplate\":\"https:\/\/highpcb.com\/?s={search_term_string}\"},\"query-input\":{\"@type\":\"PropertyValueSpecification\",\"valueRequired\":true,\"valueName\":\"search_term_string\"}}],\"inLanguage\":\"pt-PT\"}]}<\/script>\n<!-- \/ Yoast SEO Premium plugin. -->","yoast_head_json":{"title":"Fornecimento de componentes eletr\u00f4nicos - HIGHPCB","robots":{"index":"index","follow":"follow","max-snippet":"max-snippet:-1","max-image-preview":"max-image-preview:large","max-video-preview":"max-video-preview:-1"},"canonical":"https:\/\/highpcb.com\/pt-pt\/servicos\/fornecimento-de-componentes-eletronicos\/","og_locale":"pt_PT","og_type":"article","og_title":"Fornecimento de componentes eletr\u00f4nicos","og_description":"De acordo com os tr\u00eas servi\u00e7os mencionados, a empresa HIGHPCB, com uma hist\u00f3ria de 10 anos, pode fornecer pe\u00e7as eletr\u00f4nicas e de telecomunica\u00e7\u00f5es de alta qualidade a pre\u00e7os competitivos em todo o mundo. Talvez voc\u00ea esteja preocupado com o fornecimento de pe\u00e7as originais e de alta qualidade para sua montagem de PCB. A HIGHPCB pode&hellip;","og_url":"https:\/\/highpcb.com\/pt-pt\/servicos\/fornecimento-de-componentes-eletronicos\/","og_site_name":"HIGHPCB","article_modified_time":"2025-01-12T09:08:09+00:00","og_image":[{"width":1200,"height":800,"url":"https:\/\/highpcb.com\/studio_ka7\/uploads\/2022\/10\/4-Supply-of-electronic-parts-1401-8-1.jpg","type":"image\/jpeg"}],"twitter_card":"summary_large_image","twitter_misc":{"Tempo estimado de leitura":"3 minutos"},"schema":{"@context":"https:\/\/schema.org","@graph":[{"@type":"WebPage","@id":"https:\/\/highpcb.com\/pt-pt\/servicos\/fornecimento-de-componentes-eletronicos\/","url":"https:\/\/highpcb.com\/pt-pt\/servicos\/fornecimento-de-componentes-eletronicos\/","name":"Fornecimento de componentes eletr\u00f4nicos - HIGHPCB","isPartOf":{"@id":"https:\/\/highpcb.com\/#website"},"primaryImageOfPage":{"@id":"https:\/\/highpcb.com\/pt-pt\/servicos\/fornecimento-de-componentes-eletronicos\/#primaryimage"},"image":{"@id":"https:\/\/highpcb.com\/pt-pt\/servicos\/fornecimento-de-componentes-eletronicos\/#primaryimage"},"thumbnailUrl":"https:\/\/highpcb.com\/studio_ka7\/uploads\/2022\/10\/4-Supply-of-electronic-parts-1401-8-1.jpg","datePublished":"2022-10-22T11:53:03+00:00","dateModified":"2025-01-12T09:08:09+00:00","breadcrumb":{"@id":"https:\/\/highpcb.com\/pt-pt\/servicos\/fornecimento-de-componentes-eletronicos\/#breadcrumb"},"inLanguage":"pt-PT","potentialAction":[{"@type":"ReadAction","target":["https:\/\/highpcb.com\/pt-pt\/servicos\/fornecimento-de-componentes-eletronicos\/"]}]},{"@type":"ImageObject","inLanguage":"pt-PT","@id":"https:\/\/highpcb.com\/pt-pt\/servicos\/fornecimento-de-componentes-eletronicos\/#primaryimage","url":"https:\/\/highpcb.com\/studio_ka7\/uploads\/2022\/10\/4-Supply-of-electronic-parts-1401-8-1.jpg","contentUrl":"https:\/\/highpcb.com\/studio_ka7\/uploads\/2022\/10\/4-Supply-of-electronic-parts-1401-8-1.jpg","width":1200,"height":800},{"@type":"BreadcrumbList","@id":"https:\/\/highpcb.com\/pt-pt\/servicos\/fornecimento-de-componentes-eletronicos\/#breadcrumb","itemListElement":[{"@type":"ListItem","position":1,"name":"Home","item":"https:\/\/highpcb.com\/pt-pt\/"},{"@type":"ListItem","position":2,"name":"Servi\u00e7os","item":"https:\/\/highpcb.com\/pt-pt\/servicos\/"},{"@type":"ListItem","position":3,"name":"Fornecimento de componentes eletr\u00f4nicos"}]},{"@type":"WebSite","@id":"https:\/\/highpcb.com\/#website","url":"https:\/\/highpcb.com\/","name":"HIGHPCB","description":"PCB Design, Fabrication, Assembly","potentialAction":[{"@type":"SearchAction","target":{"@type":"EntryPoint","urlTemplate":"https:\/\/highpcb.com\/?s={search_term_string}"},"query-input":{"@type":"PropertyValueSpecification","valueRequired":true,"valueName":"search_term_string"}}],"inLanguage":"pt-PT"}]}},"_links":{"self":[{"href":"https:\/\/highpcb.com\/pt-pt\/wp-json\/wp\/v2\/pages\/3584","targetHints":{"allow":["GET"]}}],"collection":[{"href":"https:\/\/highpcb.com\/pt-pt\/wp-json\/wp\/v2\/pages"}],"about":[{"href":"https:\/\/highpcb.com\/pt-pt\/wp-json\/wp\/v2\/types\/page"}],"author":[{"embeddable":true,"href":"https:\/\/highpcb.com\/pt-pt\/wp-json\/wp\/v2\/users\/1"}],"replies":[{"embeddable":true,"href":"https:\/\/highpcb.com\/pt-pt\/wp-json\/wp\/v2\/comments?post=3584"}],"version-history":[{"count":0,"href":"https:\/\/highpcb.com\/pt-pt\/wp-json\/wp\/v2\/pages\/3584\/revisions"}],"up":[{"embeddable":true,"href":"https:\/\/highpcb.com\/pt-pt\/wp-json\/wp\/v2\/pages\/3568"}],"wp:featuredmedia":[{"embeddable":true,"href":"https:\/\/highpcb.com\/pt-pt\/wp-json\/wp\/v2\/media\/3272"}],"wp:attachment":[{"href":"https:\/\/highpcb.com\/pt-pt\/wp-json\/wp\/v2\/media?parent=3584"}],"curies":[{"name":"wp","href":"https:\/\/api.w.org\/{rel}","templated":true}]}}