{"id":3581,"date":"2022-10-22T11:52:12","date_gmt":"2022-10-22T11:52:12","guid":{"rendered":"https:\/\/highpcb.com\/servicos\/montagem-de-pcb\/"},"modified":"2025-01-12T09:05:18","modified_gmt":"2025-01-12T09:05:18","slug":"montagem-de-pcb","status":"publish","type":"page","link":"https:\/\/highpcb.com\/pt-pt\/servicos\/montagem-de-pcb\/","title":{"rendered":"MONTAGEM DE PCB"},"content":{"rendered":"<p>[vc_row][vc_column][vc_single_image image=&#8221;1945&#8243; img_size=&#8221;full&#8221; alignment=&#8221;center&#8221;][vc_empty_space][vc_column_text]<\/p>\n<p style=\"text-align: justify;\">Outro dos nossos servi\u00e7os especializados \u00e9 a montagem de PCBs com alta precis\u00e3o e qualidade, derivada da tecnologia automatizada de PCBA. Voc\u00ea pode confiar rapidamente seus pedidos \u00e0 nossa empresa para que possamos montar seus circuitos utilizando pe\u00e7as originais e de alta qualidade, com a mais recente tecnologia, alta precis\u00e3o e velocidade.<\/p>\n<p style=\"text-align: justify;\">A HIGHPCB oferece sete tipos de produtos de montagem de PCBs;<\/p>\n<p>[\/vc_column_text][vc_single_image image=&#8221;2068&#8243; img_size=&#8221;full&#8221; alignment=&#8221;center&#8221;][vc_empty_space]<div class=\"standard-number-list list-divider bullet-top\"><ul>\n<li><strong>Montagem BGA<\/strong><\/li>\n<li><strong>Montagem SMT<\/strong><\/li>\n<li><strong>Montagem de PCB para LED<\/strong><\/li>\n<li><strong>Montagem de PCB R\u00edgido-Flex\u00edvel<\/strong><\/li>\n<li><strong>Montagem Turnkey de PCB<\/strong><\/li>\n<li><strong>Montagem de Prot\u00f3tipo de PCB<\/strong><\/li>\n<li><strong>Montagem de PCB com Passagem por Furos (Through Hole)<\/strong><\/li>\n<\/ul>\n<\/div>[vc_column_text]<\/p>\n<p style=\"text-align: justify;\">Por fim, essa diversidade na tecnologia de montagem de PCBs garante que voc\u00ea pode confiar rapidamente e com seguran\u00e7a o processo de montagem de PCBs a n\u00f3s.<\/p>\n<p>[\/vc_column_text][\/vc_column][\/vc_row][vc_row][vc_column][vc_column_text]<\/p>\n<h3 style=\"text-align: justify;\">Montagem SMD<\/h3>\n<p style=\"text-align: justify;\">Um dos processos mais importantes na produ\u00e7\u00e3o de um produto \u00e9 a montagem SMD. Isso \u00e9 especialmente cr\u00edtico no campo da eletr\u00f4nica, pois, se a montagem for feita de forma descuidada \u2014 por exemplo, utilizando a pe\u00e7a errada ou com montagem incorreta \u2014, o PCB n\u00e3o funcionar\u00e1.<\/p>\n<p style=\"text-align: justify;\"><img loading=\"lazy\" decoding=\"async\" class=\"aligncenter wp-image-2040 size-full\" src=\"https:\/\/highpcb.com\/studio_ka7\/uploads\/2022\/10\/ewweeweewe.jpg\" alt=\"\" width=\"1000\" height=\"405\" srcset=\"https:\/\/highpcb.com\/studio_ka7\/uploads\/2022\/10\/ewweeweewe.jpg 1000w, https:\/\/highpcb.com\/studio_ka7\/uploads\/2022\/10\/ewweeweewe-300x122.jpg 300w, https:\/\/highpcb.com\/studio_ka7\/uploads\/2022\/10\/ewweeweewe-768x311.jpg 768w\" sizes=\"auto, (max-width: 1000px) 100vw, 1000px\" \/><\/p>\n<h3 style=\"text-align: justify;\">Pedido de Montagem SMD<\/h3>\n<p style=\"text-align: justify;\">A HIGHPCB pode realizar montagens manualmente ou por m\u00e1quina. Utilizando equipes profissionais e experientes, nos esfor\u00e7amos para montar as pe\u00e7as corretamente com ferramentas padronizadas nos seus PCBs, sem conex\u00f5es incorretas entre os elementos e garantindo a total aus\u00eancia de falhas de conex\u00e3o. Nossa equipe, com vasta experi\u00eancia na montagem de pe\u00e7as DIP e SMD, conquistou a confian\u00e7a de seus clientes por sua capacidade de fixar com precis\u00e3o componentes como capacitores, resistores, etc. (os detalhes devem ser completamente fixados em seus respectivos pontos), demonstrando aos clientes uma montagem impec\u00e1vel de ICs, instala\u00e7\u00e3o precisa de FPGAs e outros servi\u00e7os de montagem.<\/p>\n<p style=\"text-align: justify;\">Al\u00e9m disso, a HIGHPCB aceita todos os tipos de pedidos de montagem por m\u00e1quina (autom\u00e1tica). No processo de montagem autom\u00e1tica, buscamos entregar um trabalho excelente ao cliente, pois, ap\u00f3s cada etapa de montagem \u2014 seja manual ou autom\u00e1tica \u2014 \u00e9 realizado o processo de lavagem (embora a montagem por m\u00e1quina geralmente n\u00e3o exija lavagem). Em seguida, os produtos s\u00e3o inspecionados por pessoal experiente sob o microsc\u00f3pio de controle de qualidade (QC).<\/p>\n<p style=\"text-align: justify;\">Por fim, os trabalhos s\u00e3o embalados de forma a evitar press\u00e3o entre os itens dentro da caixa, garantindo que o produto possa ser enviado com total confian\u00e7a. N\u00e3o h\u00e1 limite para o n\u00famero de pe\u00e7as na montagem por m\u00e1quina, sendo essa a escolha ideal para clientes que pretendem produzir em massa na ind\u00fastria eletr\u00f4nica. Por\u00e9m, em alguns casos, mesmo com alta demanda, os clientes optam pela montagem manual.<\/p>\n<p style=\"text-align: justify;\"><img loading=\"lazy\" decoding=\"async\" class=\"aligncenter wp-image-2042 size-full\" src=\"https:\/\/highpcb.com\/studio_ka7\/uploads\/2022\/10\/46uryhtfbgfwt4efs.jpg\" alt=\"\" width=\"640\" height=\"360\" srcset=\"https:\/\/highpcb.com\/studio_ka7\/uploads\/2022\/10\/46uryhtfbgfwt4efs.jpg 640w, https:\/\/highpcb.com\/studio_ka7\/uploads\/2022\/10\/46uryhtfbgfwt4efs-300x169.jpg 300w\" sizes=\"auto, (max-width: 640px) 100vw, 640px\" \/><\/p>\n<h3>Qual \u00e9 a raz\u00e3o para o alto n\u00famero de pedidos de montagem manual?<\/h3>\n<p style=\"text-align: justify;\">Supondo que haja <strong>n<\/strong> trabalhos a serem montados, se forem montados manualmente, levar\u00e1 duas semanas para concluir todo o trabalho. No entanto, se a montagem for feita por m\u00e1quina, o tempo total ser\u00e1, por exemplo, quatro dias. Nesse caso, os clientes percebem que a montagem por m\u00e1quina \u00e9 conclu\u00edda dez dias antes da montagem manual.<\/p>\n<p style=\"text-align: justify;\">Por\u00e9m, muitos clientes n\u00e3o sabem que, para usar a montagem por m\u00e1quina, \u00e9 necess\u00e1rio esperar at\u00e9 que o projeto atual da linha de montagem autom\u00e1tica seja conclu\u00eddo. Somente ap\u00f3s essa espera, o novo projeto pode entrar na linha, o que cria um sistema de fila na montagem automatizada. Com isso, o trabalho que levaria quatro dias para ser montado pode ter que esperar mais de quatro dias, uma semana, duas semanas ou at\u00e9 mais para que a linha fique dispon\u00edvel.<\/p>\n<p style=\"text-align: justify;\">Embora em locais onde a montagem por m\u00e1quina seja realizada existam v\u00e1rias m\u00e1quinas e linhas operando simultaneamente, \u00e0s vezes todas as linhas est\u00e3o ocupadas devido \u00e0 alta demanda. Al\u00e9m disso, tarefas como a cria\u00e7\u00e3o de templates e a configura\u00e7\u00e3o das m\u00e1quinas tamb\u00e9m prolongam o tempo de montagem. Esses fatores levam muitos clientes a optar pela montagem manual.<\/p>\n<p style=\"text-align: justify;\">Outro motivo que atrai os clientes da montagem autom\u00e1tica para a montagem manual est\u00e1 relacionado \u00e0s pe\u00e7as e ao custo da montagem. Muitos donos de projetos possuem ou compram pe\u00e7as danificadas ou soltas (n\u00e3o em rolos). Essas pe\u00e7as n\u00e3o podem ser montadas por m\u00e1quinas, tornando a montagem manual a alternativa mais vi\u00e1vel.<\/p>\n<p style=\"text-align: justify;\">Pode-se afirmar com confian\u00e7a que nossas equipes est\u00e3o entre os melhores montadores, pois possuem alta velocidade, vasta experi\u00eancia e extrema precis\u00e3o.<\/p>\n<h3>A garantia do nosso trabalho \u00e9 a nossa qualidade e experi\u00eancia<\/h3>\n<p style=\"text-align: justify;\">A HIGHPCB oferece a garantia aos seus clientes de que, caso ocorra um problema de montagem causado pela nossa equipe, como montagem incorreta de uma pe\u00e7a, falha na montagem de um ou mais componentes, baixa qualidade no trabalho de solda ou na montagem, n\u00f3s retomaremos o trabalho \u00e0s nossas pr\u00f3prias custas. Ap\u00f3s corrigir os defeitos, entregaremos uma pe\u00e7a perfeita ao cliente. No entanto, faremos o nosso melhor para evitar que problemas aconte\u00e7am novamente.<\/p>\n<h3 style=\"text-align: justify;\">O que s\u00e3o componentes SMD?<\/h3>\n<p style=\"text-align: justify;\">As pe\u00e7as montadas na placa ou no verso da placa s\u00e3o chamadas de componentes SMD. SMD significa <strong>Surface Mount Device<\/strong> (Dispositivo de Montagem em Superf\u00edcie).<\/p>\n<p style=\"text-align: justify;\">Isso significa que as bases das pe\u00e7as n\u00e3o atravessam a placa, mas s\u00e3o posicionadas nos pads na frente ou no verso da placa. Os componentes SMD t\u00eam tamanhos variados. Por exemplo, capacitores, resistores, indutores, LEDs, etc., possuem dimens\u00f5es como 402, 603, 805, 1206, 1210, 2512, entre outras. Algumas pe\u00e7as n\u00e3o pertencem a essas categorias de tamanho e t\u00eam dimens\u00f5es diferentes que n\u00e3o discutiremos aqui. Quanto menor o tamanho do componente, mais sens\u00edvel ser\u00e1 o trabalho e maior ser\u00e1 a precis\u00e3o necess\u00e1ria.<\/p>\n<p><strong>Como os componentes SMD s\u00e3o montados?<\/strong><\/p>\n<h3 style=\"text-align: justify;\">Com quais equipamentos s\u00e3o montados os SMD?<\/h3>\n<p style=\"text-align: justify;\">A montagem de componentes SMD pode ser feita manualmente ou por m\u00e1quina. No m\u00e9todo mec\u00e2nico, a montagem pode ser totalmente autom\u00e1tica ou realizada com o aux\u00edlio de trabalho manual. O tipo de montagem depende da quantidade de trabalho, do per\u00edodo desejado pelo cliente, dos custos e do tipo de pe\u00e7a.<\/p>\n<h3>As ferramentas utilizadas na montagem manual s\u00e3o:<\/h3>\n<ul>\n<li>Sistema de Solda 40W<\/li>\n<li>Sistema de Solda 60W<\/li>\n<li>Fio de Estanho<\/li>\n<li>\u00d3leo de Solda<\/li>\n<li>Pin\u00e7a<\/li>\n<li>Ferramenta de Solda<\/li>\n<li>Aquecedor (aquecedor de ar quente)<\/li>\n<\/ul>\n<p style=\"text-align: justify;\">Essas s\u00e3o as principais ferramentas usadas na montagem manual para fixar as pe\u00e7as na placa. Ap\u00f3s a etapa de montagem, enquanto se utiliza o \u00f3leo de solda, as pe\u00e7as ao redor s\u00e3o oleadas; as placas s\u00e3o ent\u00e3o lavadas com \u00e1lcool ou solvente para que n\u00e3o reste \u00f3leo ou sujeira na superf\u00edcie. Em seguida, as placas s\u00e3o secas com um compressor de ar, secador industrial e passam pelo controle de qualidade (QC). Por fim, s\u00e3o embaladas e est\u00e3o prontas para serem entregues ao cliente.<\/p>\n<p style=\"text-align: justify;\"><img loading=\"lazy\" decoding=\"async\" class=\"aligncenter wp-image-2041 size-full\" src=\"https:\/\/highpcb.com\/studio_ka7\/uploads\/2022\/10\/wefd34erfwd3.jpg\" alt=\"\" width=\"500\" height=\"353\" srcset=\"https:\/\/highpcb.com\/studio_ka7\/uploads\/2022\/10\/wefd34erfwd3.jpg 500w, https:\/\/highpcb.com\/studio_ka7\/uploads\/2022\/10\/wefd34erfwd3-300x212.jpg 300w\" sizes=\"auto, (max-width: 500px) 100vw, 500px\" \/><\/p>\n<h3 style=\"text-align: justify;\">Etapas da Montagem SMD (Manual)<\/h3>\n<p style=\"text-align: justify;\">Na montagem de componentes SMD, como resistores, capacitores, indutores e todas as pe\u00e7as com duas bases SMD, ou componentes com mais de duas bases SMD, como transistores, reguladores, etc., o processo \u00e9 realizado da seguinte forma:<\/p>\n<ul style=\"text-align: justify;\">\n<li>Para fix\u00e1-los na placa, primeiro posicionamos a pe\u00e7a em seu respectivo pad (footprint).<\/li>\n<li>Em seguida, soldamos um dos lados da pe\u00e7a ao pad.<\/li>\n<li>Todas as pe\u00e7as que est\u00e3o na mesma orienta\u00e7\u00e3o s\u00e3o montadas dessa forma.<\/li>\n<li>Por fim, soldamos o outro lado de cada componente.<\/li>\n<\/ul>\n<p style=\"text-align: justify;\">O mesmo m\u00e9todo pode ser aplicado para a montagem de ICs, com a diferen\u00e7a de que o n\u00famero de bases dos ICs \u00e9 maior em compara\u00e7\u00e3o com outros componentes.<\/p>\n<ul>\n<li style=\"text-align: justify;\">Primeiro, fixamos o IC no pad (footprint).<\/li>\n<li style=\"text-align: justify;\">Duas ou tr\u00eas de suas bases s\u00e3o soldadas com um Sistema de Solda.<\/li>\n<li style=\"text-align: justify;\">Ap\u00f3s garantir que o IC est\u00e1 corretamente posicionado (sem deslocamento), espalhamos o estanho no restante das bases do IC, garantindo que todas as bases estejam conectadas corretamente ao pad abaixo delas.<\/li>\n<\/ul>\n<h3 style=\"text-align: justify;\">Etapas da Montagem SMD (Autom\u00e1tica)<\/h3>\n<p style=\"text-align: justify;\">Na montagem autom\u00e1tica, como o pr\u00f3prio nome sugere, n\u00e3o s\u00e3o utilizados sistemas de solda, aquecedores ou outras ferramentas manuais. As m\u00e1quinas realizam a montagem das pe\u00e7as. No entanto, antes do processo de montagem autom\u00e1tica, algumas a\u00e7\u00f5es precisam ser realizadas:<\/p>\n<ul style=\"text-align: justify;\">\n<li>Preparar um stencil para o PCB.<\/li>\n<li>Os componentes devem ser adquiridos em rolos.<\/li>\n<li>Os PCBs devem estar em folhas e n\u00e3o separados individualmente.<\/li>\n<\/ul>\n<p style=\"text-align: justify;\">Esses pontos s\u00e3o mencionados novamente na p\u00e1gina de montagem de placas, onde voc\u00ea pode encontrar uma descri\u00e7\u00e3o detalhada da montagem autom\u00e1tica e manual. Caso deseje, voc\u00ea pode preencher o formul\u00e1rio de registro de pedido em menos de 5 minutos e envi\u00e1-lo para n\u00f3s, para que possamos processar seu pedido de forma mais eficiente.<\/p>\n<p>[\/vc_column_text][\/vc_column][\/vc_row]<\/p>\n","protected":false},"excerpt":{"rendered":"<p>[vc_row][vc_column][vc_single_image image=&#8221;1945&#8243; img_size=&#8221;full&#8221; alignment=&#8221;center&#8221;][vc_empty_space][vc_column_text] Outro dos nossos servi\u00e7os especializados \u00e9 a montagem de PCBs com alta precis\u00e3o e qualidade, derivada da tecnologia automatizada de PCBA. Voc\u00ea pode confiar rapidamente seus pedidos \u00e0 nossa empresa para que possamos montar seus circuitos utilizando pe\u00e7as originais e de alta qualidade, com a mais recente tecnologia, alta precis\u00e3o e&hellip;<\/p>\n","protected":false},"author":1,"featured_media":3887,"parent":3568,"menu_order":0,"comment_status":"closed","ping_status":"closed","template":"","meta":{"footnotes":""},"class_list":["post-3581","page","type-page","status-publish","has-post-thumbnail","hentry","description-off"],"yoast_head":"<!-- This site is optimized with the Yoast SEO Premium plugin v21.7 (Yoast SEO v26.9) - https:\/\/yoast.com\/product\/yoast-seo-premium-wordpress\/ -->\n<title>MONTAGEM DE PCB - HIGHPCB<\/title>\n<meta name=\"robots\" content=\"index, follow, max-snippet:-1, max-image-preview:large, max-video-preview:-1\" \/>\n<link rel=\"canonical\" href=\"https:\/\/highpcb.com\/pt-pt\/servicos\/montagem-de-pcb\/\" \/>\n<meta property=\"og:locale\" content=\"pt_PT\" \/>\n<meta property=\"og:type\" content=\"article\" \/>\n<meta property=\"og:title\" content=\"MONTAGEM DE PCB\" \/>\n<meta property=\"og:description\" content=\"[vc_row][vc_column][vc_single_image image=&#8221;1945&#8243; img_size=&#8221;full&#8221; alignment=&#8221;center&#8221;][vc_empty_space][vc_column_text] Outro dos nossos servi\u00e7os especializados \u00e9 a montagem de PCBs com alta precis\u00e3o e qualidade, derivada da tecnologia automatizada de PCBA. Voc\u00ea pode confiar rapidamente seus pedidos \u00e0 nossa empresa para que possamos montar seus circuitos utilizando pe\u00e7as originais e de alta qualidade, com a mais recente tecnologia, alta precis\u00e3o e&hellip;\" \/>\n<meta property=\"og:url\" content=\"https:\/\/highpcb.com\/pt-pt\/servicos\/montagem-de-pcb\/\" \/>\n<meta property=\"og:site_name\" content=\"HIGHPCB\" \/>\n<meta property=\"article:modified_time\" content=\"2025-01-12T09:05:18+00:00\" \/>\n<meta property=\"og:image\" content=\"https:\/\/highpcb.com\/studio_ka7\/uploads\/2022\/10\/3-pcb-asembly-1401-8-1.jpg\" \/>\n\t<meta property=\"og:image:width\" content=\"1200\" \/>\n\t<meta property=\"og:image:height\" content=\"800\" \/>\n\t<meta property=\"og:image:type\" content=\"image\/jpeg\" \/>\n<meta name=\"twitter:card\" content=\"summary_large_image\" \/>\n<meta name=\"twitter:label1\" content=\"Tempo estimado de leitura\" \/>\n\t<meta name=\"twitter:data1\" content=\"8 minutos\" \/>\n<script type=\"application\/ld+json\" class=\"yoast-schema-graph\">{\"@context\":\"https:\/\/schema.org\",\"@graph\":[{\"@type\":\"WebPage\",\"@id\":\"https:\/\/highpcb.com\/pt-pt\/servicos\/montagem-de-pcb\/\",\"url\":\"https:\/\/highpcb.com\/pt-pt\/servicos\/montagem-de-pcb\/\",\"name\":\"MONTAGEM DE PCB - HIGHPCB\",\"isPartOf\":{\"@id\":\"https:\/\/highpcb.com\/#website\"},\"primaryImageOfPage\":{\"@id\":\"https:\/\/highpcb.com\/pt-pt\/servicos\/montagem-de-pcb\/#primaryimage\"},\"image\":{\"@id\":\"https:\/\/highpcb.com\/pt-pt\/servicos\/montagem-de-pcb\/#primaryimage\"},\"thumbnailUrl\":\"https:\/\/highpcb.com\/studio_ka7\/uploads\/2025\/03\/main.jpg\",\"datePublished\":\"2022-10-22T11:52:12+00:00\",\"dateModified\":\"2025-01-12T09:05:18+00:00\",\"breadcrumb\":{\"@id\":\"https:\/\/highpcb.com\/pt-pt\/servicos\/montagem-de-pcb\/#breadcrumb\"},\"inLanguage\":\"pt-PT\",\"potentialAction\":[{\"@type\":\"ReadAction\",\"target\":[\"https:\/\/highpcb.com\/pt-pt\/servicos\/montagem-de-pcb\/\"]}]},{\"@type\":\"ImageObject\",\"inLanguage\":\"pt-PT\",\"@id\":\"https:\/\/highpcb.com\/pt-pt\/servicos\/montagem-de-pcb\/#primaryimage\",\"url\":\"https:\/\/highpcb.com\/studio_ka7\/uploads\/2025\/03\/main.jpg\",\"contentUrl\":\"https:\/\/highpcb.com\/studio_ka7\/uploads\/2025\/03\/main.jpg\",\"width\":1200,\"height\":300,\"caption\":\"pcb assembly china | pcb assembly service china | pcb manufacturing and assembly china | best pcb assembly service | electronic board assembly | best pcb assembly in china | pcb board assembly companies in china | Pcb assembly china address | Pcb assembly china contact number | pcb assembly service | pcb assembly companies | pcb assembly manufacturer in china\"},{\"@type\":\"BreadcrumbList\",\"@id\":\"https:\/\/highpcb.com\/pt-pt\/servicos\/montagem-de-pcb\/#breadcrumb\",\"itemListElement\":[{\"@type\":\"ListItem\",\"position\":1,\"name\":\"Home\",\"item\":\"https:\/\/highpcb.com\/pt-pt\/\"},{\"@type\":\"ListItem\",\"position\":2,\"name\":\"Servi\u00e7os\",\"item\":\"https:\/\/highpcb.com\/pt-pt\/servicos\/\"},{\"@type\":\"ListItem\",\"position\":3,\"name\":\"MONTAGEM DE PCB\"}]},{\"@type\":\"WebSite\",\"@id\":\"https:\/\/highpcb.com\/#website\",\"url\":\"https:\/\/highpcb.com\/\",\"name\":\"HIGHPCB\",\"description\":\"PCB Design, Fabrication, Assembly\",\"potentialAction\":[{\"@type\":\"SearchAction\",\"target\":{\"@type\":\"EntryPoint\",\"urlTemplate\":\"https:\/\/highpcb.com\/?s={search_term_string}\"},\"query-input\":{\"@type\":\"PropertyValueSpecification\",\"valueRequired\":true,\"valueName\":\"search_term_string\"}}],\"inLanguage\":\"pt-PT\"}]}<\/script>\n<!-- \/ Yoast SEO Premium plugin. -->","yoast_head_json":{"title":"MONTAGEM DE PCB - HIGHPCB","robots":{"index":"index","follow":"follow","max-snippet":"max-snippet:-1","max-image-preview":"max-image-preview:large","max-video-preview":"max-video-preview:-1"},"canonical":"https:\/\/highpcb.com\/pt-pt\/servicos\/montagem-de-pcb\/","og_locale":"pt_PT","og_type":"article","og_title":"MONTAGEM DE PCB","og_description":"[vc_row][vc_column][vc_single_image image=&#8221;1945&#8243; img_size=&#8221;full&#8221; alignment=&#8221;center&#8221;][vc_empty_space][vc_column_text] Outro dos nossos servi\u00e7os especializados \u00e9 a montagem de PCBs com alta precis\u00e3o e qualidade, derivada da tecnologia automatizada de PCBA. Voc\u00ea pode confiar rapidamente seus pedidos \u00e0 nossa empresa para que possamos montar seus circuitos utilizando pe\u00e7as originais e de alta qualidade, com a mais recente tecnologia, alta precis\u00e3o e&hellip;","og_url":"https:\/\/highpcb.com\/pt-pt\/servicos\/montagem-de-pcb\/","og_site_name":"HIGHPCB","article_modified_time":"2025-01-12T09:05:18+00:00","og_image":[{"width":1200,"height":800,"url":"https:\/\/highpcb.com\/studio_ka7\/uploads\/2022\/10\/3-pcb-asembly-1401-8-1.jpg","type":"image\/jpeg"}],"twitter_card":"summary_large_image","twitter_misc":{"Tempo estimado de leitura":"8 minutos"},"schema":{"@context":"https:\/\/schema.org","@graph":[{"@type":"WebPage","@id":"https:\/\/highpcb.com\/pt-pt\/servicos\/montagem-de-pcb\/","url":"https:\/\/highpcb.com\/pt-pt\/servicos\/montagem-de-pcb\/","name":"MONTAGEM DE PCB - HIGHPCB","isPartOf":{"@id":"https:\/\/highpcb.com\/#website"},"primaryImageOfPage":{"@id":"https:\/\/highpcb.com\/pt-pt\/servicos\/montagem-de-pcb\/#primaryimage"},"image":{"@id":"https:\/\/highpcb.com\/pt-pt\/servicos\/montagem-de-pcb\/#primaryimage"},"thumbnailUrl":"https:\/\/highpcb.com\/studio_ka7\/uploads\/2025\/03\/main.jpg","datePublished":"2022-10-22T11:52:12+00:00","dateModified":"2025-01-12T09:05:18+00:00","breadcrumb":{"@id":"https:\/\/highpcb.com\/pt-pt\/servicos\/montagem-de-pcb\/#breadcrumb"},"inLanguage":"pt-PT","potentialAction":[{"@type":"ReadAction","target":["https:\/\/highpcb.com\/pt-pt\/servicos\/montagem-de-pcb\/"]}]},{"@type":"ImageObject","inLanguage":"pt-PT","@id":"https:\/\/highpcb.com\/pt-pt\/servicos\/montagem-de-pcb\/#primaryimage","url":"https:\/\/highpcb.com\/studio_ka7\/uploads\/2025\/03\/main.jpg","contentUrl":"https:\/\/highpcb.com\/studio_ka7\/uploads\/2025\/03\/main.jpg","width":1200,"height":300,"caption":"pcb assembly china | pcb assembly service china | pcb manufacturing and assembly china | best pcb assembly service | electronic board assembly | best pcb assembly in china | pcb board assembly companies in china | Pcb assembly china address | Pcb assembly china contact number | pcb assembly service | pcb assembly companies | pcb assembly manufacturer in china"},{"@type":"BreadcrumbList","@id":"https:\/\/highpcb.com\/pt-pt\/servicos\/montagem-de-pcb\/#breadcrumb","itemListElement":[{"@type":"ListItem","position":1,"name":"Home","item":"https:\/\/highpcb.com\/pt-pt\/"},{"@type":"ListItem","position":2,"name":"Servi\u00e7os","item":"https:\/\/highpcb.com\/pt-pt\/servicos\/"},{"@type":"ListItem","position":3,"name":"MONTAGEM DE PCB"}]},{"@type":"WebSite","@id":"https:\/\/highpcb.com\/#website","url":"https:\/\/highpcb.com\/","name":"HIGHPCB","description":"PCB Design, Fabrication, Assembly","potentialAction":[{"@type":"SearchAction","target":{"@type":"EntryPoint","urlTemplate":"https:\/\/highpcb.com\/?s={search_term_string}"},"query-input":{"@type":"PropertyValueSpecification","valueRequired":true,"valueName":"search_term_string"}}],"inLanguage":"pt-PT"}]}},"_links":{"self":[{"href":"https:\/\/highpcb.com\/pt-pt\/wp-json\/wp\/v2\/pages\/3581","targetHints":{"allow":["GET"]}}],"collection":[{"href":"https:\/\/highpcb.com\/pt-pt\/wp-json\/wp\/v2\/pages"}],"about":[{"href":"https:\/\/highpcb.com\/pt-pt\/wp-json\/wp\/v2\/types\/page"}],"author":[{"embeddable":true,"href":"https:\/\/highpcb.com\/pt-pt\/wp-json\/wp\/v2\/users\/1"}],"replies":[{"embeddable":true,"href":"https:\/\/highpcb.com\/pt-pt\/wp-json\/wp\/v2\/comments?post=3581"}],"version-history":[{"count":0,"href":"https:\/\/highpcb.com\/pt-pt\/wp-json\/wp\/v2\/pages\/3581\/revisions"}],"up":[{"embeddable":true,"href":"https:\/\/highpcb.com\/pt-pt\/wp-json\/wp\/v2\/pages\/3568"}],"wp:featuredmedia":[{"embeddable":true,"href":"https:\/\/highpcb.com\/pt-pt\/wp-json\/wp\/v2\/media\/3887"}],"wp:attachment":[{"href":"https:\/\/highpcb.com\/pt-pt\/wp-json\/wp\/v2\/media?parent=3581"}],"curies":[{"name":"wp","href":"https:\/\/api.w.org\/{rel}","templated":true}]}}