{"id":3578,"date":"2022-10-22T11:50:45","date_gmt":"2022-10-22T11:50:45","guid":{"rendered":"https:\/\/highpcb.com\/servicos\/fabricacao-de-pcb\/"},"modified":"2025-01-12T08:36:32","modified_gmt":"2025-01-12T08:36:32","slug":"fabricacao-de-pcb","status":"publish","type":"page","link":"https:\/\/highpcb.com\/pt-pt\/servicos\/fabricacao-de-pcb\/","title":{"rendered":"Fabrica\u00e7\u00e3o de PCB"},"content":{"rendered":"<p>[vc_row type=&#8221;vc_default&#8221;][vc_column css=&#8221;.vc_custom_1498229431694{padding-bottom: 50px !important;}&#8221;][vc_single_image image=&#8221;1943&#8243; img_size=&#8221;full&#8221; alignment=&#8221;center&#8221;][vc_empty_space]<div id=\"ultimate-heading-890669ea1c6906f2f\" class=\"uvc-heading ult-adjust-bottom-margin ultimate-heading-890669ea1c6906f2f uvc-3794 \" data-hspacer=\"no_spacer\"  data-halign=\"left\" style=\"text-align:left\"><div class=\"uvc-heading-spacer no_spacer\" style=\"top\"><\/div><div class=\"uvc-main-heading ult-responsive\"  data-ultimate-target='.uvc-heading.ultimate-heading-890669ea1c6906f2f h2'  data-responsive-json-new='{\"font-size\":\"desktop:26px;\",\"line-height\":\"desktop:32px;\"}' ><h2 style=\"font-weight:bold;margin-bottom:20px;\">Fabrica\u00e7\u00e3o de PCB<\/h2><\/div><\/div>[vc_column_text]<\/p>\n<p style=\"text-align: justify;\">Um dos nossos servi\u00e7os \u00fanicos e de alta qualidade \u00e9 a impress\u00e3o de PCBs multicamadas com excelente qualidade e alta precis\u00e3o, o que nos diferencia nesta ind\u00fastria.<\/p>\n<p>[\/vc_column_text][vc_empty_space]<div class=\"standard-number-list list-divider bullet-top\"><ol>\n<li>Produ\u00e7\u00e3o de PCBs com materiais: fibra (FR4), meia fibra (CEM), fenolite (XPC) e alum\u00ednio.\\<\/li>\n<li>Produ\u00e7\u00e3o de todos os tipos de PCBs: camada \u00fanica, dupla face metalizada e multicamada.<\/li>\n<li>Variedade nos acabamentos finais inclui: cobre anti-\u00f3xido, ar quente e banho de ouro.<\/li>\n<li>Variedade de cores de m\u00e1scara de solda inclui: verde, azul, vermelho, branco, preto e\u2026<\/li>\n<li>Tipos de corte final: CNC, V-cut e Punch.<\/li>\n<\/ol>\n<\/div>[vc_column_text]Categorias de produtos na fabrica\u00e7\u00e3o de PCBs:<\/p>\n<p>A HIGHPCB possui 18 tipos de produtos de fabrica\u00e7\u00e3o de PCBs.[\/vc_column_text][vc_single_image image=&#8221;2066&#8243; img_size=&#8221;full&#8221; alignment=&#8221;center&#8221;][vc_empty_space]<div class=\"standard-number-list list-divider bullet-top\"><ol>\n<li><strong>PCB Multicamadas:<\/strong> 1-40 camadas<\/li>\n<li><strong>PCB HDI:<\/strong> 4-24 camadas<\/li>\n<li><strong>Prot\u00f3tipo de PCB:<\/strong> 1-32 camadas<\/li>\n<li><strong>PCB de Alta Frequ\u00eancia:<\/strong> 1-40 camadas<\/li>\n<li><strong>PCB H\u00edbrido:<\/strong> 1-40 camadas<\/li>\n<li><strong>PCB Rogers:<\/strong> 1-40 camadas<\/li>\n<li><strong>PCBs R\u00edgido-Flex\u00edveis:<\/strong> 1-12 camadas<\/li>\n<li><strong>PCB de N\u00facleo Met\u00e1lico:<\/strong> 1-40 camadas<\/li>\n<li><strong>PCB para LED:<\/strong> 1-6 camadas<\/li>\n<li><strong>PCB com Dedo de Ouro:<\/strong> 1-32 camadas<\/li>\n<li><strong>Placas de Circuito RF:<\/strong> 1-32 camadas<\/li>\n<li><strong>PCB de Cer\u00e2mica<\/strong><\/li>\n<li><strong>PCB FR4:<\/strong> 1-32 camadas<\/li>\n<li><strong>Placas de Circuito RoHS<\/strong><\/li>\n<li><strong>PCB de Alta TG:<\/strong> 1-32 camadas<\/li>\n<li><strong>PCB de Alum\u00ednio:<\/strong> 1-6 camadas<\/li>\n<li><strong>PCB com Cobre Espesso:<\/strong> 1-16 camadas<\/li>\n<li><strong>PCB de Imped\u00e2ncia:<\/strong> 1-4 camadas<\/li>\n<\/ol>\n<\/div>[vc_column_text]<\/p>\n<p style=\"text-align: justify;\">Uma caracter\u00edstica que distingue a HIGHPCB de outros colegas ativos no campo da impress\u00e3o de PCBs \u00e9 o esfor\u00e7o da equipe HIGHPCB em implementar as regras de Design For Manufacturing (DFM) nos projetos de seus clientes. Ap\u00f3s receber o arquivo de design dos clientes, a equipe de engenharia da HIGHPCB analisa o arquivo, compara-o com os padr\u00f5es IPC e, caso haja alguma n\u00e3o conformidade com esses padr\u00f5es ou problemas de design, oferece consultoria gratuita aos clientes sobre essas quest\u00f5es<\/p>\n<p style=\"text-align: justify;\">Os fatores que influenciam o pre\u00e7o de um PCB s\u00e3o:<\/p>\n<p>[\/vc_column_text][vc_empty_space]<div class=\"standard-number-list list-divider bullet-top\"><ol>\n<li><strong>Tipo de corte<\/strong><\/li>\n<li><strong>N\u00famero e di\u00e2metro das vias<\/strong><\/li>\n<li><strong>Quantidade de PCBs (amostragem ou produ\u00e7\u00e3o em s\u00e9rie)<\/strong><\/li>\n<li><strong>Material da fibra da placa de circuito impresso<\/strong><\/li>\n<li><strong>N\u00famero de camadas<\/strong><\/li>\n<li><strong>Dimens\u00f5es da placa<\/strong><\/li>\n<li><strong>M\u00e1scara de solda<\/strong><\/li>\n<li><strong>Serigrafia (Silk Screen)<\/strong><\/li>\n<li><strong>M\u00ednima constante diel\u00e9trica<\/strong><\/li>\n<li><strong>Espessura m\u00ednima da trilha<\/strong><\/li>\n<\/ol>\n<\/div>[vc_column_text]<\/p>\n<p style=\"text-align: justify;\">Por fim, essa diversidade na tecnologia de fabrica\u00e7\u00e3o de PCBs garante que voc\u00ea pode confiar rapidamente e com confian\u00e7a o processo de fabrica\u00e7\u00e3o de PCBs a n\u00f3s.<\/p>\n<p>[\/vc_column_text][\/vc_column][\/vc_row][vc_row][vc_column][vc_column_text]<\/p>\n<h3>Tipos de fibras de circuitos impressos:<\/h3>\n<p>Os PCBs possuem trilhas de cobre para conectar os diversos orif\u00edcios dos componentes. Eles s\u00e3o projetados especificamente para cada circuito e s\u00e3o muito f\u00e1ceis de montar. No entanto, a fabrica\u00e7\u00e3o de PCBs exige ferramentas especiais. Os principais tipos de fibras de circuitos impressos incluem:<\/p>\n<ul>\n<li>PCBs de face \u00fanica<\/li>\n<li>PCBs de face dupla<\/li>\n<li>PCBs multicamadas<\/li>\n<li>PCBs r\u00edgidos<\/li>\n<li>PCBs flex\u00edveis<\/li>\n<li>PCBs r\u00edgido-flex\u00edveis<\/li>\n<\/ul>\n<p><img loading=\"lazy\" decoding=\"async\" class=\"aligncenter wp-image-2034 size-full\" src=\"https:\/\/highpcb.com\/studio_ka7\/uploads\/2022\/10\/rfrffrr.jpg\" alt=\"\" width=\"300\" height=\"311\" srcset=\"https:\/\/highpcb.com\/studio_ka7\/uploads\/2022\/10\/rfrffrr.jpg 300w, https:\/\/highpcb.com\/studio_ka7\/uploads\/2022\/10\/rfrffrr-289x300.jpg 289w\" sizes=\"auto, (max-width: 300px) 100vw, 300px\" \/><\/p>\n<h3>PCBs de Face Dupla<\/h3>\n<p style=\"text-align: justify;\">Este tipo de PCB \u00e9 muito mais utilizado do que as placas de face \u00fanica. Ambos os lados do substrato de fibra cont\u00eam camadas condutoras met\u00e1licas, e os elementos est\u00e3o conectados. Os orif\u00edcios do PCB, chamados de vias, permitem que os circuitos de um lado se conectem aos circuitos do outro.<\/p>\n<h3><img loading=\"lazy\" decoding=\"async\" class=\"aligncenter wp-image-2033 size-full\" src=\"https:\/\/highpcb.com\/studio_ka7\/uploads\/2022\/10\/qdewawf.jpg\" alt=\"\" width=\"1024\" height=\"528\" srcset=\"https:\/\/highpcb.com\/studio_ka7\/uploads\/2022\/10\/qdewawf.jpg 1024w, https:\/\/highpcb.com\/studio_ka7\/uploads\/2022\/10\/qdewawf-300x155.jpg 300w, https:\/\/highpcb.com\/studio_ka7\/uploads\/2022\/10\/qdewawf-768x396.jpg 768w\" sizes=\"auto, (max-width: 1024px) 100vw, 1024px\" \/><\/h3>\n<h3>PCB Multicamadas<\/h3>\n<p style=\"text-align: justify;\">Esses PCBs aumentam a densidade e a complexidade dos designs ao adicionar camadas adicionais al\u00e9m das camadas superior e inferior vistas em uma configura\u00e7\u00e3o de face dupla. Com a capacidade de acessar m\u00faltiplas camadas em configura\u00e7\u00f5es de placas de circuito impresso multicamadas, os PCBs multicamadas permitem que os designers criem designs muito espessos e altamente complexos.<\/p>\n<p style=\"text-align: justify;\">As camadas adicionais usadas nesse design s\u00e3o as placas de alimenta\u00e7\u00e3o, que fornecem energia ao circuito e reduzem os n\u00edveis de interfer\u00eancia eletromagn\u00e9tica (EMI) emitidos<\/p>\n<p style=\"text-align: justify;\">pelos designs. N\u00edveis mais baixos de EMI s\u00e3o alcan\u00e7ados ao posicionar os n\u00edveis de sinal no meio das placas de alimenta\u00e7\u00e3o.<\/p>\n<p><img loading=\"lazy\" decoding=\"async\" class=\"aligncenter wp-image-2031 size-full\" src=\"https:\/\/highpcb.com\/studio_ka7\/uploads\/2022\/10\/ewffew.jpg\" alt=\"\" width=\"363\" height=\"231\" srcset=\"https:\/\/highpcb.com\/studio_ka7\/uploads\/2022\/10\/ewffew.jpg 363w, https:\/\/highpcb.com\/studio_ka7\/uploads\/2022\/10\/ewffew-300x191.jpg 300w\" sizes=\"auto, (max-width: 363px) 100vw, 363px\" \/><\/p>\n<h3>PCB R\u00edgido<\/h3>\n<p style=\"text-align: justify;\">Al\u00e9m de possuir diferentes camadas e lados, as fibras de circuitos impressos tamb\u00e9m podem ter invariabilidade. Invariabilidade significa que a fibra do circuito impresso n\u00e3o \u00e9 flex\u00edvel. A maioria dos clientes geralmente imagina PCBs n\u00e3o flex\u00edveis quando pensa em um PCB. As placas de circuito impresso r\u00edgidas utilizam um material de substrato s\u00f3lido, como a fibra de vidro. A placa-m\u00e3e de um computador \u00e9 o melhor exemplo de um PCB n\u00e3o flex\u00edvel.<\/p>\n<p><img loading=\"lazy\" decoding=\"async\" class=\"aligncenter wp-image-2036 size-full\" src=\"https:\/\/highpcb.com\/studio_ka7\/uploads\/2022\/10\/wefsdbgr.jpg\" alt=\"\" width=\"812\" height=\"385\" srcset=\"https:\/\/highpcb.com\/studio_ka7\/uploads\/2022\/10\/wefsdbgr.jpg 812w, https:\/\/highpcb.com\/studio_ka7\/uploads\/2022\/10\/wefsdbgr-300x142.jpg 300w, https:\/\/highpcb.com\/studio_ka7\/uploads\/2022\/10\/wefsdbgr-768x364.jpg 768w\" sizes=\"auto, (max-width: 812px) 100vw, 812px\" \/><\/p>\n<h3>PCB Flex\u00edvel<\/h3>\n<p style=\"text-align: justify;\">De modo geral, \u00e9 feito de um pl\u00e1stico flex\u00edvel. Esse material principal permite que a placa seja dobrada em formas que as placas r\u00edgidas n\u00e3o conseguem, podendo girar ou se mover durante o uso sem danificar os circuitos na placa de circuito impresso. Embora as placas flex\u00edveis geralmente tenham um custo maior do que os PCBs r\u00edgidos, elas oferecem muitas vantagens. Por exemplo, podem lidar com fia\u00e7\u00f5es pesadas ou volumosas em equipamentos de ponta, como sat\u00e9lites e dispositivos de restaura\u00e7\u00e3o, onde peso e espa\u00e7o s\u00e3o fatores importantes. As placas flex\u00edveis tamb\u00e9m podem ser fornecidas em formatos de face \u00fanica, dupla face ou multicamada.<\/p>\n<h3><img loading=\"lazy\" decoding=\"async\" class=\"aligncenter wp-image-2032 size-full\" src=\"https:\/\/highpcb.com\/studio_ka7\/uploads\/2022\/10\/ewfsdfewewsd.jpg\" alt=\"\" width=\"572\" height=\"600\" srcset=\"https:\/\/highpcb.com\/studio_ka7\/uploads\/2022\/10\/ewfsdfewewsd.jpg 572w, https:\/\/highpcb.com\/studio_ka7\/uploads\/2022\/10\/ewfsdfewewsd-286x300.jpg 286w\" sizes=\"auto, (max-width: 572px) 100vw, 572px\" \/><\/h3>\n<h3><strong>PCB R\u00edgido-Flex\u00edvel<\/strong><\/h3>\n<p style=\"text-align: justify;\">Essas placas s\u00e3o uma combina\u00e7\u00e3o de placas r\u00edgidas e flex\u00edveis, sendo consideradas um dos tipos de fibras de circuito impresso mais amplamente utilizados na ind\u00fastria eletr\u00f4nica para tarefas mais complexas. Um PCB flex\u00edvel \u00e9 mais simples de montar do que um PCB r\u00edgido conectado a uma placa de circuito flex\u00edvel. Se solicitado no design, essas placas podem ter mais combina\u00e7\u00f5es, permitindo aproveitar todas as vantagens das placas r\u00edgidas e flex\u00edveis no tipo de fibras.<\/p>\n<p><img loading=\"lazy\" decoding=\"async\" class=\"aligncenter wp-image-2035 size-full\" src=\"https:\/\/highpcb.com\/studio_ka7\/uploads\/2022\/10\/t4erterg.jpg\" alt=\"\" width=\"800\" height=\"473\" srcset=\"https:\/\/highpcb.com\/studio_ka7\/uploads\/2022\/10\/t4erterg.jpg 800w, https:\/\/highpcb.com\/studio_ka7\/uploads\/2022\/10\/t4erterg-300x177.jpg 300w, https:\/\/highpcb.com\/studio_ka7\/uploads\/2022\/10\/t4erterg-768x454.jpg 768w\" sizes=\"auto, (max-width: 800px) 100vw, 800px\" \/>[\/vc_column_text][\/vc_column][\/vc_row]<\/p>\n","protected":false},"excerpt":{"rendered":"<p>[vc_row type=&#8221;vc_default&#8221;][vc_column css=&#8221;.vc_custom_1498229431694{padding-bottom: 50px !important;}&#8221;][vc_single_image image=&#8221;1943&#8243; img_size=&#8221;full&#8221; alignment=&#8221;center&#8221;][vc_empty_space][vc_column_text] Um dos nossos servi\u00e7os \u00fanicos e de alta qualidade \u00e9 a impress\u00e3o de PCBs multicamadas com excelente qualidade e alta precis\u00e3o, o que nos diferencia nesta ind\u00fastria. [\/vc_column_text][vc_empty_space][vc_column_text]Categorias de produtos na fabrica\u00e7\u00e3o de PCBs: A HIGHPCB possui 18 tipos de produtos de fabrica\u00e7\u00e3o de PCBs.[\/vc_column_text][vc_single_image image=&#8221;2066&#8243; img_size=&#8221;full&#8221;&hellip;<\/p>\n","protected":false},"author":1,"featured_media":3268,"parent":3568,"menu_order":0,"comment_status":"closed","ping_status":"closed","template":"","meta":{"footnotes":""},"class_list":["post-3578","page","type-page","status-publish","has-post-thumbnail","hentry","description-off"],"yoast_head":"<!-- This site is optimized with the Yoast SEO Premium plugin v21.7 (Yoast SEO v26.9) - https:\/\/yoast.com\/product\/yoast-seo-premium-wordpress\/ -->\n<title>Fabrica\u00e7\u00e3o de PCB - HIGHPCB<\/title>\n<meta name=\"robots\" content=\"index, follow, max-snippet:-1, max-image-preview:large, max-video-preview:-1\" \/>\n<link rel=\"canonical\" href=\"https:\/\/highpcb.com\/pt-pt\/servicos\/fabricacao-de-pcb\/\" \/>\n<meta property=\"og:locale\" content=\"pt_PT\" \/>\n<meta property=\"og:type\" content=\"article\" \/>\n<meta property=\"og:title\" content=\"Fabrica\u00e7\u00e3o de PCB\" \/>\n<meta property=\"og:description\" content=\"[vc_row type=&#8221;vc_default&#8221;][vc_column css=&#8221;.vc_custom_1498229431694{padding-bottom: 50px !important;}&#8221;][vc_single_image image=&#8221;1943&#8243; img_size=&#8221;full&#8221; alignment=&#8221;center&#8221;][vc_empty_space][vc_column_text] Um dos nossos servi\u00e7os \u00fanicos e de alta qualidade \u00e9 a impress\u00e3o de PCBs multicamadas com excelente qualidade e alta precis\u00e3o, o que nos diferencia nesta ind\u00fastria. [\/vc_column_text][vc_empty_space][vc_column_text]Categorias de produtos na fabrica\u00e7\u00e3o de PCBs: A HIGHPCB possui 18 tipos de produtos de fabrica\u00e7\u00e3o de PCBs.[\/vc_column_text][vc_single_image image=&#8221;2066&#8243; img_size=&#8221;full&#8221;&hellip;\" \/>\n<meta property=\"og:url\" content=\"https:\/\/highpcb.com\/pt-pt\/servicos\/fabricacao-de-pcb\/\" \/>\n<meta property=\"og:site_name\" content=\"HIGHPCB\" \/>\n<meta property=\"article:modified_time\" content=\"2025-01-12T08:36:32+00:00\" \/>\n<meta property=\"og:image\" content=\"https:\/\/highpcb.com\/studio_ka7\/uploads\/2022\/10\/2-pcb-fabrication-1401-8-1.jpg\" \/>\n\t<meta property=\"og:image:width\" content=\"1200\" \/>\n\t<meta property=\"og:image:height\" content=\"800\" \/>\n\t<meta property=\"og:image:type\" content=\"image\/jpeg\" \/>\n<meta name=\"twitter:card\" content=\"summary_large_image\" \/>\n<meta name=\"twitter:label1\" content=\"Tempo estimado de leitura\" \/>\n\t<meta name=\"twitter:data1\" content=\"6 minutos\" \/>\n<script type=\"application\/ld+json\" class=\"yoast-schema-graph\">{\"@context\":\"https:\/\/schema.org\",\"@graph\":[{\"@type\":\"WebPage\",\"@id\":\"https:\/\/highpcb.com\/pt-pt\/servicos\/fabricacao-de-pcb\/\",\"url\":\"https:\/\/highpcb.com\/pt-pt\/servicos\/fabricacao-de-pcb\/\",\"name\":\"Fabrica\u00e7\u00e3o de PCB - HIGHPCB\",\"isPartOf\":{\"@id\":\"https:\/\/highpcb.com\/#website\"},\"primaryImageOfPage\":{\"@id\":\"https:\/\/highpcb.com\/pt-pt\/servicos\/fabricacao-de-pcb\/#primaryimage\"},\"image\":{\"@id\":\"https:\/\/highpcb.com\/pt-pt\/servicos\/fabricacao-de-pcb\/#primaryimage\"},\"thumbnailUrl\":\"https:\/\/highpcb.com\/studio_ka7\/uploads\/2022\/10\/2-pcb-fabrication-1401-8-1.jpg\",\"datePublished\":\"2022-10-22T11:50:45+00:00\",\"dateModified\":\"2025-01-12T08:36:32+00:00\",\"breadcrumb\":{\"@id\":\"https:\/\/highpcb.com\/pt-pt\/servicos\/fabricacao-de-pcb\/#breadcrumb\"},\"inLanguage\":\"pt-PT\",\"potentialAction\":[{\"@type\":\"ReadAction\",\"target\":[\"https:\/\/highpcb.com\/pt-pt\/servicos\/fabricacao-de-pcb\/\"]}]},{\"@type\":\"ImageObject\",\"inLanguage\":\"pt-PT\",\"@id\":\"https:\/\/highpcb.com\/pt-pt\/servicos\/fabricacao-de-pcb\/#primaryimage\",\"url\":\"https:\/\/highpcb.com\/studio_ka7\/uploads\/2022\/10\/2-pcb-fabrication-1401-8-1.jpg\",\"contentUrl\":\"https:\/\/highpcb.com\/studio_ka7\/uploads\/2022\/10\/2-pcb-fabrication-1401-8-1.jpg\",\"width\":1200,\"height\":800},{\"@type\":\"BreadcrumbList\",\"@id\":\"https:\/\/highpcb.com\/pt-pt\/servicos\/fabricacao-de-pcb\/#breadcrumb\",\"itemListElement\":[{\"@type\":\"ListItem\",\"position\":1,\"name\":\"Home\",\"item\":\"https:\/\/highpcb.com\/pt-pt\/\"},{\"@type\":\"ListItem\",\"position\":2,\"name\":\"Servi\u00e7os\",\"item\":\"https:\/\/highpcb.com\/pt-pt\/servicos\/\"},{\"@type\":\"ListItem\",\"position\":3,\"name\":\"Fabrica\u00e7\u00e3o de PCB\"}]},{\"@type\":\"WebSite\",\"@id\":\"https:\/\/highpcb.com\/#website\",\"url\":\"https:\/\/highpcb.com\/\",\"name\":\"HIGHPCB\",\"description\":\"PCB Design, Fabrication, Assembly\",\"potentialAction\":[{\"@type\":\"SearchAction\",\"target\":{\"@type\":\"EntryPoint\",\"urlTemplate\":\"https:\/\/highpcb.com\/?s={search_term_string}\"},\"query-input\":{\"@type\":\"PropertyValueSpecification\",\"valueRequired\":true,\"valueName\":\"search_term_string\"}}],\"inLanguage\":\"pt-PT\"}]}<\/script>\n<!-- \/ Yoast SEO Premium plugin. -->","yoast_head_json":{"title":"Fabrica\u00e7\u00e3o de PCB - HIGHPCB","robots":{"index":"index","follow":"follow","max-snippet":"max-snippet:-1","max-image-preview":"max-image-preview:large","max-video-preview":"max-video-preview:-1"},"canonical":"https:\/\/highpcb.com\/pt-pt\/servicos\/fabricacao-de-pcb\/","og_locale":"pt_PT","og_type":"article","og_title":"Fabrica\u00e7\u00e3o de PCB","og_description":"[vc_row type=&#8221;vc_default&#8221;][vc_column css=&#8221;.vc_custom_1498229431694{padding-bottom: 50px !important;}&#8221;][vc_single_image image=&#8221;1943&#8243; img_size=&#8221;full&#8221; alignment=&#8221;center&#8221;][vc_empty_space][vc_column_text] Um dos nossos servi\u00e7os \u00fanicos e de alta qualidade \u00e9 a impress\u00e3o de PCBs multicamadas com excelente qualidade e alta precis\u00e3o, o que nos diferencia nesta ind\u00fastria. [\/vc_column_text][vc_empty_space][vc_column_text]Categorias de produtos na fabrica\u00e7\u00e3o de PCBs: A HIGHPCB possui 18 tipos de produtos de fabrica\u00e7\u00e3o de PCBs.[\/vc_column_text][vc_single_image image=&#8221;2066&#8243; img_size=&#8221;full&#8221;&hellip;","og_url":"https:\/\/highpcb.com\/pt-pt\/servicos\/fabricacao-de-pcb\/","og_site_name":"HIGHPCB","article_modified_time":"2025-01-12T08:36:32+00:00","og_image":[{"width":1200,"height":800,"url":"https:\/\/highpcb.com\/studio_ka7\/uploads\/2022\/10\/2-pcb-fabrication-1401-8-1.jpg","type":"image\/jpeg"}],"twitter_card":"summary_large_image","twitter_misc":{"Tempo estimado de leitura":"6 minutos"},"schema":{"@context":"https:\/\/schema.org","@graph":[{"@type":"WebPage","@id":"https:\/\/highpcb.com\/pt-pt\/servicos\/fabricacao-de-pcb\/","url":"https:\/\/highpcb.com\/pt-pt\/servicos\/fabricacao-de-pcb\/","name":"Fabrica\u00e7\u00e3o de PCB - HIGHPCB","isPartOf":{"@id":"https:\/\/highpcb.com\/#website"},"primaryImageOfPage":{"@id":"https:\/\/highpcb.com\/pt-pt\/servicos\/fabricacao-de-pcb\/#primaryimage"},"image":{"@id":"https:\/\/highpcb.com\/pt-pt\/servicos\/fabricacao-de-pcb\/#primaryimage"},"thumbnailUrl":"https:\/\/highpcb.com\/studio_ka7\/uploads\/2022\/10\/2-pcb-fabrication-1401-8-1.jpg","datePublished":"2022-10-22T11:50:45+00:00","dateModified":"2025-01-12T08:36:32+00:00","breadcrumb":{"@id":"https:\/\/highpcb.com\/pt-pt\/servicos\/fabricacao-de-pcb\/#breadcrumb"},"inLanguage":"pt-PT","potentialAction":[{"@type":"ReadAction","target":["https:\/\/highpcb.com\/pt-pt\/servicos\/fabricacao-de-pcb\/"]}]},{"@type":"ImageObject","inLanguage":"pt-PT","@id":"https:\/\/highpcb.com\/pt-pt\/servicos\/fabricacao-de-pcb\/#primaryimage","url":"https:\/\/highpcb.com\/studio_ka7\/uploads\/2022\/10\/2-pcb-fabrication-1401-8-1.jpg","contentUrl":"https:\/\/highpcb.com\/studio_ka7\/uploads\/2022\/10\/2-pcb-fabrication-1401-8-1.jpg","width":1200,"height":800},{"@type":"BreadcrumbList","@id":"https:\/\/highpcb.com\/pt-pt\/servicos\/fabricacao-de-pcb\/#breadcrumb","itemListElement":[{"@type":"ListItem","position":1,"name":"Home","item":"https:\/\/highpcb.com\/pt-pt\/"},{"@type":"ListItem","position":2,"name":"Servi\u00e7os","item":"https:\/\/highpcb.com\/pt-pt\/servicos\/"},{"@type":"ListItem","position":3,"name":"Fabrica\u00e7\u00e3o de PCB"}]},{"@type":"WebSite","@id":"https:\/\/highpcb.com\/#website","url":"https:\/\/highpcb.com\/","name":"HIGHPCB","description":"PCB Design, Fabrication, Assembly","potentialAction":[{"@type":"SearchAction","target":{"@type":"EntryPoint","urlTemplate":"https:\/\/highpcb.com\/?s={search_term_string}"},"query-input":{"@type":"PropertyValueSpecification","valueRequired":true,"valueName":"search_term_string"}}],"inLanguage":"pt-PT"}]}},"_links":{"self":[{"href":"https:\/\/highpcb.com\/pt-pt\/wp-json\/wp\/v2\/pages\/3578","targetHints":{"allow":["GET"]}}],"collection":[{"href":"https:\/\/highpcb.com\/pt-pt\/wp-json\/wp\/v2\/pages"}],"about":[{"href":"https:\/\/highpcb.com\/pt-pt\/wp-json\/wp\/v2\/types\/page"}],"author":[{"embeddable":true,"href":"https:\/\/highpcb.com\/pt-pt\/wp-json\/wp\/v2\/users\/1"}],"replies":[{"embeddable":true,"href":"https:\/\/highpcb.com\/pt-pt\/wp-json\/wp\/v2\/comments?post=3578"}],"version-history":[{"count":0,"href":"https:\/\/highpcb.com\/pt-pt\/wp-json\/wp\/v2\/pages\/3578\/revisions"}],"up":[{"embeddable":true,"href":"https:\/\/highpcb.com\/pt-pt\/wp-json\/wp\/v2\/pages\/3568"}],"wp:featuredmedia":[{"embeddable":true,"href":"https:\/\/highpcb.com\/pt-pt\/wp-json\/wp\/v2\/media\/3268"}],"wp:attachment":[{"href":"https:\/\/highpcb.com\/pt-pt\/wp-json\/wp\/v2\/media?parent=3578"}],"curies":[{"name":"wp","href":"https:\/\/api.w.org\/{rel}","templated":true}]}}