{"id":3568,"date":"2016-01-29T10:13:23","date_gmt":"2016-01-29T10:13:23","guid":{"rendered":"https:\/\/highpcb.com\/servicos\/"},"modified":"2025-01-11T11:14:05","modified_gmt":"2025-01-11T11:14:05","slug":"servicos","status":"publish","type":"page","link":"https:\/\/highpcb.com\/pt-pt\/servicos\/","title":{"rendered":"Servi\u00e7os"},"content":{"rendered":"<p>[vc_row type=&#8221;vc_default&#8221;][vc_column width=&#8221;1\/2&#8243; css=&#8221;.vc_custom_1498211177630{padding-bottom: 50px !important;}&#8221;]<style type=\"text\/css\" data-type=\"the7_shortcodes-inline-css\">.shortcode-single-image-wrap.shortcode-single-image-e605b990ee6efe4ca29a6ae4d2de1dfe.enable-bg-rollover .rollover i,\n.shortcode-single-image-wrap.shortcode-single-image-e605b990ee6efe4ca29a6ae4d2de1dfe.enable-bg-rollover .rollover-video i {\n  background: -webkit-linear-gradient();\n  background: linear-gradient();\n}\n.shortcode-single-image-wrap.shortcode-single-image-e605b990ee6efe4ca29a6ae4d2de1dfe .rollover-icon {\n  font-size: 32px;\n  color: #ffffff;\n  min-width: 44px;\n  min-height: 44px;\n  line-height: 44px;\n  border-radius: 100px;\n  border-style: solid;\n  border-width: 0px;\n}\n.dt-icon-bg-on.shortcode-single-image-wrap.shortcode-single-image-e605b990ee6efe4ca29a6ae4d2de1dfe .rollover-icon {\n  background: rgba(255,255,255,0.3);\n  box-shadow: none;\n}\n<\/style><div class=\"shortcode-single-image-wrap shortcode-single-image-e605b990ee6efe4ca29a6ae4d2de1dfe alignnone  vc_custom_1666518142954 enable-bg-rollover dt-icon-bg-off\" ><div class=\"shortcode-single-image\"><div class=\"fancy-media-wrap\" style=\"border-radius:500px;\"><a href=\"https:\/\/highpcb.com\/services\/pcb-design\/\" class=\" layzr-bg rollover\" style=\"border-radius:500px;\" aria-label=\"Image\"><img loading=\"lazy\" decoding=\"async\" class=\"preload-me lazy-load\" src=\"data:image\/svg+xml,%3Csvg%20xmlns%3D&#39;http%3A%2F%2Fwww.w3.org%2F2000%2Fsvg&#39;%20viewBox%3D&#39;0%200%20220%20220&#39;%2F%3E\" data-src=\"https:\/\/highpcb.com\/studio_ka7\/uploads\/2022\/10\/1-pcb-design-banner-1401-8-1-220x220.jpg\" data-srcset=\"https:\/\/highpcb.com\/studio_ka7\/uploads\/2022\/10\/1-pcb-design-banner-1401-8-1-220x220.jpg 220w, https:\/\/highpcb.com\/studio_ka7\/uploads\/2022\/10\/1-pcb-design-banner-1401-8-1-440x440.jpg 440w\" width=\"220\" height=\"220\"  data-dt-location=\"https:\/\/highpcb.com\/pt-pt\/services\/pcb-assembly\/1-pcb-design-banner-1401-8-1\/\" alt=\"\" \/><\/a><\/div><\/div><\/div><span id=\"creative-link-wrap-4082\" class=\"ult_main_cl ult-adjust-bottom-margin  \" >\n\t \t\t\t<span class=\"  ult_crlink\" >\n\t\t\t\t\t<a  data-ultimate-target='#creative-link-wrap-4082 .ult_colorlink'  data-responsive-json-new='{\"font-size\":\"desktop:26px;\",\"line-height\":\"desktop:32px;\"}'  href=\"#\"  class=\"ult_colorlink ult-responsive  vc_custom_1736593879722\" style=\"font-family:Open Sans Condensed;font-weight:700; \"  data-textcolor=\"#1f365c\" data-texthover=\"#ffb536\"data-style=\"\">\n\t\t\t\t\t\t\n\t\t\t\t\t\t<span data-hover=\"PROJETO DE PCB\" style=\"color:#1f365c;;;\" class=\"ult_btn10_span   \">PROJETO DE PCB<\/span>\n\t\t\t\t\t\t\n\t\t\t\t\t<\/a>\n\t\t\t\t<\/span>\n\t\t\t<\/span>[vc_column_text css=&#8221;.vc_custom_1736593897883{margin-top: -40px !important;}&#8221;]<\/p>\n<p style=\"text-align: center;\">Um dos servi\u00e7os essenciais de uma empresa HIGHPCB \u00e9 a impress\u00e3o personalizada de PCB. Com a ajuda do conhecimento da sua equipa de jovens engenheiros e do uso de tecnologia moderna,<\/p>\n<p>[\/vc_column_text][\/vc_column][vc_column width=&#8221;1\/2&#8243; css=&#8221;.vc_custom_1498211173058{padding-bottom: 50px !important;}&#8221;]<style type=\"text\/css\" data-type=\"the7_shortcodes-inline-css\">.shortcode-single-image-wrap.shortcode-single-image-13132e3b32ae26be0d54cf9c63520647.enable-bg-rollover .rollover i,\n.shortcode-single-image-wrap.shortcode-single-image-13132e3b32ae26be0d54cf9c63520647.enable-bg-rollover .rollover-video i {\n  background: -webkit-linear-gradient();\n  background: linear-gradient();\n}\n.shortcode-single-image-wrap.shortcode-single-image-13132e3b32ae26be0d54cf9c63520647 .rollover-icon {\n  font-size: 32px;\n  color: #ffffff;\n  min-width: 44px;\n  min-height: 44px;\n  line-height: 44px;\n  border-radius: 100px;\n  border-style: solid;\n  border-width: 0px;\n}\n.dt-icon-bg-on.shortcode-single-image-wrap.shortcode-single-image-13132e3b32ae26be0d54cf9c63520647 .rollover-icon {\n  background: rgba(255,255,255,0.3);\n  box-shadow: none;\n}\n<\/style><div class=\"shortcode-single-image-wrap shortcode-single-image-13132e3b32ae26be0d54cf9c63520647 alignnone  vc_custom_1666518170096 enable-bg-rollover dt-icon-bg-off\" ><div class=\"shortcode-single-image\"><div class=\"fancy-media-wrap\" style=\"border-radius:500px;\"><a href=\"https:\/\/highpcb.com\/services\/pcb-fabrication\/\" class=\" layzr-bg rollover\" style=\"border-radius:500px;\" aria-label=\"Image\"><img loading=\"lazy\" decoding=\"async\" class=\"preload-me lazy-load\" src=\"data:image\/svg+xml,%3Csvg%20xmlns%3D&#39;http%3A%2F%2Fwww.w3.org%2F2000%2Fsvg&#39;%20viewBox%3D&#39;0%200%20220%20220&#39;%2F%3E\" data-src=\"https:\/\/highpcb.com\/studio_ka7\/uploads\/2022\/10\/2-pcb-fabrication-banner-1401-8-1-220x220.jpg\" data-srcset=\"https:\/\/highpcb.com\/studio_ka7\/uploads\/2022\/10\/2-pcb-fabrication-banner-1401-8-1-220x220.jpg 220w, https:\/\/highpcb.com\/studio_ka7\/uploads\/2022\/10\/2-pcb-fabrication-banner-1401-8-1-440x440.jpg 440w\" width=\"220\" height=\"220\"  data-dt-location=\"https:\/\/highpcb.com\/pt-pt\/services\/pcb-assembly\/2-pcb-fabrication-banner-1401-8-1\/\" alt=\"\" \/><\/a><\/div><\/div><\/div><span id=\"creative-link-wrap-1730\" class=\"ult_main_cl ult-adjust-bottom-margin  \" >\n\t \t\t\t<span class=\"  ult_crlink\" >\n\t\t\t\t\t<a  data-ultimate-target='#creative-link-wrap-1730 .ult_colorlink'  data-responsive-json-new='{\"font-size\":\"desktop:26px;\",\"line-height\":\"desktop:32px;\"}'  href=\"#\"  class=\"ult_colorlink ult-responsive  vc_custom_1736593912765\" style=\"font-family:Open Sans Condensed;font-weight:700; \"  data-textcolor=\"#1f365c\" data-texthover=\"#ffb536\"data-style=\"\">\n\t\t\t\t\t\t\n\t\t\t\t\t\t<span data-hover=\"FABRICA\u00c7\u00c3O DE PCB\" style=\"color:#1f365c;;;\" class=\"ult_btn10_span   \">FABRICA\u00c7\u00c3O DE PCB<\/span>\n\t\t\t\t\t\t\n\t\t\t\t\t<\/a>\n\t\t\t\t<\/span>\n\t\t\t<\/span>[vc_column_text css=&#8221;.vc_custom_1736593924125{margin-top: -40px !important;}&#8221;]<\/p>\n<p style=\"text-align: center;\">Um dos nossos servi\u00e7os \u00fanicos e de elevada qualidade \u00e9 a impress\u00e3o com excelente qualidade e elevada precis\u00e3o, PCB multicamadas, o que nos distingue nesta ind\u00fastria.<\/p>\n<p>[\/vc_column_text][\/vc_column][\/vc_row][vc_row type=&#8221;vc_default&#8221; css=&#8221;.vc_custom_1498212582492{padding-bottom: 20px !important;}&#8221;][vc_column width=&#8221;1\/2&#8243; css=&#8221;.vc_custom_1498211177630{padding-bottom: 50px !important;}&#8221;]<style type=\"text\/css\" data-type=\"the7_shortcodes-inline-css\">.shortcode-single-image-wrap.shortcode-single-image-2ca5f07dfe6cdb2d063a0babeb10144b.enable-bg-rollover .rollover i,\n.shortcode-single-image-wrap.shortcode-single-image-2ca5f07dfe6cdb2d063a0babeb10144b.enable-bg-rollover .rollover-video i {\n  background: -webkit-linear-gradient();\n  background: linear-gradient();\n}\n.shortcode-single-image-wrap.shortcode-single-image-2ca5f07dfe6cdb2d063a0babeb10144b .rollover-icon {\n  font-size: 32px;\n  color: #ffffff;\n  min-width: 44px;\n  min-height: 44px;\n  line-height: 44px;\n  border-radius: 100px;\n  border-style: solid;\n  border-width: 0px;\n}\n.dt-icon-bg-on.shortcode-single-image-wrap.shortcode-single-image-2ca5f07dfe6cdb2d063a0babeb10144b .rollover-icon {\n  background: rgba(255,255,255,0.3);\n  box-shadow: none;\n}\n<\/style><div class=\"shortcode-single-image-wrap shortcode-single-image-2ca5f07dfe6cdb2d063a0babeb10144b alignnone  vc_custom_1666518182480 enable-bg-rollover dt-icon-bg-off\" ><div class=\"shortcode-single-image\"><div class=\"fancy-media-wrap\" style=\"border-radius:500px;\"><a href=\"https:\/\/highpcb.com\/services\/pcb-assembly\/\" class=\" layzr-bg rollover\" style=\"border-radius:500px;\" aria-label=\"Image\"><img loading=\"lazy\" decoding=\"async\" class=\"preload-me lazy-load\" src=\"data:image\/svg+xml,%3Csvg%20xmlns%3D&#39;http%3A%2F%2Fwww.w3.org%2F2000%2Fsvg&#39;%20viewBox%3D&#39;0%200%20220%20220&#39;%2F%3E\" data-src=\"https:\/\/highpcb.com\/studio_ka7\/uploads\/2022\/10\/3-pcb-asembly-banner-1401-8-1-220x220.jpg\" data-srcset=\"https:\/\/highpcb.com\/studio_ka7\/uploads\/2022\/10\/3-pcb-asembly-banner-1401-8-1-220x220.jpg 220w, https:\/\/highpcb.com\/studio_ka7\/uploads\/2022\/10\/3-pcb-asembly-banner-1401-8-1-440x440.jpg 440w\" width=\"220\" height=\"220\"  data-dt-location=\"https:\/\/highpcb.com\/pt-pt\/services\/pcb-assembly\/3-pcb-asembly-banner-1401-8-1\/\" alt=\"\" \/><\/a><\/div><\/div><\/div><span id=\"creative-link-wrap-1962\" class=\"ult_main_cl ult-adjust-bottom-margin  \" >\n\t \t\t\t<span class=\"  ult_crlink\" >\n\t\t\t\t\t<a  data-ultimate-target='#creative-link-wrap-1962 .ult_colorlink'  data-responsive-json-new='{\"font-size\":\"desktop:26px;\",\"line-height\":\"desktop:32px;\"}'  href=\"#\"  class=\"ult_colorlink ult-responsive  vc_custom_1736593940196\" style=\"font-family:Open Sans Condensed;font-weight:700; \"  data-textcolor=\"#213962\" data-texthover=\"#ffb536\"data-style=\"\">\n\t\t\t\t\t\t\n\t\t\t\t\t\t<span data-hover=\"MONTAGEM DE PCB\" style=\"color:#213962;;;\" class=\"ult_btn10_span   \">MONTAGEM DE PCB<\/span>\n\t\t\t\t\t\t\n\t\t\t\t\t<\/a>\n\t\t\t\t<\/span>\n\t\t\t<\/span>[vc_column_text css=&#8221;.vc_custom_1736593949925{margin-top: -40px !important;}&#8221;]<\/p>\n<p style=\"text-align: center;\">Outro dos nossos servi\u00e7os especializados \u00e9 a montagem de placas de circuito impresso com elevada precis\u00e3o e qualidade derivada da tecnologia automatizada PCBA\u2026<\/p>\n<p>[\/vc_column_text][\/vc_column][vc_column width=&#8221;1\/2&#8243; css=&#8221;.vc_custom_1498211173058{padding-bottom: 50px !important;}&#8221;]<style type=\"text\/css\" data-type=\"the7_shortcodes-inline-css\">.shortcode-single-image-wrap.shortcode-single-image-a0dea2f8d8d0b5245048844004c6f265.enable-bg-rollover .rollover i,\n.shortcode-single-image-wrap.shortcode-single-image-a0dea2f8d8d0b5245048844004c6f265.enable-bg-rollover .rollover-video i {\n  background: -webkit-linear-gradient();\n  background: linear-gradient();\n}\n.shortcode-single-image-wrap.shortcode-single-image-a0dea2f8d8d0b5245048844004c6f265 .rollover-icon {\n  font-size: 32px;\n  color: #ffffff;\n  min-width: 44px;\n  min-height: 44px;\n  line-height: 44px;\n  border-radius: 100px;\n  border-style: solid;\n  border-width: 0px;\n}\n.dt-icon-bg-on.shortcode-single-image-wrap.shortcode-single-image-a0dea2f8d8d0b5245048844004c6f265 .rollover-icon {\n  background: rgba(255,255,255,0.3);\n  box-shadow: none;\n}\n<\/style><div class=\"shortcode-single-image-wrap shortcode-single-image-a0dea2f8d8d0b5245048844004c6f265 alignnone  vc_custom_1666518196936 enable-bg-rollover dt-icon-bg-off\" ><div class=\"shortcode-single-image\"><div class=\"fancy-media-wrap\" style=\"border-radius:500px;\"><a href=\"https:\/\/highpcb.com\/services\/supply-of-electronic-parts\/\" class=\" layzr-bg rollover\" style=\"border-radius:500px;\" aria-label=\"Image\"><img loading=\"lazy\" decoding=\"async\" class=\"preload-me lazy-load\" src=\"data:image\/svg+xml,%3Csvg%20xmlns%3D&#39;http%3A%2F%2Fwww.w3.org%2F2000%2Fsvg&#39;%20viewBox%3D&#39;0%200%20220%20220&#39;%2F%3E\" data-src=\"https:\/\/highpcb.com\/studio_ka7\/uploads\/2022\/10\/4-Supply-of-electronic-parts-banner-1401-8-1-220x220.jpg\" data-srcset=\"https:\/\/highpcb.com\/studio_ka7\/uploads\/2022\/10\/4-Supply-of-electronic-parts-banner-1401-8-1-220x220.jpg 220w, https:\/\/highpcb.com\/studio_ka7\/uploads\/2022\/10\/4-Supply-of-electronic-parts-banner-1401-8-1-440x440.jpg 440w\" width=\"220\" height=\"220\"  data-dt-location=\"https:\/\/highpcb.com\/pt-pt\/services\/pcb-assembly\/4-supply-of-electronic-parts-banner-1401-8-1\/\" alt=\"\" \/><\/a><\/div><\/div><\/div><span id=\"creative-link-wrap-5341\" class=\"ult_main_cl ult-adjust-bottom-margin  \" >\n\t \t\t\t<span class=\"  ult_crlink\" >\n\t\t\t\t\t<a  data-ultimate-target='#creative-link-wrap-5341 .ult_colorlink'  data-responsive-json-new='{\"font-size\":\"desktop:26px;\",\"line-height\":\"desktop:32px;\"}'  href=\"#\"  class=\"ult_colorlink ult-responsive  vc_custom_1736593962891\" style=\"font-family:Open Sans Condensed;font-weight:700; \"  data-textcolor=\"#1f365c\" data-texthover=\"#ff9f1a\"data-style=\"\">\n\t\t\t\t\t\t\n\t\t\t\t\t\t<span data-hover=\"FORNECIMENTO DE PE\u00c7AS ELETR\u00d3NICAS\" style=\"color:#1f365c;;;\" class=\"ult_btn10_span   \">FORNECIMENTO DE PE\u00c7AS ELETR\u00d3NICAS<\/span>\n\t\t\t\t\t\t\n\t\t\t\t\t<\/a>\n\t\t\t\t<\/span>\n\t\t\t<\/span>[vc_column_text css=&#8221;.vc_custom_1736593975783{margin-top: -40px !important;}&#8221;]<\/p>\n<p style=\"text-align: center;\">De acordo com os tr\u00eas servi\u00e7os referidos, a empresa <strong>HIGHPCB<\/strong>, com 20 anos de hist\u00f3ria, pode fornecer produtos eletr\u00f3nicos de alta qualidade\u2026<\/p>\n<p>[\/vc_column_text][\/vc_column][\/vc_row][vc_row bg_type=&#8221;bg_color&#8221; bg_override=&#8221;ex-full&#8221; type=&#8221;vc_default&#8221; css=&#8221;.vc_custom_1498212491956{padding-top: 60px !important;padding-bottom: 70px !important;}&#8221; bg_color_value=&#8221;#f5f5f5&#8243;][vc_column]<div id=\"ultimate-heading-476969ef1c3612181\" class=\"uvc-heading ult-adjust-bottom-margin ultimate-heading-476969ef1c3612181 uvc-4133 color-title accent-title-color\" data-hspacer=\"no_spacer\"  data-halign=\"center\" style=\"text-align:center\"><div class=\"uvc-heading-spacer no_spacer\" style=\"top\"><\/div><div class=\"uvc-main-heading ult-responsive\"  data-ultimate-target='.uvc-heading.ultimate-heading-476969ef1c3612181 h2'  data-responsive-json-new='{\"font-size\":\"desktop:40px;tablet_portrait:20px;\",\"line-height\":\"desktop:46px;tablet_portrait:26px;\"}' ><h2 style=\"font-family:&#039;Open Sans Condensed&#039;;font-weight:700;margin-bottom:10px;\">Despacha-te! Contacte-nos hoje e obtenha<\/h2><\/div><div class=\"uvc-sub-heading ult-responsive\"  data-ultimate-target='.uvc-heading.ultimate-heading-476969ef1c3612181 .uvc-sub-heading '  data-responsive-json-new='{\"font-size\":\"desktop:70px;tablet_portrait:40px;\",\"line-height\":\"desktop:76px;tablet_portrait:46px;\"}'  style=\"font-family:&#039;Open Sans Condensed&#039;;font-weight:700;\">PRIMEIRA CONSULTA GRATUITA<\/div><\/div><style type=\"text\/css\" data-type=\"the7_shortcodes-inline-css\">#default-btn-af021ea35a13af6d9115b59bd7e53247.ico-right-side > i {\n  margin-right: 0px;\n  margin-left: 8px;\n}\n#default-btn-af021ea35a13af6d9115b59bd7e53247 > i {\n  margin-right: 8px;\n}\n<\/style><div class=\"btn-align-center\"><a href=\"#\" class=\"default-btn-shortcode dt-btn dt-btn-l link-hover-off  vc_custom_1736594033112\" id=\"default-btn-af021ea35a13af6d9115b59bd7e53247\" style=\"width:400px;\"><span>MARQUE A SUA CONSULTA<\/span><\/a><\/div>[\/vc_column][\/vc_row]<\/p>\n","protected":false},"excerpt":{"rendered":"<p>[vc_row type=&#8221;vc_default&#8221;][vc_column width=&#8221;1\/2&#8243; css=&#8221;.vc_custom_1498211177630{padding-bottom: 50px !important;}&#8221;][vc_column_text css=&#8221;.vc_custom_1736593897883{margin-top: -40px !important;}&#8221;] Um dos servi\u00e7os essenciais de uma empresa HIGHPCB \u00e9 a impress\u00e3o personalizada de PCB. Com a ajuda do conhecimento da sua equipa de jovens engenheiros e do uso de tecnologia moderna, [\/vc_column_text][\/vc_column][vc_column width=&#8221;1\/2&#8243; css=&#8221;.vc_custom_1498211173058{padding-bottom: 50px !important;}&#8221;][vc_column_text css=&#8221;.vc_custom_1736593924125{margin-top: -40px !important;}&#8221;] Um dos nossos servi\u00e7os \u00fanicos e de&hellip;<\/p>\n","protected":false},"author":1,"featured_media":0,"parent":0,"menu_order":300,"comment_status":"closed","ping_status":"closed","template":"","meta":{"footnotes":""},"class_list":["post-3568","page","type-page","status-publish","hentry","description-off"],"yoast_head":"<!-- This site is optimized with the Yoast SEO Premium plugin v21.7 (Yoast SEO v26.9) - https:\/\/yoast.com\/product\/yoast-seo-premium-wordpress\/ -->\n<title>Servi\u00e7os - HIGHPCB<\/title>\n<meta name=\"robots\" content=\"index, follow, max-snippet:-1, max-image-preview:large, max-video-preview:-1\" \/>\n<link rel=\"canonical\" href=\"https:\/\/highpcb.com\/pt-pt\/servicos\/\" \/>\n<meta property=\"og:locale\" content=\"pt_PT\" \/>\n<meta property=\"og:type\" content=\"article\" \/>\n<meta property=\"og:title\" content=\"Servi\u00e7os\" \/>\n<meta property=\"og:description\" content=\"[vc_row type=&#8221;vc_default&#8221;][vc_column width=&#8221;1\/2&#8243; css=&#8221;.vc_custom_1498211177630{padding-bottom: 50px !important;}&#8221;][vc_column_text css=&#8221;.vc_custom_1736593897883{margin-top: -40px !important;}&#8221;] Um dos servi\u00e7os essenciais de uma empresa HIGHPCB \u00e9 a impress\u00e3o personalizada de PCB. Com a ajuda do conhecimento da sua equipa de jovens engenheiros e do uso de tecnologia moderna, [\/vc_column_text][\/vc_column][vc_column width=&#8221;1\/2&#8243; css=&#8221;.vc_custom_1498211173058{padding-bottom: 50px !important;}&#8221;][vc_column_text css=&#8221;.vc_custom_1736593924125{margin-top: -40px !important;}&#8221;] Um dos nossos servi\u00e7os \u00fanicos e de&hellip;\" \/>\n<meta property=\"og:url\" content=\"https:\/\/highpcb.com\/pt-pt\/servicos\/\" \/>\n<meta property=\"og:site_name\" content=\"HIGHPCB\" \/>\n<meta property=\"article:modified_time\" content=\"2025-01-11T11:14:05+00:00\" \/>\n<meta name=\"twitter:card\" content=\"summary_large_image\" \/>\n<meta name=\"twitter:label1\" content=\"Tempo estimado de leitura\" \/>\n\t<meta name=\"twitter:data1\" content=\"3 minutos\" \/>\n<script type=\"application\/ld+json\" class=\"yoast-schema-graph\">{\"@context\":\"https:\/\/schema.org\",\"@graph\":[{\"@type\":\"WebPage\",\"@id\":\"https:\/\/highpcb.com\/pt-pt\/servicos\/\",\"url\":\"https:\/\/highpcb.com\/pt-pt\/servicos\/\",\"name\":\"Servi\u00e7os - HIGHPCB\",\"isPartOf\":{\"@id\":\"https:\/\/highpcb.com\/#website\"},\"datePublished\":\"2016-01-29T10:13:23+00:00\",\"dateModified\":\"2025-01-11T11:14:05+00:00\",\"breadcrumb\":{\"@id\":\"https:\/\/highpcb.com\/pt-pt\/servicos\/#breadcrumb\"},\"inLanguage\":\"pt-PT\",\"potentialAction\":[{\"@type\":\"ReadAction\",\"target\":[\"https:\/\/highpcb.com\/pt-pt\/servicos\/\"]}]},{\"@type\":\"BreadcrumbList\",\"@id\":\"https:\/\/highpcb.com\/pt-pt\/servicos\/#breadcrumb\",\"itemListElement\":[{\"@type\":\"ListItem\",\"position\":1,\"name\":\"Home\",\"item\":\"https:\/\/highpcb.com\/pt-pt\/\"},{\"@type\":\"ListItem\",\"position\":2,\"name\":\"Servi\u00e7os\"}]},{\"@type\":\"WebSite\",\"@id\":\"https:\/\/highpcb.com\/#website\",\"url\":\"https:\/\/highpcb.com\/\",\"name\":\"HIGHPCB\",\"description\":\"PCB Design, Fabrication, Assembly\",\"potentialAction\":[{\"@type\":\"SearchAction\",\"target\":{\"@type\":\"EntryPoint\",\"urlTemplate\":\"https:\/\/highpcb.com\/?s={search_term_string}\"},\"query-input\":{\"@type\":\"PropertyValueSpecification\",\"valueRequired\":true,\"valueName\":\"search_term_string\"}}],\"inLanguage\":\"pt-PT\"}]}<\/script>\n<!-- \/ Yoast SEO Premium plugin. -->","yoast_head_json":{"title":"Servi\u00e7os - HIGHPCB","robots":{"index":"index","follow":"follow","max-snippet":"max-snippet:-1","max-image-preview":"max-image-preview:large","max-video-preview":"max-video-preview:-1"},"canonical":"https:\/\/highpcb.com\/pt-pt\/servicos\/","og_locale":"pt_PT","og_type":"article","og_title":"Servi\u00e7os","og_description":"[vc_row type=&#8221;vc_default&#8221;][vc_column width=&#8221;1\/2&#8243; css=&#8221;.vc_custom_1498211177630{padding-bottom: 50px !important;}&#8221;][vc_column_text css=&#8221;.vc_custom_1736593897883{margin-top: -40px !important;}&#8221;] Um dos servi\u00e7os essenciais de uma empresa HIGHPCB \u00e9 a impress\u00e3o personalizada de PCB. Com a ajuda do conhecimento da sua equipa de jovens engenheiros e do uso de tecnologia moderna, [\/vc_column_text][\/vc_column][vc_column width=&#8221;1\/2&#8243; css=&#8221;.vc_custom_1498211173058{padding-bottom: 50px !important;}&#8221;][vc_column_text css=&#8221;.vc_custom_1736593924125{margin-top: -40px !important;}&#8221;] Um dos nossos servi\u00e7os \u00fanicos e de&hellip;","og_url":"https:\/\/highpcb.com\/pt-pt\/servicos\/","og_site_name":"HIGHPCB","article_modified_time":"2025-01-11T11:14:05+00:00","twitter_card":"summary_large_image","twitter_misc":{"Tempo estimado de leitura":"3 minutos"},"schema":{"@context":"https:\/\/schema.org","@graph":[{"@type":"WebPage","@id":"https:\/\/highpcb.com\/pt-pt\/servicos\/","url":"https:\/\/highpcb.com\/pt-pt\/servicos\/","name":"Servi\u00e7os - HIGHPCB","isPartOf":{"@id":"https:\/\/highpcb.com\/#website"},"datePublished":"2016-01-29T10:13:23+00:00","dateModified":"2025-01-11T11:14:05+00:00","breadcrumb":{"@id":"https:\/\/highpcb.com\/pt-pt\/servicos\/#breadcrumb"},"inLanguage":"pt-PT","potentialAction":[{"@type":"ReadAction","target":["https:\/\/highpcb.com\/pt-pt\/servicos\/"]}]},{"@type":"BreadcrumbList","@id":"https:\/\/highpcb.com\/pt-pt\/servicos\/#breadcrumb","itemListElement":[{"@type":"ListItem","position":1,"name":"Home","item":"https:\/\/highpcb.com\/pt-pt\/"},{"@type":"ListItem","position":2,"name":"Servi\u00e7os"}]},{"@type":"WebSite","@id":"https:\/\/highpcb.com\/#website","url":"https:\/\/highpcb.com\/","name":"HIGHPCB","description":"PCB Design, Fabrication, Assembly","potentialAction":[{"@type":"SearchAction","target":{"@type":"EntryPoint","urlTemplate":"https:\/\/highpcb.com\/?s={search_term_string}"},"query-input":{"@type":"PropertyValueSpecification","valueRequired":true,"valueName":"search_term_string"}}],"inLanguage":"pt-PT"}]}},"_links":{"self":[{"href":"https:\/\/highpcb.com\/pt-pt\/wp-json\/wp\/v2\/pages\/3568","targetHints":{"allow":["GET"]}}],"collection":[{"href":"https:\/\/highpcb.com\/pt-pt\/wp-json\/wp\/v2\/pages"}],"about":[{"href":"https:\/\/highpcb.com\/pt-pt\/wp-json\/wp\/v2\/types\/page"}],"author":[{"embeddable":true,"href":"https:\/\/highpcb.com\/pt-pt\/wp-json\/wp\/v2\/users\/1"}],"replies":[{"embeddable":true,"href":"https:\/\/highpcb.com\/pt-pt\/wp-json\/wp\/v2\/comments?post=3568"}],"version-history":[{"count":0,"href":"https:\/\/highpcb.com\/pt-pt\/wp-json\/wp\/v2\/pages\/3568\/revisions"}],"wp:attachment":[{"href":"https:\/\/highpcb.com\/pt-pt\/wp-json\/wp\/v2\/media?parent=3568"}],"curies":[{"name":"wp","href":"https:\/\/api.w.org\/{rel}","templated":true}]}}