{"id":4441,"date":"2022-10-22T11:00:58","date_gmt":"2022-10-22T11:00:58","guid":{"rendered":"https:\/\/highpcb.com\/anwendung\/energie\/"},"modified":"2025-05-18T10:34:01","modified_gmt":"2025-05-18T10:34:01","slug":"energie","status":"publish","type":"page","link":"https:\/\/highpcb.com\/de\/anwendung\/energie\/","title":{"rendered":"Energie"},"content":{"rendered":"<p style=\"text-align: justify;\"><img loading=\"lazy\" decoding=\"async\" class=\"wp-image-1967 size-full aligncenter\" src=\"https:\/\/highpcb.com\/studio_ka7\/uploads\/2022\/10\/4-energy-1401-8-2.jpg\" alt=\"\" width=\"1200\" height=\"800\" srcset=\"https:\/\/highpcb.com\/studio_ka7\/uploads\/2022\/10\/4-energy-1401-8-2.jpg 1200w, https:\/\/highpcb.com\/studio_ka7\/uploads\/2022\/10\/4-energy-1401-8-2-300x200.jpg 300w, https:\/\/highpcb.com\/studio_ka7\/uploads\/2022\/10\/4-energy-1401-8-2-1024x683.jpg 1024w, https:\/\/highpcb.com\/studio_ka7\/uploads\/2022\/10\/4-energy-1401-8-2-768x512.jpg 768w\" sizes=\"auto, (max-width: 1200px) 100vw, 1200px\" \/><\/p>\n<h3 style=\"text-align: justify;\">Energie-Harvesting-Leiterplatten: Fertigungs- und Best\u00fcckungskompetenzen<\/h3>\n<p style=\"text-align: justify;\"><strong>Energie-Harvesting<\/strong> ist eine Technologie, die <strong>Umgebungsenergiequellen<\/strong> wie Licht, W\u00e4rme und Vibrationen in <strong>elektrische Energie<\/strong> umwandelt. Diese Technologie gewinnt zunehmend an Bedeutung in <strong>drahtlosen Sensornetzwerken, tragbaren Ger\u00e4ten und Smart Buildings<\/strong>.<\/p>\n<p style=\"text-align: justify;\"><strong>Energie-Harvesting-Leiterplatten<\/strong> sind ein essenzieller Bestandteil solcher Systeme und spielen eine <strong>entscheidende Rolle<\/strong> bei der Umwandlung von Umgebungsenergie in nutzbare elektrische Leistung. In diesem Artikel betrachten wir die <strong>verschiedenen Arten von Energie-Harvesting-Leiterplatten<\/strong> und die <strong>Fertigungs- und Best\u00fcckungskompetenzen<\/strong> unseres Unternehmens.<\/p>\n<h3 style=\"text-align: justify;\">Arten von Energie-Harvesting-Leiterplatten<\/h3>\n<p style=\"text-align: justify;\">Es gibt verschiedene <strong>spezialisierte Energie-Harvesting-Leiterplatten<\/strong>, die jeweils f\u00fcr bestimmte Anwendungen konzipiert sind:<\/p>\n<p style=\"text-align: justify;\">\u2714 <strong>Solar-Harvesting-Leiterplatten<\/strong><\/p>\n<ul style=\"text-align: justify;\">\n<li>Wandeln <strong>Sonnenenergie<\/strong> in <strong>elektrische Energie<\/strong> um.<\/li>\n<li>Enthalten eine <strong>Photovoltaik-(PV)-Zelle<\/strong>, die <strong>Sonnenlicht in elektrischen Strom<\/strong> umwandelt.<\/li>\n<\/ul>\n<p style=\"text-align: justify;\">\u2714 <strong>Thermische Energie-Harvesting-Leiterplatten<\/strong><\/p>\n<ul style=\"text-align: justify;\">\n<li>Wandeln <strong>W\u00e4rmeenergie<\/strong> in <strong>elektrische Energie<\/strong> um.<\/li>\n<li>Nutzen einen <strong>thermoelektrischen Generator (TEG)<\/strong>, der <strong>Temperaturdifferenzen<\/strong> in elektrischen Strom umsetzt.<\/li>\n<\/ul>\n<p style=\"text-align: justify;\">\u2714 <strong>Vibrations-Harvesting-Leiterplatten<\/strong><\/p>\n<ul style=\"text-align: justify;\">\n<li>Wandeln <strong>mechanische Energie<\/strong> in <strong>elektrische Energie<\/strong> um.<\/li>\n<li>Enthalten <strong>piezoelektrische Materialien<\/strong>, die beim <strong>mechanischen Verformen elektrischen Strom<\/strong> erzeugen.<\/li>\n<\/ul>\n<h3 style=\"text-align: justify;\">Fertigungs- und Best\u00fcckungskompetenzen<\/h3>\n<p style=\"text-align: justify;\">Unser Unternehmen verf\u00fcgt \u00fcber umfassende Erfahrung in der <strong>Entwicklung, Fertigung und Best\u00fcckung<\/strong> von <strong>Energie-Harvesting-Leiterplatten<\/strong>. Unser <strong>hochqualifiziertes Team<\/strong> arbeitet eng mit Kunden zusammen, um <strong>ma\u00dfgeschneiderte L\u00f6sungen<\/strong> zu entwickeln.<\/p>\n<p style=\"text-align: justify;\">\ud83d\udd39 <strong>Unsere zentralen Fertigungskompetenzen:<\/strong><\/p>\n<p style=\"text-align: justify;\">\u2705 <strong>Einsatz modernster Materialien<\/strong><\/p>\n<ul style=\"text-align: justify;\">\n<li>Verwendung von <strong>flexiblen Leiterplatten, Starrflex-Leiterplatten und High-Density Interconnect (HDI)-Boards<\/strong><\/li>\n<li>Entwicklung <strong>robuster, langlebiger und kompakter L\u00f6sungen<\/strong> f\u00fcr Energie-Harvesting-Anwendungen<\/li>\n<\/ul>\n<p style=\"text-align: justify;\">\u2705 <strong>Miniaturisierung<\/strong><\/p>\n<ul style=\"text-align: justify;\">\n<li>Spezialisiert auf <strong>Miniaturisierung<\/strong>, um <strong>ultrakompakte Energie-Harvesting-PCBs<\/strong> f\u00fcr tragbare und mobile Ger\u00e4te zu entwickeln<\/li>\n<\/ul>\n<p style=\"text-align: justify;\">\u2705 <strong>Strenge Tests &amp; Qualit\u00e4tskontrolle<\/strong><\/p>\n<ul style=\"text-align: justify;\">\n<li>Einsatz modernster <strong>Testger\u00e4te &amp; Pr\u00fcfverfahren<\/strong>, um h\u00f6chste <strong>Qualit\u00e4ts- &amp; Zuverl\u00e4ssigkeitsstandards<\/strong> zu gew\u00e4hrleisten<\/li>\n<li>Alle Leiterplatten durchlaufen eine <strong>gr\u00fcndliche Pr\u00fcfung<\/strong>, bevor sie an Kunden ausgeliefert werden<\/li>\n<\/ul>\n<p style=\"text-align: justify;\">\u2705 <strong>Beschaffung hochwertiger Materialien<\/strong><\/p>\n<ul style=\"text-align: justify;\">\n<li>Langj\u00e4hrige Partnerschaften mit <strong>f\u00fchrenden Lieferanten f\u00fcr Energie-Harvesting-Komponenten<\/strong><\/li>\n<li>Direkter Zugriff auf hochwertige <strong>PV-Zellen, TEGs und piezoelektrische Materialien<\/strong> zu <strong>wettbewerbsf\u00e4higen Preisen<\/strong><\/li>\n<\/ul>\n<h3 style=\"text-align: justify;\">Fazit<\/h3>\n<p style=\"text-align: justify;\"><strong>Energie-Harvesting<\/strong> ist eine schnell wachsende Technologie mit dem Potenzial, die <strong>Stromversorgung mobiler Ger\u00e4te zu revolutionieren<\/strong>. Energie-Harvesting-Leiterplatten sind das <strong>Herzst\u00fcck dieser Technologie<\/strong>, da sie <strong>Umgebungsenergie in nutzbaren Strom umwandeln<\/strong>.<\/p>\n<p style=\"text-align: justify;\">Unser Unternehmen verf\u00fcgt \u00fcber <strong>umfangreiche Erfahrung<\/strong> in der <strong>Entwicklung, Fertigung und Best\u00fcckung<\/strong> solcher Leiterplatten. Unser Team aus <strong>hochqualifizierten Designern und Technikern<\/strong> entwickelt <strong>ma\u00dfgeschneiderte L\u00f6sungen<\/strong>, die exakt auf die Anforderungen unserer Kunden abgestimmt sind.<\/p>\n<p style=\"text-align: justify;\"><strong>Suchen Sie einen zuverl\u00e4ssigen Partner f\u00fcr Ihre Energie-Harvesting-Leiterplatten?<\/strong><br \/>\n<strong>Kontaktieren Sie uns noch heute und erfahren Sie mehr \u00fcber unsere ma\u00dfgeschneiderten L\u00f6sungen!<\/strong><\/p>\n","protected":false},"excerpt":{"rendered":"<p>Energie-Harvesting-Leiterplatten: Fertigungs- und Best\u00fcckungskompetenzen Energie-Harvesting ist eine Technologie, die Umgebungsenergiequellen wie Licht, W\u00e4rme und Vibrationen in elektrische Energie umwandelt. Diese Technologie gewinnt zunehmend an Bedeutung in drahtlosen Sensornetzwerken, tragbaren Ger\u00e4ten und Smart Buildings. Energie-Harvesting-Leiterplatten sind ein essenzieller Bestandteil solcher Systeme und spielen eine entscheidende Rolle bei der Umwandlung von Umgebungsenergie in nutzbare elektrische Leistung. In&hellip;<\/p>\n","protected":false},"author":1,"featured_media":0,"parent":4416,"menu_order":0,"comment_status":"closed","ping_status":"closed","template":"","meta":{"footnotes":""},"class_list":["post-4441","page","type-page","status-publish","hentry","description-off"],"yoast_head":"<!-- This site is optimized with the Yoast SEO Premium plugin v21.7 (Yoast SEO v26.9) - https:\/\/yoast.com\/product\/yoast-seo-premium-wordpress\/ -->\n<title>Energie - HIGHPCB<\/title>\n<meta name=\"robots\" content=\"index, follow, max-snippet:-1, max-image-preview:large, max-video-preview:-1\" \/>\n<link rel=\"canonical\" href=\"https:\/\/highpcb.com\/de\/anwendung\/energie\/\" \/>\n<meta property=\"og:locale\" content=\"de_DE\" \/>\n<meta property=\"og:type\" content=\"article\" \/>\n<meta property=\"og:title\" content=\"Energie\" \/>\n<meta property=\"og:description\" content=\"Energie-Harvesting-Leiterplatten: Fertigungs- und Best\u00fcckungskompetenzen Energie-Harvesting ist eine Technologie, die Umgebungsenergiequellen wie Licht, W\u00e4rme und Vibrationen in elektrische Energie umwandelt. Diese Technologie gewinnt zunehmend an Bedeutung in drahtlosen Sensornetzwerken, tragbaren Ger\u00e4ten und Smart Buildings. Energie-Harvesting-Leiterplatten sind ein essenzieller Bestandteil solcher Systeme und spielen eine entscheidende Rolle bei der Umwandlung von Umgebungsenergie in nutzbare elektrische Leistung. In&hellip;\" \/>\n<meta property=\"og:url\" content=\"https:\/\/highpcb.com\/de\/anwendung\/energie\/\" \/>\n<meta property=\"og:site_name\" content=\"HIGHPCB\" \/>\n<meta property=\"article:modified_time\" content=\"2025-05-18T10:34:01+00:00\" \/>\n<meta property=\"og:image\" content=\"https:\/\/highpcb.com\/studio_ka7\/uploads\/2022\/10\/4-energy-1401-8-2.jpg\" \/>\n<meta name=\"twitter:card\" content=\"summary_large_image\" \/>\n<meta name=\"twitter:label1\" content=\"Gesch\u00e4tzte Lesezeit\" \/>\n\t<meta name=\"twitter:data1\" content=\"2\u00a0Minuten\" \/>\n<script type=\"application\/ld+json\" class=\"yoast-schema-graph\">{\"@context\":\"https:\/\/schema.org\",\"@graph\":[{\"@type\":\"WebPage\",\"@id\":\"https:\/\/highpcb.com\/de\/anwendung\/energie\/\",\"url\":\"https:\/\/highpcb.com\/de\/anwendung\/energie\/\",\"name\":\"Energie - HIGHPCB\",\"isPartOf\":{\"@id\":\"https:\/\/highpcb.com\/#website\"},\"primaryImageOfPage\":{\"@id\":\"https:\/\/highpcb.com\/de\/anwendung\/energie\/#primaryimage\"},\"image\":{\"@id\":\"https:\/\/highpcb.com\/de\/anwendung\/energie\/#primaryimage\"},\"thumbnailUrl\":\"https:\/\/highpcb.com\/studio_ka7\/uploads\/2022\/10\/4-energy-1401-8-2.jpg\",\"datePublished\":\"2022-10-22T11:00:58+00:00\",\"dateModified\":\"2025-05-18T10:34:01+00:00\",\"breadcrumb\":{\"@id\":\"https:\/\/highpcb.com\/de\/anwendung\/energie\/#breadcrumb\"},\"inLanguage\":\"de\",\"potentialAction\":[{\"@type\":\"ReadAction\",\"target\":[\"https:\/\/highpcb.com\/de\/anwendung\/energie\/\"]}]},{\"@type\":\"ImageObject\",\"inLanguage\":\"de\",\"@id\":\"https:\/\/highpcb.com\/de\/anwendung\/energie\/#primaryimage\",\"url\":\"https:\/\/highpcb.com\/studio_ka7\/uploads\/2022\/10\/4-energy-1401-8-2.jpg\",\"contentUrl\":\"https:\/\/highpcb.com\/studio_ka7\/uploads\/2022\/10\/4-energy-1401-8-2.jpg\"},{\"@type\":\"BreadcrumbList\",\"@id\":\"https:\/\/highpcb.com\/de\/anwendung\/energie\/#breadcrumb\",\"itemListElement\":[{\"@type\":\"ListItem\",\"position\":1,\"name\":\"Home\",\"item\":\"https:\/\/highpcb.com\/de\/\"},{\"@type\":\"ListItem\",\"position\":2,\"name\":\"Anwendung\",\"item\":\"https:\/\/highpcb.com\/de\/anwendung\/\"},{\"@type\":\"ListItem\",\"position\":3,\"name\":\"Energie\"}]},{\"@type\":\"WebSite\",\"@id\":\"https:\/\/highpcb.com\/#website\",\"url\":\"https:\/\/highpcb.com\/\",\"name\":\"HIGHPCB\",\"description\":\"PCB Design, Fabrication, Assembly\",\"potentialAction\":[{\"@type\":\"SearchAction\",\"target\":{\"@type\":\"EntryPoint\",\"urlTemplate\":\"https:\/\/highpcb.com\/?s={search_term_string}\"},\"query-input\":{\"@type\":\"PropertyValueSpecification\",\"valueRequired\":true,\"valueName\":\"search_term_string\"}}],\"inLanguage\":\"de\"}]}<\/script>\n<!-- \/ Yoast SEO Premium plugin. -->","yoast_head_json":{"title":"Energie - HIGHPCB","robots":{"index":"index","follow":"follow","max-snippet":"max-snippet:-1","max-image-preview":"max-image-preview:large","max-video-preview":"max-video-preview:-1"},"canonical":"https:\/\/highpcb.com\/de\/anwendung\/energie\/","og_locale":"de_DE","og_type":"article","og_title":"Energie","og_description":"Energie-Harvesting-Leiterplatten: Fertigungs- und Best\u00fcckungskompetenzen Energie-Harvesting ist eine Technologie, die Umgebungsenergiequellen wie Licht, W\u00e4rme und Vibrationen in elektrische Energie umwandelt. Diese Technologie gewinnt zunehmend an Bedeutung in drahtlosen Sensornetzwerken, tragbaren Ger\u00e4ten und Smart Buildings. Energie-Harvesting-Leiterplatten sind ein essenzieller Bestandteil solcher Systeme und spielen eine entscheidende Rolle bei der Umwandlung von Umgebungsenergie in nutzbare elektrische Leistung. In&hellip;","og_url":"https:\/\/highpcb.com\/de\/anwendung\/energie\/","og_site_name":"HIGHPCB","article_modified_time":"2025-05-18T10:34:01+00:00","og_image":[{"url":"https:\/\/highpcb.com\/studio_ka7\/uploads\/2022\/10\/4-energy-1401-8-2.jpg","type":"","width":"","height":""}],"twitter_card":"summary_large_image","twitter_misc":{"Gesch\u00e4tzte Lesezeit":"2\u00a0Minuten"},"schema":{"@context":"https:\/\/schema.org","@graph":[{"@type":"WebPage","@id":"https:\/\/highpcb.com\/de\/anwendung\/energie\/","url":"https:\/\/highpcb.com\/de\/anwendung\/energie\/","name":"Energie - HIGHPCB","isPartOf":{"@id":"https:\/\/highpcb.com\/#website"},"primaryImageOfPage":{"@id":"https:\/\/highpcb.com\/de\/anwendung\/energie\/#primaryimage"},"image":{"@id":"https:\/\/highpcb.com\/de\/anwendung\/energie\/#primaryimage"},"thumbnailUrl":"https:\/\/highpcb.com\/studio_ka7\/uploads\/2022\/10\/4-energy-1401-8-2.jpg","datePublished":"2022-10-22T11:00:58+00:00","dateModified":"2025-05-18T10:34:01+00:00","breadcrumb":{"@id":"https:\/\/highpcb.com\/de\/anwendung\/energie\/#breadcrumb"},"inLanguage":"de","potentialAction":[{"@type":"ReadAction","target":["https:\/\/highpcb.com\/de\/anwendung\/energie\/"]}]},{"@type":"ImageObject","inLanguage":"de","@id":"https:\/\/highpcb.com\/de\/anwendung\/energie\/#primaryimage","url":"https:\/\/highpcb.com\/studio_ka7\/uploads\/2022\/10\/4-energy-1401-8-2.jpg","contentUrl":"https:\/\/highpcb.com\/studio_ka7\/uploads\/2022\/10\/4-energy-1401-8-2.jpg"},{"@type":"BreadcrumbList","@id":"https:\/\/highpcb.com\/de\/anwendung\/energie\/#breadcrumb","itemListElement":[{"@type":"ListItem","position":1,"name":"Home","item":"https:\/\/highpcb.com\/de\/"},{"@type":"ListItem","position":2,"name":"Anwendung","item":"https:\/\/highpcb.com\/de\/anwendung\/"},{"@type":"ListItem","position":3,"name":"Energie"}]},{"@type":"WebSite","@id":"https:\/\/highpcb.com\/#website","url":"https:\/\/highpcb.com\/","name":"HIGHPCB","description":"PCB Design, Fabrication, Assembly","potentialAction":[{"@type":"SearchAction","target":{"@type":"EntryPoint","urlTemplate":"https:\/\/highpcb.com\/?s={search_term_string}"},"query-input":{"@type":"PropertyValueSpecification","valueRequired":true,"valueName":"search_term_string"}}],"inLanguage":"de"}]}},"_links":{"self":[{"href":"https:\/\/highpcb.com\/de\/wp-json\/wp\/v2\/pages\/4441","targetHints":{"allow":["GET"]}}],"collection":[{"href":"https:\/\/highpcb.com\/de\/wp-json\/wp\/v2\/pages"}],"about":[{"href":"https:\/\/highpcb.com\/de\/wp-json\/wp\/v2\/types\/page"}],"author":[{"embeddable":true,"href":"https:\/\/highpcb.com\/de\/wp-json\/wp\/v2\/users\/1"}],"replies":[{"embeddable":true,"href":"https:\/\/highpcb.com\/de\/wp-json\/wp\/v2\/comments?post=4441"}],"version-history":[{"count":0,"href":"https:\/\/highpcb.com\/de\/wp-json\/wp\/v2\/pages\/4441\/revisions"}],"up":[{"embeddable":true,"href":"https:\/\/highpcb.com\/de\/wp-json\/wp\/v2\/pages\/4416"}],"wp:attachment":[{"href":"https:\/\/highpcb.com\/de\/wp-json\/wp\/v2\/media?parent=4441"}],"curies":[{"name":"wp","href":"https:\/\/api.w.org\/{rel}","templated":true}]}}