{"id":4414,"date":"2022-10-22T11:53:03","date_gmt":"2022-10-22T11:53:03","guid":{"rendered":"https:\/\/highpcb.com\/dienstleistungen\/lieferung-von-elektronischen-teilen\/"},"modified":"2025-05-18T07:54:14","modified_gmt":"2025-05-18T07:54:14","slug":"lieferung-von-elektronischen-teilen","status":"publish","type":"page","link":"https:\/\/highpcb.com\/de\/dienstleistungen\/lieferung-von-elektronischen-teilen\/","title":{"rendered":"LIEFERUNG VON ELEKTRONISCHEN TEILEN"},"content":{"rendered":"<p style=\"text-align: justify;\"><img loading=\"lazy\" decoding=\"async\" class=\"wp-image-1947 size-full aligncenter\" src=\"https:\/\/highpcb.com\/studio_ka7\/uploads\/2022\/10\/4-Supply-of-electronic-parts-1401-8-1.jpg\" alt=\"\" width=\"1200\" height=\"800\" srcset=\"https:\/\/highpcb.com\/studio_ka7\/uploads\/2022\/10\/4-Supply-of-electronic-parts-1401-8-1.jpg 1200w, https:\/\/highpcb.com\/studio_ka7\/uploads\/2022\/10\/4-Supply-of-electronic-parts-1401-8-1-300x200.jpg 300w, https:\/\/highpcb.com\/studio_ka7\/uploads\/2022\/10\/4-Supply-of-electronic-parts-1401-8-1-1024x683.jpg 1024w, https:\/\/highpcb.com\/studio_ka7\/uploads\/2022\/10\/4-Supply-of-electronic-parts-1401-8-1-768x512.jpg 768w\" sizes=\"auto, (max-width: 1200px) 100vw, 1200px\" \/><\/p>\n<p style=\"text-align: justify;\"><strong>HIGHPCB: Ihr zuverl\u00e4ssiger Partner f\u00fcr elektronische und telekommunikationstechnische Bauteile<\/strong><\/p>\n<p style=\"text-align: justify;\">Basierend auf den drei genannten Dienstleistungen kann <strong>HIGHPCB<\/strong> mit <strong>10 Jahren Erfahrung<\/strong> hochwertige <strong>elektronische und telekommunikationstechnische Bauteile<\/strong> zu <strong>wettbewerbsf\u00e4higen Preisen weltweit<\/strong> liefern.<\/p>\n<p style=\"text-align: justify;\">Vielleicht machen Sie sich Sorgen um die <strong>Beschaffung von originalen und hochwertigen Bauteilen<\/strong> f\u00fcr Ihre PCB-Best\u00fcckung? Dank seiner <strong>langj\u00e4hrigen Erfahrung<\/strong> und <strong>starken Lieferkapazit\u00e4ten<\/strong> f\u00fcr elektronische Komponenten kann <strong>HIGHPCB<\/strong> diese Sorgen ausr\u00e4umen. Wir bieten einen <strong>zuverl\u00e4ssigen und transparenten Prozess<\/strong> \u2013 von <strong>PCB-Design, PCB-Fertigung, der Beschaffung elektronischer Bauteile<\/strong> bis hin zur <strong>Best\u00fcckung mit h\u00f6chster Qualit\u00e4t und Pr\u00e4zision<\/strong>.<\/p>\n<h3 style=\"text-align: justify;\"><strong>Anwendungsbereiche der PCB-Entwicklung, Fertigung und Best\u00fcckung durch HIGHPCB:<\/strong><\/h3>\n<ul style=\"text-align: justify;\">\n<li><strong>Medizinische Anwendungen:<\/strong><\/li>\n<\/ul>\n<ul style=\"text-align: justify;\">\n<li style=\"list-style-type: none;\">\n<ul>\n<li>CT-Scanner-PCB<\/li>\n<li>Endoskopie-Bildgebungssysteme<\/li>\n<li>H\u00e4matologie-Analyse-PCB<\/li>\n<li>Beatmungsger\u00e4t-PCB<\/li>\n<\/ul>\n<\/li>\n<\/ul>\n<ul style=\"text-align: justify;\">\n<li><strong>Fahrzeugelektronik:<\/strong><\/li>\n<\/ul>\n<ul style=\"text-align: justify;\">\n<li style=\"list-style-type: none;\">\n<ul>\n<li>T\u00fcrsteuerung<\/li>\n<li>Fahrersitzsteuerung<\/li>\n<li>Keyless-Entry-Steuerger\u00e4t (ECU)<\/li>\n<li>Daten\u00fcbertragungssysteme f\u00fcr Autos<\/li>\n<li>Lautsprechersteuerung<\/li>\n<li>Bordcomputer<\/li>\n<li>Armaturenbrett<\/li>\n<li>Motorsteuerger\u00e4t (ECU)<\/li>\n<\/ul>\n<\/li>\n<\/ul>\n<ul style=\"text-align: justify;\">\n<li><strong>Smart-Home-Anwendungen:<\/strong><\/li>\n<\/ul>\n<ul style=\"text-align: justify;\">\n<li style=\"list-style-type: none;\">\n<ul>\n<li>Klimaanlagen<\/li>\n<li>Audio- und Videosysteme<\/li>\n<li>Beleuchtungssysteme<\/li>\n<li>Haushaltsger\u00e4te<\/li>\n<li>Stromsteuerung<\/li>\n<li>Saugroboter<\/li>\n<li>Sicherheitssysteme<\/li>\n<\/ul>\n<\/li>\n<\/ul>\n<ul style=\"text-align: justify;\">\n<li><strong>Industrielle Steuerungen:<\/strong><\/li>\n<\/ul>\n<ul style=\"text-align: justify;\">\n<li style=\"list-style-type: none;\">\n<ul>\n<li>Messinstrumente<\/li>\n<li>Industrielle Steuerger\u00e4te<\/li>\n<li>PCBA f\u00fcr Herzschrittmacher<\/li>\n<li>PCBA f\u00fcr industrielle Maschinen<\/li>\n<li>Ladestationen f\u00fcr Elektrofahrzeuge<\/li>\n<li>Hochleistungstransformatoren<\/li>\n<\/ul>\n<\/li>\n<\/ul>\n<h3 style=\"text-align: justify;\"><strong>HIGHPCB: Ein erfahrener und zuverl\u00e4ssiger Lieferant f\u00fcr elektronische Bauteile<\/strong><\/h3>\n<p style=\"text-align: justify;\"><strong>HIGHPCB<\/strong> verf\u00fcgt \u00fcber ein <strong>umfassendes Netzwerk aus gepr\u00fcften und vertrauensw\u00fcrdigen Lieferanten<\/strong>, die hochwertige <strong>elektronische Komponenten<\/strong> liefern. Dadurch k\u00f6nnen wir eine <strong>breite Palette an Bauteilen<\/strong> anbieten, darunter:<\/p>\n<ul style=\"text-align: justify;\">\n<li><strong>Widerst\u00e4nde, Kondensatoren, Dioden, Transistoren, integrierte Schaltkreise (ICs), Steckverbinder, Schalter, Relais und mehr.<\/strong><\/li>\n<\/ul>\n<p style=\"text-align: justify;\">Wir stellen sicher, dass alle elektronischen Komponenten <strong>h\u00f6chste Qualit\u00e4tsstandards erf\u00fcllen<\/strong> und den erforderlichen <strong>Spezifikationen und Normen<\/strong> entsprechen. Gleichzeitig bieten wir <strong>wettbewerbsf\u00e4hige Preise<\/strong>, wodurch unsere Bauteile eine <strong>kosteneffiziente L\u00f6sung f\u00fcr Ihre PCB-Best\u00fcckung<\/strong> darstellen.<\/p>\n<h3 style=\"text-align: justify;\"><strong>Warum HIGHPCB?<\/strong><\/h3>\n<ul style=\"text-align: justify;\">\n<li><strong>Kompetente Unterst\u00fctzung:<\/strong> Unser erfahrenes <strong>Ingenieurteam<\/strong> unterst\u00fctzt Sie bei <strong>PCB-Design, Prototyping und Tests<\/strong>.<\/li>\n<li><strong>Schnelle Lieferzeiten:<\/strong> Wir garantieren <strong>kurze Produktionszeiten<\/strong> und <strong>p\u00fcnktliche Lieferung<\/strong> aller elektronischen Komponenten.<\/li>\n<li><strong>One-Stop-Shop:<\/strong> <strong>HIGHPCB<\/strong> bietet Ihnen <strong>alle PCB-Dienstleistungen aus einer Hand<\/strong> \u2013 von der <strong>Bauteilbeschaffung<\/strong> \u00fcber die <strong>Fertigung<\/strong> bis zur <strong>Best\u00fcckung<\/strong>.<\/li>\n<\/ul>\n<p style=\"text-align: justify;\">Mit <strong>HIGHPCB<\/strong> als Partner erhalten Sie einen <strong>zuverl\u00e4ssigen und erfahrenen Anbieter<\/strong>, der Sie mit <strong>hochwertigen elektronischen Bauteilen<\/strong> sowie einer <strong>zuverl\u00e4ssigen PCB-Fertigung und Best\u00fcckung<\/strong> unterst\u00fctzt.<\/p>\n","protected":false},"excerpt":{"rendered":"<p>HIGHPCB: Ihr zuverl\u00e4ssiger Partner f\u00fcr elektronische und telekommunikationstechnische Bauteile Basierend auf den drei genannten Dienstleistungen kann HIGHPCB mit 10 Jahren Erfahrung hochwertige elektronische und telekommunikationstechnische Bauteile zu wettbewerbsf\u00e4higen Preisen weltweit liefern. Vielleicht machen Sie sich Sorgen um die Beschaffung von originalen und hochwertigen Bauteilen f\u00fcr Ihre PCB-Best\u00fcckung? Dank seiner langj\u00e4hrigen Erfahrung und starken Lieferkapazit\u00e4ten f\u00fcr&hellip;<\/p>\n","protected":false},"author":1,"featured_media":4375,"parent":4316,"menu_order":0,"comment_status":"closed","ping_status":"closed","template":"","meta":{"footnotes":""},"class_list":["post-4414","page","type-page","status-publish","has-post-thumbnail","hentry","description-off"],"yoast_head":"<!-- This site is optimized with the Yoast SEO Premium plugin v21.7 (Yoast SEO v26.9) - https:\/\/yoast.com\/product\/yoast-seo-premium-wordpress\/ -->\n<title>LIEFERUNG VON ELEKTRONISCHEN TEILEN - HIGHPCB<\/title>\n<meta name=\"robots\" content=\"index, follow, max-snippet:-1, max-image-preview:large, max-video-preview:-1\" \/>\n<link rel=\"canonical\" href=\"https:\/\/highpcb.com\/de\/dienstleistungen\/lieferung-von-elektronischen-teilen\/\" \/>\n<meta property=\"og:locale\" content=\"de_DE\" \/>\n<meta property=\"og:type\" content=\"article\" \/>\n<meta property=\"og:title\" content=\"LIEFERUNG VON ELEKTRONISCHEN TEILEN\" \/>\n<meta property=\"og:description\" content=\"HIGHPCB: Ihr zuverl\u00e4ssiger Partner f\u00fcr elektronische und telekommunikationstechnische Bauteile Basierend auf den drei genannten Dienstleistungen kann HIGHPCB mit 10 Jahren Erfahrung hochwertige elektronische und telekommunikationstechnische Bauteile zu wettbewerbsf\u00e4higen Preisen weltweit liefern. Vielleicht machen Sie sich Sorgen um die Beschaffung von originalen und hochwertigen Bauteilen f\u00fcr Ihre PCB-Best\u00fcckung? Dank seiner langj\u00e4hrigen Erfahrung und starken Lieferkapazit\u00e4ten f\u00fcr&hellip;\" \/>\n<meta property=\"og:url\" content=\"https:\/\/highpcb.com\/de\/dienstleistungen\/lieferung-von-elektronischen-teilen\/\" \/>\n<meta property=\"og:site_name\" content=\"HIGHPCB\" \/>\n<meta property=\"article:modified_time\" content=\"2025-05-18T07:54:14+00:00\" \/>\n<meta property=\"og:image\" content=\"https:\/\/highpcb.com\/studio_ka7\/uploads\/2022\/10\/4-Supply-of-electronic-parts-1401-8-1.jpg\" \/>\n\t<meta property=\"og:image:width\" content=\"1200\" \/>\n\t<meta property=\"og:image:height\" content=\"800\" \/>\n\t<meta property=\"og:image:type\" content=\"image\/jpeg\" \/>\n<meta name=\"twitter:card\" content=\"summary_large_image\" \/>\n<meta name=\"twitter:label1\" content=\"Gesch\u00e4tzte Lesezeit\" \/>\n\t<meta name=\"twitter:data1\" content=\"2\u00a0Minuten\" \/>\n<script type=\"application\/ld+json\" class=\"yoast-schema-graph\">{\"@context\":\"https:\/\/schema.org\",\"@graph\":[{\"@type\":\"WebPage\",\"@id\":\"https:\/\/highpcb.com\/de\/dienstleistungen\/lieferung-von-elektronischen-teilen\/\",\"url\":\"https:\/\/highpcb.com\/de\/dienstleistungen\/lieferung-von-elektronischen-teilen\/\",\"name\":\"LIEFERUNG VON ELEKTRONISCHEN TEILEN - HIGHPCB\",\"isPartOf\":{\"@id\":\"https:\/\/highpcb.com\/#website\"},\"primaryImageOfPage\":{\"@id\":\"https:\/\/highpcb.com\/de\/dienstleistungen\/lieferung-von-elektronischen-teilen\/#primaryimage\"},\"image\":{\"@id\":\"https:\/\/highpcb.com\/de\/dienstleistungen\/lieferung-von-elektronischen-teilen\/#primaryimage\"},\"thumbnailUrl\":\"https:\/\/highpcb.com\/studio_ka7\/uploads\/2022\/10\/4-Supply-of-electronic-parts-1401-8-1.jpg\",\"datePublished\":\"2022-10-22T11:53:03+00:00\",\"dateModified\":\"2025-05-18T07:54:14+00:00\",\"breadcrumb\":{\"@id\":\"https:\/\/highpcb.com\/de\/dienstleistungen\/lieferung-von-elektronischen-teilen\/#breadcrumb\"},\"inLanguage\":\"de\",\"potentialAction\":[{\"@type\":\"ReadAction\",\"target\":[\"https:\/\/highpcb.com\/de\/dienstleistungen\/lieferung-von-elektronischen-teilen\/\"]}]},{\"@type\":\"ImageObject\",\"inLanguage\":\"de\",\"@id\":\"https:\/\/highpcb.com\/de\/dienstleistungen\/lieferung-von-elektronischen-teilen\/#primaryimage\",\"url\":\"https:\/\/highpcb.com\/studio_ka7\/uploads\/2022\/10\/4-Supply-of-electronic-parts-1401-8-1.jpg\",\"contentUrl\":\"https:\/\/highpcb.com\/studio_ka7\/uploads\/2022\/10\/4-Supply-of-electronic-parts-1401-8-1.jpg\",\"width\":1200,\"height\":800},{\"@type\":\"BreadcrumbList\",\"@id\":\"https:\/\/highpcb.com\/de\/dienstleistungen\/lieferung-von-elektronischen-teilen\/#breadcrumb\",\"itemListElement\":[{\"@type\":\"ListItem\",\"position\":1,\"name\":\"Home\",\"item\":\"https:\/\/highpcb.com\/de\/\"},{\"@type\":\"ListItem\",\"position\":2,\"name\":\"Dienstleistungen\",\"item\":\"https:\/\/highpcb.com\/de\/dienstleistungen\/\"},{\"@type\":\"ListItem\",\"position\":3,\"name\":\"LIEFERUNG VON ELEKTRONISCHEN TEILEN\"}]},{\"@type\":\"WebSite\",\"@id\":\"https:\/\/highpcb.com\/#website\",\"url\":\"https:\/\/highpcb.com\/\",\"name\":\"HIGHPCB\",\"description\":\"PCB Design, Fabrication, Assembly\",\"potentialAction\":[{\"@type\":\"SearchAction\",\"target\":{\"@type\":\"EntryPoint\",\"urlTemplate\":\"https:\/\/highpcb.com\/?s={search_term_string}\"},\"query-input\":{\"@type\":\"PropertyValueSpecification\",\"valueRequired\":true,\"valueName\":\"search_term_string\"}}],\"inLanguage\":\"de\"}]}<\/script>\n<!-- \/ Yoast SEO Premium plugin. -->","yoast_head_json":{"title":"LIEFERUNG VON ELEKTRONISCHEN TEILEN - HIGHPCB","robots":{"index":"index","follow":"follow","max-snippet":"max-snippet:-1","max-image-preview":"max-image-preview:large","max-video-preview":"max-video-preview:-1"},"canonical":"https:\/\/highpcb.com\/de\/dienstleistungen\/lieferung-von-elektronischen-teilen\/","og_locale":"de_DE","og_type":"article","og_title":"LIEFERUNG VON ELEKTRONISCHEN TEILEN","og_description":"HIGHPCB: Ihr zuverl\u00e4ssiger Partner f\u00fcr elektronische und telekommunikationstechnische Bauteile Basierend auf den drei genannten Dienstleistungen kann HIGHPCB mit 10 Jahren Erfahrung hochwertige elektronische und telekommunikationstechnische Bauteile zu wettbewerbsf\u00e4higen Preisen weltweit liefern. Vielleicht machen Sie sich Sorgen um die Beschaffung von originalen und hochwertigen Bauteilen f\u00fcr Ihre PCB-Best\u00fcckung? Dank seiner langj\u00e4hrigen Erfahrung und starken Lieferkapazit\u00e4ten f\u00fcr&hellip;","og_url":"https:\/\/highpcb.com\/de\/dienstleistungen\/lieferung-von-elektronischen-teilen\/","og_site_name":"HIGHPCB","article_modified_time":"2025-05-18T07:54:14+00:00","og_image":[{"width":1200,"height":800,"url":"https:\/\/highpcb.com\/studio_ka7\/uploads\/2022\/10\/4-Supply-of-electronic-parts-1401-8-1.jpg","type":"image\/jpeg"}],"twitter_card":"summary_large_image","twitter_misc":{"Gesch\u00e4tzte Lesezeit":"2\u00a0Minuten"},"schema":{"@context":"https:\/\/schema.org","@graph":[{"@type":"WebPage","@id":"https:\/\/highpcb.com\/de\/dienstleistungen\/lieferung-von-elektronischen-teilen\/","url":"https:\/\/highpcb.com\/de\/dienstleistungen\/lieferung-von-elektronischen-teilen\/","name":"LIEFERUNG VON ELEKTRONISCHEN TEILEN - HIGHPCB","isPartOf":{"@id":"https:\/\/highpcb.com\/#website"},"primaryImageOfPage":{"@id":"https:\/\/highpcb.com\/de\/dienstleistungen\/lieferung-von-elektronischen-teilen\/#primaryimage"},"image":{"@id":"https:\/\/highpcb.com\/de\/dienstleistungen\/lieferung-von-elektronischen-teilen\/#primaryimage"},"thumbnailUrl":"https:\/\/highpcb.com\/studio_ka7\/uploads\/2022\/10\/4-Supply-of-electronic-parts-1401-8-1.jpg","datePublished":"2022-10-22T11:53:03+00:00","dateModified":"2025-05-18T07:54:14+00:00","breadcrumb":{"@id":"https:\/\/highpcb.com\/de\/dienstleistungen\/lieferung-von-elektronischen-teilen\/#breadcrumb"},"inLanguage":"de","potentialAction":[{"@type":"ReadAction","target":["https:\/\/highpcb.com\/de\/dienstleistungen\/lieferung-von-elektronischen-teilen\/"]}]},{"@type":"ImageObject","inLanguage":"de","@id":"https:\/\/highpcb.com\/de\/dienstleistungen\/lieferung-von-elektronischen-teilen\/#primaryimage","url":"https:\/\/highpcb.com\/studio_ka7\/uploads\/2022\/10\/4-Supply-of-electronic-parts-1401-8-1.jpg","contentUrl":"https:\/\/highpcb.com\/studio_ka7\/uploads\/2022\/10\/4-Supply-of-electronic-parts-1401-8-1.jpg","width":1200,"height":800},{"@type":"BreadcrumbList","@id":"https:\/\/highpcb.com\/de\/dienstleistungen\/lieferung-von-elektronischen-teilen\/#breadcrumb","itemListElement":[{"@type":"ListItem","position":1,"name":"Home","item":"https:\/\/highpcb.com\/de\/"},{"@type":"ListItem","position":2,"name":"Dienstleistungen","item":"https:\/\/highpcb.com\/de\/dienstleistungen\/"},{"@type":"ListItem","position":3,"name":"LIEFERUNG VON ELEKTRONISCHEN TEILEN"}]},{"@type":"WebSite","@id":"https:\/\/highpcb.com\/#website","url":"https:\/\/highpcb.com\/","name":"HIGHPCB","description":"PCB Design, Fabrication, Assembly","potentialAction":[{"@type":"SearchAction","target":{"@type":"EntryPoint","urlTemplate":"https:\/\/highpcb.com\/?s={search_term_string}"},"query-input":{"@type":"PropertyValueSpecification","valueRequired":true,"valueName":"search_term_string"}}],"inLanguage":"de"}]}},"_links":{"self":[{"href":"https:\/\/highpcb.com\/de\/wp-json\/wp\/v2\/pages\/4414","targetHints":{"allow":["GET"]}}],"collection":[{"href":"https:\/\/highpcb.com\/de\/wp-json\/wp\/v2\/pages"}],"about":[{"href":"https:\/\/highpcb.com\/de\/wp-json\/wp\/v2\/types\/page"}],"author":[{"embeddable":true,"href":"https:\/\/highpcb.com\/de\/wp-json\/wp\/v2\/users\/1"}],"replies":[{"embeddable":true,"href":"https:\/\/highpcb.com\/de\/wp-json\/wp\/v2\/comments?post=4414"}],"version-history":[{"count":0,"href":"https:\/\/highpcb.com\/de\/wp-json\/wp\/v2\/pages\/4414\/revisions"}],"up":[{"embeddable":true,"href":"https:\/\/highpcb.com\/de\/wp-json\/wp\/v2\/pages\/4316"}],"wp:featuredmedia":[{"embeddable":true,"href":"https:\/\/highpcb.com\/de\/wp-json\/wp\/v2\/media\/4375"}],"wp:attachment":[{"href":"https:\/\/highpcb.com\/de\/wp-json\/wp\/v2\/media?parent=4414"}],"curies":[{"name":"wp","href":"https:\/\/api.w.org\/{rel}","templated":true}]}}