{"id":4359,"date":"2022-10-22T11:50:45","date_gmt":"2022-10-22T11:50:45","guid":{"rendered":"https:\/\/highpcb.com\/dienstleistungen\/pcb-fabrication\/"},"modified":"2025-05-18T07:35:16","modified_gmt":"2025-05-18T07:35:16","slug":"pcb-fabrication","status":"publish","type":"page","link":"https:\/\/highpcb.com\/de\/dienstleistungen\/pcb-fabrication\/","title":{"rendered":"PCB-Fertigung"},"content":{"rendered":"<p>[vc_row type=&#8221;vc_default&#8221;][vc_column css=&#8221;.vc_custom_1498229431694{padding-bottom: 50px !important;}&#8221;][vc_single_image image=&#8221;1943&#8243; img_size=&#8221;full&#8221; alignment=&#8221;center&#8221;][vc_empty_space]<div id=\"ultimate-heading-4036a096fc035e74\" class=\"uvc-heading ult-adjust-bottom-margin ultimate-heading-4036a096fc035e74 uvc-7298 \" data-hspacer=\"no_spacer\"  data-halign=\"left\" style=\"text-align:left\"><div class=\"uvc-heading-spacer no_spacer\" style=\"top\"><\/div><div class=\"uvc-main-heading ult-responsive\"  data-ultimate-target='.uvc-heading.ultimate-heading-4036a096fc035e74 h2'  data-responsive-json-new='{\"font-size\":\"desktop:26px;\",\"line-height\":\"desktop:32px;\"}' ><h2 style=\"font-weight:bold;margin-bottom:20px;\">PCB-Fertigung:<\/h2><\/div><\/div>[vc_column_text]<\/p>\n<p style=\"text-align: justify;\">Einer unserer einzigartigen und hochwertigen Dienstleistungen ist das Drucken mit hervorragender Qualit\u00e4t und hoher Pr\u00e4zision von Multilayer-PCBs, das uns in dieser Branche auszeichnet.<\/p>\n<p>[\/vc_column_text][vc_empty_space]<div class=\"standard-number-list list-divider bullet-top\"><ul>\n<li><strong>Produktion von PCBs mit folgenden Materialien<\/strong>:<br \/>\nGlasfaser (FR4), Halbglasfaser (CEM), Knochen (XPC) und Aluminium.<\/li>\n<li><strong>Produktion aller Arten von PCBs<\/strong>:<br \/>\nEinlagig, doppellagig metallisiert und multilagig.<\/li>\n<li><strong>Vielfalt in der Endbeschichtung<\/strong>:<br \/>\nAnti-Oxid-Kupfer, Hei\u00dfluft und Vergoldung.<\/li>\n<li><strong>Vielfalt der L\u00f6tfarben<\/strong>:<br \/>\nGr\u00fcn, Blau, Rot, Wei\u00df, Schwarz und mehr.<\/li>\n<li><strong>Arten des Endschnitts<\/strong>:<br \/>\nCNC, V-Schnitt und Stanzschnitt.<\/li>\n<\/ul>\n<\/div>[vc_column_text]<strong>Produktkategorien in der PCB-Fertigung<\/strong>:<\/p>\n<p>HIGHPCB bietet 18 Arten von PCB-Fertigungsprodukten an[\/vc_column_text][vc_single_image image=&#8221;2066&#8243; img_size=&#8221;full&#8221; alignment=&#8221;center&#8221;][vc_empty_space]<div class=\"standard-number-list list-divider bullet-top\"><ol>\n<li><strong>Mehrlagen-PCB:<\/strong> 1\u201340 Lagen<\/li>\n<li><strong>HDI-PCB:<\/strong> 4\u201324 Lagen<\/li>\n<li><strong>PCB-Prototyp:<\/strong> 1\u201332 Lagen<\/li>\n<li><strong>Hochfrequenz-PCB:<\/strong> 1\u201340 Lagen<\/li>\n<li><strong>Hybrid-PCB:<\/strong> 1\u201340 Lagen<\/li>\n<li><strong>Rogers-PCB:<\/strong> 1\u201340 Lagen<\/li>\n<li><strong>Starrflex-PCB:<\/strong> 1\u201312 Lagen<\/li>\n<li><strong>Metallkern-PCB:<\/strong> 1\u201340 Lagen<\/li>\n<li><strong>LED-PCB:<\/strong> 1\u20136 Lagen<\/li>\n<li><strong>Goldfinger-PCB:<\/strong> 1\u201332 Lagen<\/li>\n<li><strong>RF-Leiterplatten:<\/strong> 1\u201332 Lagen<\/li>\n<li><strong>Keramik-PCB<\/strong><\/li>\n<li><strong>FR4-PCB:<\/strong> 1\u201332 Lagen<\/li>\n<li><strong>RoHS-konforme Leiterplatten<\/strong><\/li>\n<li><strong>High-TG-PCB:<\/strong> 1\u201332 Lagen<\/li>\n<li><strong>Aluminium-PCB:<\/strong> 1\u20136 Lagen<\/li>\n<li><strong>Dickkupfer-PCB:<\/strong> 1\u201316 Lagen<\/li>\n<li><strong>Impedanz-PCB:<\/strong> 1\u20134 Lagen<\/li>\n<\/ol>\n<\/div>[vc_column_text]<\/p>\n<p style=\"text-align: justify;\">Ein Merkmal, das HIGHPCB von anderen Unternehmen im Bereich PCB-Druck unterscheidet, ist das Engagement unseres Teams, die Design for Manufacturing (DFM)-Regeln in die Designs unserer Kunden zu integrieren.<\/p>\n<p style=\"text-align: justify;\">Nach Erhalt der Design-Datei von den Kunden \u00fcberpr\u00fcft das Ingenieurteam von HIGHPCB die Datei gr\u00fcndlich. Dabei wird das Design mit den IPC-Standards abgeglichen. Falls es Abweichungen von diesen Standards oder Designprobleme gibt, erhalten die Kunden kostenlose Beratung, um diese Probleme zu beheben.<\/p>\n<p style=\"text-align: justify;\">Die Faktoren, die den Preis einer PCB beeinflussen, sind<strong>:<\/strong><\/p>\n<p>[\/vc_column_text][vc_empty_space]<div class=\"standard-number-list list-divider bullet-top\"><ul>\n<li><strong>Schnittart<\/strong> (Cut Type)&nbsp;<\/li>\n<li><strong>Anzahl und Durchmesser der Vias<\/strong> (Number and Diameter of Vias)&nbsp;<\/li>\n<li><strong>Anzahl der PCBs<\/strong> (Musteranfertigung oder Serienproduktion) (Number of PCBs \u2013 Sampling or Mass Production)&nbsp;<\/li>\n<li><strong>Fasermaterial der Leiterplatte<\/strong> (Printed Circuit Board Fiber Material)&nbsp;<\/li>\n<li><strong>Anzahl der Lagen<\/strong> (Number of Layers)&nbsp;<\/li>\n<li><strong>Platinengr\u00f6\u00dfe<\/strong> (Board Dimensions)&nbsp;<\/li>\n<li><strong>L\u00f6tstoppmaske<\/strong> (Solder Mask)&nbsp;<\/li>\n<li><strong>Best\u00fcckungsdruck (Silkscreen)<\/strong> (Silk Screen)<\/li>\n<li><strong>Minimale Dielektrizit\u00e4tskonstante<\/strong> (Minimum Dielectric)&nbsp;<\/li>\n<li><strong>Minimale Leiterbahndicke<\/strong> (Minimum Track Thickness)<\/li>\n<\/ul>\n<\/div>[vc_column_text]<\/p>\n<p style=\"text-align: justify;\">Schlie\u00dflich gew\u00e4hrleistet diese Vielfalt in der <strong>PCB-Fertigungstechnologie<\/strong>, dass Sie den <strong>PCB-Herstellungsprozess<\/strong> schnell und mit voller <strong>Vertrauensw\u00fcrdigkeit<\/strong> in unsere H\u00e4nde legen k\u00f6nnen.<\/p>\n<p>[\/vc_column_text][\/vc_column][\/vc_row][vc_row][vc_column][vc_column_text]<\/p>\n<h3 style=\"text-align: justify;\">Arten von Leiterplatten-Fasermaterialien:<\/h3>\n<p style=\"text-align: justify;\">PCBs verf\u00fcgen \u00fcber Kupferleiterbahnen, die die verschiedenen Bauteill\u00f6cher miteinander verbinden. Sie werden speziell f\u00fcr jede Schaltung entworfen und sind relativ einfach herzustellen. Allerdings erfordert die PCB-Fertigung spezielle Werkzeuge. Die Haupttypen von Leiterplatten-Fasermaterialien sind:<\/p>\n<ul style=\"text-align: justify;\">\n<li>Einseitige PCBs (Single-sided PCBs)<\/li>\n<li>Zweiseitige PCBs (Double-sided PCBs)<\/li>\n<li>Mehrlagen-PCBs (Multilayer PCBs)<\/li>\n<li>Starre PCBs (Rigid PCBs)<\/li>\n<li>Flexible PCBs (Flex PCBs)<\/li>\n<li>Starrflex-PCBs (Rigid-flex PCBs)<\/li>\n<\/ul>\n<p style=\"text-align: justify;\"><img loading=\"lazy\" decoding=\"async\" class=\"aligncenter wp-image-2034 size-full\" src=\"https:\/\/highpcb.com\/studio_ka7\/uploads\/2022\/10\/rfrffrr.jpg\" alt=\"\" width=\"300\" height=\"311\" srcset=\"https:\/\/highpcb.com\/studio_ka7\/uploads\/2022\/10\/rfrffrr.jpg 300w, https:\/\/highpcb.com\/studio_ka7\/uploads\/2022\/10\/rfrffrr-289x300.jpg 289w\" sizes=\"auto, (max-width: 300px) 100vw, 300px\" \/><\/p>\n<h3 style=\"text-align: justify;\">Zweiseitige PCBs (Double-Sided PCBs)<\/h3>\n<p style=\"text-align: justify;\">Diese Art von PCB wird viel h\u00e4ufiger verwendet als einseitige Platinen. Beide Seiten des <strong>Fasersubstrats<\/strong> enthalten <strong>metallische Leiterschichten<\/strong>, wodurch die elektronischen Bauteile miteinander verbunden werden.<\/p>\n<p style=\"text-align: justify;\">Durch sogenannte <strong>Vias<\/strong> (verbindende Durchkontaktierungen) k\u00f6nnen Schaltungen auf einer Seite mit denen auf der anderen Seite der Platine verbunden werden.<\/p>\n<h3 style=\"text-align: justify;\"><img loading=\"lazy\" decoding=\"async\" class=\"aligncenter wp-image-2033 size-full\" src=\"https:\/\/highpcb.com\/studio_ka7\/uploads\/2022\/10\/qdewawf.jpg\" alt=\"\" width=\"1024\" height=\"528\" srcset=\"https:\/\/highpcb.com\/studio_ka7\/uploads\/2022\/10\/qdewawf.jpg 1024w, https:\/\/highpcb.com\/studio_ka7\/uploads\/2022\/10\/qdewawf-300x155.jpg 300w, https:\/\/highpcb.com\/studio_ka7\/uploads\/2022\/10\/qdewawf-768x396.jpg 768w\" sizes=\"auto, (max-width: 1024px) 100vw, 1024px\" \/><\/h3>\n<h3 style=\"text-align: justify;\">Mehrlagen-PCB (Multilayer PCB)<\/h3>\n<p style=\"text-align: justify;\">Diese PCBs erh\u00f6hen die Dichte und Komplexit\u00e4t von PCB-Designs, indem sie zus\u00e4tzliche Schichten \u00fcber die oberen und unteren Ebenen hinaus hinzuf\u00fcgen, die in einer zweiseitigen Konfiguration sichtbar sind. Durch den Zugriff auf mehrere Schichten in Mehrlagen-Leiterplattenkonfigurationen erm\u00f6glichen sie Designern, sehr dicke und hochkomplexe Designs zu erstellen.<\/p>\n<p style=\"text-align: justify;\">Die zus\u00e4tzlichen Schichten in diesem Design sind Leistungsplatten, die die Stromversorgung der Schaltung bereitstellen und gleichzeitig das Niveau der elektromagnetischen Interferenzen (EMI) reduzieren, die durch das Design entstehen. Niedrigere EMI-Werte werden erreicht, indem die Signalebenen zwischen den Stromversorgungsebenen positioniert werden.<\/p>\n<p style=\"text-align: justify;\"><img loading=\"lazy\" decoding=\"async\" class=\"aligncenter wp-image-2031 size-full\" src=\"https:\/\/highpcb.com\/studio_ka7\/uploads\/2022\/10\/ewffew.jpg\" alt=\"\" width=\"363\" height=\"231\" srcset=\"https:\/\/highpcb.com\/studio_ka7\/uploads\/2022\/10\/ewffew.jpg 363w, https:\/\/highpcb.com\/studio_ka7\/uploads\/2022\/10\/ewffew-300x191.jpg 300w\" sizes=\"auto, (max-width: 363px) 100vw, 363px\" \/><\/p>\n<h3 style=\"text-align: justify;\"><strong>Starre PCB (Rigid-PCB)<\/strong><\/h3>\n<p style=\"text-align: justify;\">Zus\u00e4tzlich zu den unterschiedlichen <strong>Schichten<\/strong> und <strong>Seiten<\/strong> k\u00f6nnen Leiterplattenfasern auch <strong>unver\u00e4nderlich<\/strong> sein. <strong>Unver\u00e4nderlichkeit<\/strong> bedeutet, dass die Leiterplatte <strong>nicht flexibel<\/strong> ist. Die meisten Kunden denken bei einer PCB in erster Linie an eine <strong>nicht flexible Leiterplatte<\/strong>.<\/p>\n<p style=\"text-align: justify;\">Starre Leiterplatten bestehen aus einem <strong>festen Substratmaterial<\/strong>, wie z. B. <strong>Glasfaser (FR4)<\/strong>. Ein typisches Beispiel f\u00fcr eine <strong>starre PCB<\/strong> ist das <strong>Motherboard eines Computers<\/strong>.<\/p>\n<p style=\"text-align: justify;\"><img loading=\"lazy\" decoding=\"async\" class=\"aligncenter wp-image-2036 size-full\" src=\"https:\/\/highpcb.com\/studio_ka7\/uploads\/2022\/10\/wefsdbgr.jpg\" alt=\"\" width=\"812\" height=\"385\" srcset=\"https:\/\/highpcb.com\/studio_ka7\/uploads\/2022\/10\/wefsdbgr.jpg 812w, https:\/\/highpcb.com\/studio_ka7\/uploads\/2022\/10\/wefsdbgr-300x142.jpg 300w, https:\/\/highpcb.com\/studio_ka7\/uploads\/2022\/10\/wefsdbgr-768x364.jpg 768w\" sizes=\"auto, (max-width: 812px) 100vw, 812px\" \/><\/p>\n<h3 style=\"text-align: justify;\"><strong>Flexible PCB (Flex-PCB)<\/strong><\/h3>\n<p style=\"text-align: justify;\">Eine <strong>flexible Leiterplatte<\/strong> besteht im Allgemeinen aus <strong>einem flexiblen Kunststoffmaterial<\/strong>. Dieses <strong>Grundmaterial<\/strong> erm\u00f6glicht es der Platine, in Formen gebogen zu werden, die <strong>starre Leiterplatten<\/strong> nicht zulassen, ohne dass dabei die Schaltungen auf der Platine besch\u00e4digt werden.<\/p>\n<p style=\"text-align: justify;\">Obwohl <strong>flexible PCBs<\/strong> in der Regel <strong>teurer<\/strong> als starre PCBs sind, bieten sie zahlreiche Vorteile. Sie k\u00f6nnen beispielsweise <strong>schwere oder sperrige Verkabelungen<\/strong> in <strong>hochwertigen Ger\u00e4ten<\/strong> ersetzen, bei denen <strong>Gewicht und Platz entscheidend<\/strong> sind \u2013 etwa in <strong>Satelliten<\/strong> oder speziellen elektronischen Ger\u00e4ten.<\/p>\n<p style=\"text-align: justify;\">Flex-PCBs sind in verschiedenen Formaten erh\u00e4ltlich, darunter <strong>einseitige, zweiseitige und mehrlagige<\/strong> Varianten.<\/p>\n<h3 style=\"text-align: justify;\"><img loading=\"lazy\" decoding=\"async\" class=\"aligncenter wp-image-2032 size-full\" src=\"https:\/\/highpcb.com\/studio_ka7\/uploads\/2022\/10\/ewfsdfewewsd.jpg\" alt=\"\" width=\"572\" height=\"600\" srcset=\"https:\/\/highpcb.com\/studio_ka7\/uploads\/2022\/10\/ewfsdfewewsd.jpg 572w, https:\/\/highpcb.com\/studio_ka7\/uploads\/2022\/10\/ewfsdfewewsd-286x300.jpg 286w\" sizes=\"auto, (max-width: 572px) 100vw, 572px\" \/><\/h3>\n<h3 style=\"text-align: justify;\"><strong>Starrflex-PCB (Rigid-Flex PCB)<\/strong><\/h3>\n<p style=\"text-align: justify;\">Diese Platinen sind eine <strong>Kombination aus starren und flexiblen Leiterplatten<\/strong> und geh\u00f6ren zu den am h\u00e4ufigsten verwendeten <strong>Leiterplattenfasertypen<\/strong> in der Elektronikindustrie f\u00fcr <strong>komplexere Anwendungen<\/strong>.<\/p>\n<p style=\"text-align: justify;\">Ein <strong>flexibles PCB<\/strong> ist in der Montage einfacher als eine starre Leiterplatte, die mit einer <strong>flexiblen Schaltung<\/strong> verbunden ist. Falls das <strong>Design<\/strong> dies erfordert, k\u00f6nnen diese Platinen in verschiedenen <strong>Kombinationen<\/strong> gestaltet werden, sodass alle <strong>Vorteile<\/strong> von <strong>starren und flexiblen Platinen<\/strong> in einem <strong>einzigen PCB-Typ<\/strong> genutzt werden k\u00f6nnen.<\/p>\n<p style=\"text-align: justify;\"><img loading=\"lazy\" decoding=\"async\" class=\"wp-image-2035 size-full aligncenter\" src=\"https:\/\/highpcb.com\/studio_ka7\/uploads\/2022\/10\/t4erterg.jpg\" alt=\"\" width=\"800\" height=\"473\" srcset=\"https:\/\/highpcb.com\/studio_ka7\/uploads\/2022\/10\/t4erterg.jpg 800w, https:\/\/highpcb.com\/studio_ka7\/uploads\/2022\/10\/t4erterg-300x177.jpg 300w, https:\/\/highpcb.com\/studio_ka7\/uploads\/2022\/10\/t4erterg-768x454.jpg 768w\" sizes=\"auto, (max-width: 800px) 100vw, 800px\" \/><\/p>\n<p>[\/vc_column_text][\/vc_column][\/vc_row]<\/p>\n","protected":false},"excerpt":{"rendered":"<p>[vc_row type=&#8221;vc_default&#8221;][vc_column css=&#8221;.vc_custom_1498229431694{padding-bottom: 50px !important;}&#8221;][vc_single_image image=&#8221;1943&#8243; img_size=&#8221;full&#8221; alignment=&#8221;center&#8221;][vc_empty_space][vc_column_text] Einer unserer einzigartigen und hochwertigen Dienstleistungen ist das Drucken mit hervorragender Qualit\u00e4t und hoher Pr\u00e4zision von Multilayer-PCBs, das uns in dieser Branche auszeichnet. [\/vc_column_text][vc_empty_space][vc_column_text]Produktkategorien in der PCB-Fertigung: HIGHPCB bietet 18 Arten von PCB-Fertigungsprodukten an[\/vc_column_text][vc_single_image image=&#8221;2066&#8243; img_size=&#8221;full&#8221; alignment=&#8221;center&#8221;][vc_empty_space][vc_column_text] Ein Merkmal, das HIGHPCB von anderen Unternehmen im Bereich PCB-Druck&hellip;<\/p>\n","protected":false},"author":1,"featured_media":4367,"parent":4316,"menu_order":0,"comment_status":"closed","ping_status":"closed","template":"","meta":{"footnotes":""},"class_list":["post-4359","page","type-page","status-publish","has-post-thumbnail","hentry","description-off"],"yoast_head":"<!-- This site is optimized with the Yoast SEO Premium plugin v21.7 (Yoast SEO v26.9) - https:\/\/yoast.com\/product\/yoast-seo-premium-wordpress\/ -->\n<title>PCB-Fertigung - HIGHPCB<\/title>\n<meta name=\"robots\" content=\"index, follow, max-snippet:-1, max-image-preview:large, max-video-preview:-1\" \/>\n<link rel=\"canonical\" href=\"https:\/\/highpcb.com\/de\/dienstleistungen\/pcb-fabrication\/\" \/>\n<meta property=\"og:locale\" content=\"de_DE\" \/>\n<meta property=\"og:type\" content=\"article\" \/>\n<meta property=\"og:title\" content=\"PCB-Fertigung\" \/>\n<meta property=\"og:description\" content=\"[vc_row type=&#8221;vc_default&#8221;][vc_column css=&#8221;.vc_custom_1498229431694{padding-bottom: 50px !important;}&#8221;][vc_single_image image=&#8221;1943&#8243; img_size=&#8221;full&#8221; alignment=&#8221;center&#8221;][vc_empty_space][vc_column_text] Einer unserer einzigartigen und hochwertigen Dienstleistungen ist das Drucken mit hervorragender Qualit\u00e4t und hoher Pr\u00e4zision von Multilayer-PCBs, das uns in dieser Branche auszeichnet. [\/vc_column_text][vc_empty_space][vc_column_text]Produktkategorien in der PCB-Fertigung: HIGHPCB bietet 18 Arten von PCB-Fertigungsprodukten an[\/vc_column_text][vc_single_image image=&#8221;2066&#8243; img_size=&#8221;full&#8221; alignment=&#8221;center&#8221;][vc_empty_space][vc_column_text] Ein Merkmal, das HIGHPCB von anderen Unternehmen im Bereich PCB-Druck&hellip;\" \/>\n<meta property=\"og:url\" content=\"https:\/\/highpcb.com\/de\/dienstleistungen\/pcb-fabrication\/\" \/>\n<meta property=\"og:site_name\" content=\"HIGHPCB\" \/>\n<meta property=\"article:modified_time\" content=\"2025-05-18T07:35:16+00:00\" \/>\n<meta property=\"og:image\" content=\"https:\/\/highpcb.com\/studio_ka7\/uploads\/2022\/10\/2-pcb-fabrication-1401-8-1.jpg\" \/>\n\t<meta property=\"og:image:width\" content=\"1200\" \/>\n\t<meta property=\"og:image:height\" content=\"800\" \/>\n\t<meta property=\"og:image:type\" content=\"image\/jpeg\" \/>\n<meta name=\"twitter:card\" content=\"summary_large_image\" \/>\n<meta name=\"twitter:label1\" content=\"Gesch\u00e4tzte Lesezeit\" \/>\n\t<meta name=\"twitter:data1\" content=\"6\u00a0Minuten\" \/>\n<script type=\"application\/ld+json\" class=\"yoast-schema-graph\">{\"@context\":\"https:\/\/schema.org\",\"@graph\":[{\"@type\":\"WebPage\",\"@id\":\"https:\/\/highpcb.com\/de\/dienstleistungen\/pcb-fabrication\/\",\"url\":\"https:\/\/highpcb.com\/de\/dienstleistungen\/pcb-fabrication\/\",\"name\":\"PCB-Fertigung - HIGHPCB\",\"isPartOf\":{\"@id\":\"https:\/\/highpcb.com\/#website\"},\"primaryImageOfPage\":{\"@id\":\"https:\/\/highpcb.com\/de\/dienstleistungen\/pcb-fabrication\/#primaryimage\"},\"image\":{\"@id\":\"https:\/\/highpcb.com\/de\/dienstleistungen\/pcb-fabrication\/#primaryimage\"},\"thumbnailUrl\":\"https:\/\/highpcb.com\/studio_ka7\/uploads\/2022\/10\/2-pcb-fabrication-1401-8-1.jpg\",\"datePublished\":\"2022-10-22T11:50:45+00:00\",\"dateModified\":\"2025-05-18T07:35:16+00:00\",\"breadcrumb\":{\"@id\":\"https:\/\/highpcb.com\/de\/dienstleistungen\/pcb-fabrication\/#breadcrumb\"},\"inLanguage\":\"de\",\"potentialAction\":[{\"@type\":\"ReadAction\",\"target\":[\"https:\/\/highpcb.com\/de\/dienstleistungen\/pcb-fabrication\/\"]}]},{\"@type\":\"ImageObject\",\"inLanguage\":\"de\",\"@id\":\"https:\/\/highpcb.com\/de\/dienstleistungen\/pcb-fabrication\/#primaryimage\",\"url\":\"https:\/\/highpcb.com\/studio_ka7\/uploads\/2022\/10\/2-pcb-fabrication-1401-8-1.jpg\",\"contentUrl\":\"https:\/\/highpcb.com\/studio_ka7\/uploads\/2022\/10\/2-pcb-fabrication-1401-8-1.jpg\",\"width\":1200,\"height\":800},{\"@type\":\"BreadcrumbList\",\"@id\":\"https:\/\/highpcb.com\/de\/dienstleistungen\/pcb-fabrication\/#breadcrumb\",\"itemListElement\":[{\"@type\":\"ListItem\",\"position\":1,\"name\":\"Home\",\"item\":\"https:\/\/highpcb.com\/de\/\"},{\"@type\":\"ListItem\",\"position\":2,\"name\":\"Dienstleistungen\",\"item\":\"https:\/\/highpcb.com\/de\/dienstleistungen\/\"},{\"@type\":\"ListItem\",\"position\":3,\"name\":\"PCB-Fertigung\"}]},{\"@type\":\"WebSite\",\"@id\":\"https:\/\/highpcb.com\/#website\",\"url\":\"https:\/\/highpcb.com\/\",\"name\":\"HIGHPCB\",\"description\":\"PCB Design, Fabrication, Assembly\",\"potentialAction\":[{\"@type\":\"SearchAction\",\"target\":{\"@type\":\"EntryPoint\",\"urlTemplate\":\"https:\/\/highpcb.com\/?s={search_term_string}\"},\"query-input\":{\"@type\":\"PropertyValueSpecification\",\"valueRequired\":true,\"valueName\":\"search_term_string\"}}],\"inLanguage\":\"de\"}]}<\/script>\n<!-- \/ Yoast SEO Premium plugin. -->","yoast_head_json":{"title":"PCB-Fertigung - HIGHPCB","robots":{"index":"index","follow":"follow","max-snippet":"max-snippet:-1","max-image-preview":"max-image-preview:large","max-video-preview":"max-video-preview:-1"},"canonical":"https:\/\/highpcb.com\/de\/dienstleistungen\/pcb-fabrication\/","og_locale":"de_DE","og_type":"article","og_title":"PCB-Fertigung","og_description":"[vc_row type=&#8221;vc_default&#8221;][vc_column css=&#8221;.vc_custom_1498229431694{padding-bottom: 50px !important;}&#8221;][vc_single_image image=&#8221;1943&#8243; img_size=&#8221;full&#8221; alignment=&#8221;center&#8221;][vc_empty_space][vc_column_text] Einer unserer einzigartigen und hochwertigen Dienstleistungen ist das Drucken mit hervorragender Qualit\u00e4t und hoher Pr\u00e4zision von Multilayer-PCBs, das uns in dieser Branche auszeichnet. [\/vc_column_text][vc_empty_space][vc_column_text]Produktkategorien in der PCB-Fertigung: HIGHPCB bietet 18 Arten von PCB-Fertigungsprodukten an[\/vc_column_text][vc_single_image image=&#8221;2066&#8243; img_size=&#8221;full&#8221; alignment=&#8221;center&#8221;][vc_empty_space][vc_column_text] Ein Merkmal, das HIGHPCB von anderen Unternehmen im Bereich PCB-Druck&hellip;","og_url":"https:\/\/highpcb.com\/de\/dienstleistungen\/pcb-fabrication\/","og_site_name":"HIGHPCB","article_modified_time":"2025-05-18T07:35:16+00:00","og_image":[{"width":1200,"height":800,"url":"https:\/\/highpcb.com\/studio_ka7\/uploads\/2022\/10\/2-pcb-fabrication-1401-8-1.jpg","type":"image\/jpeg"}],"twitter_card":"summary_large_image","twitter_misc":{"Gesch\u00e4tzte Lesezeit":"6\u00a0Minuten"},"schema":{"@context":"https:\/\/schema.org","@graph":[{"@type":"WebPage","@id":"https:\/\/highpcb.com\/de\/dienstleistungen\/pcb-fabrication\/","url":"https:\/\/highpcb.com\/de\/dienstleistungen\/pcb-fabrication\/","name":"PCB-Fertigung - HIGHPCB","isPartOf":{"@id":"https:\/\/highpcb.com\/#website"},"primaryImageOfPage":{"@id":"https:\/\/highpcb.com\/de\/dienstleistungen\/pcb-fabrication\/#primaryimage"},"image":{"@id":"https:\/\/highpcb.com\/de\/dienstleistungen\/pcb-fabrication\/#primaryimage"},"thumbnailUrl":"https:\/\/highpcb.com\/studio_ka7\/uploads\/2022\/10\/2-pcb-fabrication-1401-8-1.jpg","datePublished":"2022-10-22T11:50:45+00:00","dateModified":"2025-05-18T07:35:16+00:00","breadcrumb":{"@id":"https:\/\/highpcb.com\/de\/dienstleistungen\/pcb-fabrication\/#breadcrumb"},"inLanguage":"de","potentialAction":[{"@type":"ReadAction","target":["https:\/\/highpcb.com\/de\/dienstleistungen\/pcb-fabrication\/"]}]},{"@type":"ImageObject","inLanguage":"de","@id":"https:\/\/highpcb.com\/de\/dienstleistungen\/pcb-fabrication\/#primaryimage","url":"https:\/\/highpcb.com\/studio_ka7\/uploads\/2022\/10\/2-pcb-fabrication-1401-8-1.jpg","contentUrl":"https:\/\/highpcb.com\/studio_ka7\/uploads\/2022\/10\/2-pcb-fabrication-1401-8-1.jpg","width":1200,"height":800},{"@type":"BreadcrumbList","@id":"https:\/\/highpcb.com\/de\/dienstleistungen\/pcb-fabrication\/#breadcrumb","itemListElement":[{"@type":"ListItem","position":1,"name":"Home","item":"https:\/\/highpcb.com\/de\/"},{"@type":"ListItem","position":2,"name":"Dienstleistungen","item":"https:\/\/highpcb.com\/de\/dienstleistungen\/"},{"@type":"ListItem","position":3,"name":"PCB-Fertigung"}]},{"@type":"WebSite","@id":"https:\/\/highpcb.com\/#website","url":"https:\/\/highpcb.com\/","name":"HIGHPCB","description":"PCB Design, Fabrication, Assembly","potentialAction":[{"@type":"SearchAction","target":{"@type":"EntryPoint","urlTemplate":"https:\/\/highpcb.com\/?s={search_term_string}"},"query-input":{"@type":"PropertyValueSpecification","valueRequired":true,"valueName":"search_term_string"}}],"inLanguage":"de"}]}},"_links":{"self":[{"href":"https:\/\/highpcb.com\/de\/wp-json\/wp\/v2\/pages\/4359","targetHints":{"allow":["GET"]}}],"collection":[{"href":"https:\/\/highpcb.com\/de\/wp-json\/wp\/v2\/pages"}],"about":[{"href":"https:\/\/highpcb.com\/de\/wp-json\/wp\/v2\/types\/page"}],"author":[{"embeddable":true,"href":"https:\/\/highpcb.com\/de\/wp-json\/wp\/v2\/users\/1"}],"replies":[{"embeddable":true,"href":"https:\/\/highpcb.com\/de\/wp-json\/wp\/v2\/comments?post=4359"}],"version-history":[{"count":0,"href":"https:\/\/highpcb.com\/de\/wp-json\/wp\/v2\/pages\/4359\/revisions"}],"up":[{"embeddable":true,"href":"https:\/\/highpcb.com\/de\/wp-json\/wp\/v2\/pages\/4316"}],"wp:featuredmedia":[{"embeddable":true,"href":"https:\/\/highpcb.com\/de\/wp-json\/wp\/v2\/media\/4367"}],"wp:attachment":[{"href":"https:\/\/highpcb.com\/de\/wp-json\/wp\/v2\/media?parent=4359"}],"curies":[{"name":"wp","href":"https:\/\/api.w.org\/{rel}","templated":true}]}}