{"id":4316,"date":"2016-01-29T10:13:23","date_gmt":"2016-01-29T10:13:23","guid":{"rendered":"https:\/\/highpcb.com\/dienstleistungen\/"},"modified":"2025-05-17T12:37:45","modified_gmt":"2025-05-17T12:37:45","slug":"dienstleistungen","status":"publish","type":"page","link":"https:\/\/highpcb.com\/de\/dienstleistungen\/","title":{"rendered":"Dienstleistungen"},"content":{"rendered":"<p>[vc_row type=&#8221;vc_default&#8221;][vc_column width=&#8221;1\/2&#8243; css=&#8221;.vc_custom_1498211177630{padding-bottom: 50px !important;}&#8221;]<style type=\"text\/css\" data-type=\"the7_shortcodes-inline-css\">.shortcode-single-image-wrap.shortcode-single-image-e605b990ee6efe4ca29a6ae4d2de1dfe.enable-bg-rollover .rollover i,\n.shortcode-single-image-wrap.shortcode-single-image-e605b990ee6efe4ca29a6ae4d2de1dfe.enable-bg-rollover .rollover-video i {\n  background: -webkit-linear-gradient();\n  background: linear-gradient();\n}\n.shortcode-single-image-wrap.shortcode-single-image-e605b990ee6efe4ca29a6ae4d2de1dfe .rollover-icon {\n  font-size: 32px;\n  color: #ffffff;\n  min-width: 44px;\n  min-height: 44px;\n  line-height: 44px;\n  border-radius: 100px;\n  border-style: solid;\n  border-width: 0px;\n}\n.dt-icon-bg-on.shortcode-single-image-wrap.shortcode-single-image-e605b990ee6efe4ca29a6ae4d2de1dfe .rollover-icon {\n  background: rgba(255,255,255,0.3);\n  box-shadow: none;\n}\n<\/style><div class=\"shortcode-single-image-wrap shortcode-single-image-e605b990ee6efe4ca29a6ae4d2de1dfe alignnone  vc_custom_1666518142954 enable-bg-rollover dt-icon-bg-off\" ><div class=\"shortcode-single-image\"><div class=\"fancy-media-wrap\" style=\"border-radius:500px;\"><a href=\"https:\/\/highpcb.com\/services\/pcb-design\/\" class=\" layzr-bg rollover\" style=\"border-radius:500px;\" aria-label=\"Image\"><img loading=\"lazy\" decoding=\"async\" class=\"preload-me lazy-load\" src=\"data:image\/svg+xml,%3Csvg%20xmlns%3D&#39;http%3A%2F%2Fwww.w3.org%2F2000%2Fsvg&#39;%20viewBox%3D&#39;0%200%20220%20220&#39;%2F%3E\" data-src=\"https:\/\/highpcb.com\/studio_ka7\/uploads\/2022\/10\/1-pcb-design-banner-1401-8-1-220x220.jpg\" data-srcset=\"https:\/\/highpcb.com\/studio_ka7\/uploads\/2022\/10\/1-pcb-design-banner-1401-8-1-220x220.jpg 220w, https:\/\/highpcb.com\/studio_ka7\/uploads\/2022\/10\/1-pcb-design-banner-1401-8-1-440x440.jpg 440w\" width=\"220\" height=\"220\"  data-dt-location=\"https:\/\/highpcb.com\/de\/services\/pcb-assembly\/1-pcb-design-banner-1401-8-1\/\" alt=\"\" \/><\/a><\/div><\/div><\/div><span id=\"creative-link-wrap-5014\" class=\"ult_main_cl ult-adjust-bottom-margin  \" >\n\t \t\t\t<span class=\"  ult_crlink\" >\n\t\t\t\t\t<a  data-ultimate-target='#creative-link-wrap-5014 .ult_colorlink'  data-responsive-json-new='{\"font-size\":\"desktop:26px;\",\"line-height\":\"desktop:32px;\"}'  href=\"https:\/\/highpcb.com\/services\/pcb-design\/\"  class=\"ult_colorlink ult-responsive  vc_custom_1747485189474\" style=\"font-family:Open Sans Condensed;font-weight:700; \"  data-textcolor=\"#1f365c\" data-texthover=\"#ffb536\"data-style=\"\">\n\t\t\t\t\t\t\n\t\t\t\t\t\t<span data-hover=\"PCB-Design\" style=\"color:#1f365c;;;\" class=\"ult_btn10_span   \">PCB-Design<\/span>\n\t\t\t\t\t\t\n\t\t\t\t\t<\/a>\n\t\t\t\t<\/span>\n\t\t\t<\/span>[vc_column_text css=&#8221;.vc_custom_1747485198394{margin-top: -40px !important;}&#8221;]<\/p>\n<p style=\"text-align: center;\">Eine der wesentlichen Dienstleistungen von HIGHPCB ist das ma\u00dfgeschneiderte PCB-Druckverfahren. Mit dem Wissen seines Teams junger Ingenieure und der Nutzung moderner Technologie<\/p>\n<p>[\/vc_column_text][\/vc_column][vc_column width=&#8221;1\/2&#8243; css=&#8221;.vc_custom_1498211173058{padding-bottom: 50px !important;}&#8221;]<style type=\"text\/css\" data-type=\"the7_shortcodes-inline-css\">.shortcode-single-image-wrap.shortcode-single-image-13132e3b32ae26be0d54cf9c63520647.enable-bg-rollover .rollover i,\n.shortcode-single-image-wrap.shortcode-single-image-13132e3b32ae26be0d54cf9c63520647.enable-bg-rollover .rollover-video i {\n  background: -webkit-linear-gradient();\n  background: linear-gradient();\n}\n.shortcode-single-image-wrap.shortcode-single-image-13132e3b32ae26be0d54cf9c63520647 .rollover-icon {\n  font-size: 32px;\n  color: #ffffff;\n  min-width: 44px;\n  min-height: 44px;\n  line-height: 44px;\n  border-radius: 100px;\n  border-style: solid;\n  border-width: 0px;\n}\n.dt-icon-bg-on.shortcode-single-image-wrap.shortcode-single-image-13132e3b32ae26be0d54cf9c63520647 .rollover-icon {\n  background: rgba(255,255,255,0.3);\n  box-shadow: none;\n}\n<\/style><div class=\"shortcode-single-image-wrap shortcode-single-image-13132e3b32ae26be0d54cf9c63520647 alignnone  vc_custom_1666518170096 enable-bg-rollover dt-icon-bg-off\" ><div class=\"shortcode-single-image\"><div class=\"fancy-media-wrap\" style=\"border-radius:500px;\"><a href=\"https:\/\/highpcb.com\/services\/pcb-fabrication\/\" class=\" layzr-bg rollover\" style=\"border-radius:500px;\" aria-label=\"Image\"><img loading=\"lazy\" decoding=\"async\" class=\"preload-me lazy-load\" src=\"data:image\/svg+xml,%3Csvg%20xmlns%3D&#39;http%3A%2F%2Fwww.w3.org%2F2000%2Fsvg&#39;%20viewBox%3D&#39;0%200%20220%20220&#39;%2F%3E\" data-src=\"https:\/\/highpcb.com\/studio_ka7\/uploads\/2022\/10\/2-pcb-fabrication-banner-1401-8-1-220x220.jpg\" data-srcset=\"https:\/\/highpcb.com\/studio_ka7\/uploads\/2022\/10\/2-pcb-fabrication-banner-1401-8-1-220x220.jpg 220w, https:\/\/highpcb.com\/studio_ka7\/uploads\/2022\/10\/2-pcb-fabrication-banner-1401-8-1-440x440.jpg 440w\" width=\"220\" height=\"220\"  data-dt-location=\"https:\/\/highpcb.com\/de\/services\/pcb-assembly\/2-pcb-fabrication-banner-1401-8-1\/\" alt=\"\" \/><\/a><\/div><\/div><\/div><span id=\"creative-link-wrap-8979\" class=\"ult_main_cl ult-adjust-bottom-margin  \" >\n\t \t\t\t<span class=\"  ult_crlink\" >\n\t\t\t\t\t<a  data-ultimate-target='#creative-link-wrap-8979 .ult_colorlink'  data-responsive-json-new='{\"font-size\":\"desktop:26px;\",\"line-height\":\"desktop:32px;\"}'  href=\"https:\/\/highpcb.com\/services\/pcb-fabrication\/\"  class=\"ult_colorlink ult-responsive  vc_custom_1747485211156\" style=\"font-family:Open Sans Condensed;font-weight:700; \"  data-textcolor=\"#1f365c\" data-texthover=\"#ffb536\"data-style=\"\">\n\t\t\t\t\t\t\n\t\t\t\t\t\t<span data-hover=\"PCB-Fertigung\" style=\"color:#1f365c;;;\" class=\"ult_btn10_span   \">PCB-Fertigung<\/span>\n\t\t\t\t\t\t\n\t\t\t\t\t<\/a>\n\t\t\t\t<\/span>\n\t\t\t<\/span>[vc_column_text css=&#8221;.vc_custom_1747485224387{margin-top: -40px !important;}&#8221;]<\/p>\n<p style=\"text-align: center;\">Eine unserer einzigartigen und hochwertigen Dienstleistungen ist der Druck mit hervorragender Qualit\u00e4t und hoher Genauigkeit, PCB-Multilayer, der uns in dieser Branche auszeichnet.<\/p>\n<p>[\/vc_column_text][\/vc_column][\/vc_row][vc_row type=&#8221;vc_default&#8221; css=&#8221;.vc_custom_1498212582492{padding-bottom: 20px !important;}&#8221;][vc_column width=&#8221;1\/2&#8243; css=&#8221;.vc_custom_1498211177630{padding-bottom: 50px !important;}&#8221;]<style type=\"text\/css\" data-type=\"the7_shortcodes-inline-css\">.shortcode-single-image-wrap.shortcode-single-image-2ca5f07dfe6cdb2d063a0babeb10144b.enable-bg-rollover .rollover i,\n.shortcode-single-image-wrap.shortcode-single-image-2ca5f07dfe6cdb2d063a0babeb10144b.enable-bg-rollover .rollover-video i {\n  background: -webkit-linear-gradient();\n  background: linear-gradient();\n}\n.shortcode-single-image-wrap.shortcode-single-image-2ca5f07dfe6cdb2d063a0babeb10144b .rollover-icon {\n  font-size: 32px;\n  color: #ffffff;\n  min-width: 44px;\n  min-height: 44px;\n  line-height: 44px;\n  border-radius: 100px;\n  border-style: solid;\n  border-width: 0px;\n}\n.dt-icon-bg-on.shortcode-single-image-wrap.shortcode-single-image-2ca5f07dfe6cdb2d063a0babeb10144b .rollover-icon {\n  background: rgba(255,255,255,0.3);\n  box-shadow: none;\n}\n<\/style><div class=\"shortcode-single-image-wrap shortcode-single-image-2ca5f07dfe6cdb2d063a0babeb10144b alignnone  vc_custom_1666518182480 enable-bg-rollover dt-icon-bg-off\" ><div class=\"shortcode-single-image\"><div class=\"fancy-media-wrap\" style=\"border-radius:500px;\"><a href=\"https:\/\/highpcb.com\/services\/pcb-assembly\/\" class=\" layzr-bg rollover\" style=\"border-radius:500px;\" aria-label=\"Image\"><img loading=\"lazy\" decoding=\"async\" class=\"preload-me lazy-load\" src=\"data:image\/svg+xml,%3Csvg%20xmlns%3D&#39;http%3A%2F%2Fwww.w3.org%2F2000%2Fsvg&#39;%20viewBox%3D&#39;0%200%20220%20220&#39;%2F%3E\" data-src=\"https:\/\/highpcb.com\/studio_ka7\/uploads\/2022\/10\/3-pcb-asembly-banner-1401-8-1-220x220.jpg\" data-srcset=\"https:\/\/highpcb.com\/studio_ka7\/uploads\/2022\/10\/3-pcb-asembly-banner-1401-8-1-220x220.jpg 220w, https:\/\/highpcb.com\/studio_ka7\/uploads\/2022\/10\/3-pcb-asembly-banner-1401-8-1-440x440.jpg 440w\" width=\"220\" height=\"220\"  data-dt-location=\"https:\/\/highpcb.com\/de\/services\/pcb-assembly\/3-pcb-asembly-banner-1401-8-1\/\" alt=\"\" \/><\/a><\/div><\/div><\/div><span id=\"creative-link-wrap-7263\" class=\"ult_main_cl ult-adjust-bottom-margin  \" >\n\t \t\t\t<span class=\"  ult_crlink\" >\n\t\t\t\t\t<a  data-ultimate-target='#creative-link-wrap-7263 .ult_colorlink'  data-responsive-json-new='{\"font-size\":\"desktop:26px;\",\"line-height\":\"desktop:32px;\"}'  href=\"https:\/\/highpcb.com\/services\/pcb-assembly\/\"  class=\"ult_colorlink ult-responsive  vc_custom_1747485235954\" style=\"font-family:Open Sans Condensed;font-weight:700; \"  data-textcolor=\"#213962\" data-texthover=\"#ffb536\"data-style=\"\">\n\t\t\t\t\t\t\n\t\t\t\t\t\t<span data-hover=\"PCB-Best\u00fcckung\" style=\"color:#213962;;;\" class=\"ult_btn10_span   \">PCB-Best\u00fcckung<\/span>\n\t\t\t\t\t\t\n\t\t\t\t\t<\/a>\n\t\t\t\t<\/span>\n\t\t\t<\/span>[vc_column_text css=&#8221;.vc_custom_1747485247488{margin-top: -40px !important;}&#8221;]<\/p>\n<p style=\"text-align: center;\">Eine weitere unserer spezialisierten Dienstleistungen ist die PCB-Best\u00fcckung mit hoher Pr\u00e4zision und Qualit\u00e4t, die durch die automatisierte PCBA-Technologie erzielt wird&#8230;<\/p>\n<p>[\/vc_column_text][\/vc_column][vc_column width=&#8221;1\/2&#8243; css=&#8221;.vc_custom_1498211173058{padding-bottom: 50px !important;}&#8221;]<style type=\"text\/css\" data-type=\"the7_shortcodes-inline-css\">.shortcode-single-image-wrap.shortcode-single-image-a0dea2f8d8d0b5245048844004c6f265.enable-bg-rollover .rollover i,\n.shortcode-single-image-wrap.shortcode-single-image-a0dea2f8d8d0b5245048844004c6f265.enable-bg-rollover .rollover-video i {\n  background: -webkit-linear-gradient();\n  background: linear-gradient();\n}\n.shortcode-single-image-wrap.shortcode-single-image-a0dea2f8d8d0b5245048844004c6f265 .rollover-icon {\n  font-size: 32px;\n  color: #ffffff;\n  min-width: 44px;\n  min-height: 44px;\n  line-height: 44px;\n  border-radius: 100px;\n  border-style: solid;\n  border-width: 0px;\n}\n.dt-icon-bg-on.shortcode-single-image-wrap.shortcode-single-image-a0dea2f8d8d0b5245048844004c6f265 .rollover-icon {\n  background: rgba(255,255,255,0.3);\n  box-shadow: none;\n}\n<\/style><div class=\"shortcode-single-image-wrap shortcode-single-image-a0dea2f8d8d0b5245048844004c6f265 alignnone  vc_custom_1666518196936 enable-bg-rollover dt-icon-bg-off\" ><div class=\"shortcode-single-image\"><div class=\"fancy-media-wrap\" style=\"border-radius:500px;\"><a href=\"https:\/\/highpcb.com\/services\/supply-of-electronic-parts\/\" class=\" layzr-bg rollover\" style=\"border-radius:500px;\" aria-label=\"Image\"><img loading=\"lazy\" decoding=\"async\" class=\"preload-me lazy-load\" src=\"data:image\/svg+xml,%3Csvg%20xmlns%3D&#39;http%3A%2F%2Fwww.w3.org%2F2000%2Fsvg&#39;%20viewBox%3D&#39;0%200%20220%20220&#39;%2F%3E\" data-src=\"https:\/\/highpcb.com\/studio_ka7\/uploads\/2022\/10\/4-Supply-of-electronic-parts-banner-1401-8-1-220x220.jpg\" data-srcset=\"https:\/\/highpcb.com\/studio_ka7\/uploads\/2022\/10\/4-Supply-of-electronic-parts-banner-1401-8-1-220x220.jpg 220w, https:\/\/highpcb.com\/studio_ka7\/uploads\/2022\/10\/4-Supply-of-electronic-parts-banner-1401-8-1-440x440.jpg 440w\" width=\"220\" height=\"220\"  data-dt-location=\"https:\/\/highpcb.com\/de\/services\/pcb-assembly\/4-supply-of-electronic-parts-banner-1401-8-1\/\" alt=\"\" \/><\/a><\/div><\/div><\/div><span id=\"creative-link-wrap-5329\" class=\"ult_main_cl ult-adjust-bottom-margin  \" >\n\t \t\t\t<span class=\"  ult_crlink\" >\n\t\t\t\t\t<a  data-ultimate-target='#creative-link-wrap-5329 .ult_colorlink'  data-responsive-json-new='{\"font-size\":\"desktop:26px;\",\"line-height\":\"desktop:32px;\"}'  href=\"https:\/\/highpcb.com\/services\/supply-of-electronic-parts\/\"  class=\"ult_colorlink ult-responsive  vc_custom_1747485258868\" style=\"font-family:Open Sans Condensed;font-weight:700; \"  data-textcolor=\"#1f365c\" data-texthover=\"#ff9f1a\"data-style=\"\">\n\t\t\t\t\t\t\n\t\t\t\t\t\t<span data-hover=\"Lieferung elektronischer Bauteile\" style=\"color:#1f365c;;;\" class=\"ult_btn10_span   \">Lieferung elektronischer Bauteile<\/span>\n\t\t\t\t\t\t\n\t\t\t\t\t<\/a>\n\t\t\t\t<\/span>\n\t\t\t<\/span>[vc_column_text css=&#8221;.vc_custom_1747485273385{margin-top: -40px !important;}&#8221;]<\/p>\n<p style=\"text-align: center;\">Basierend auf den drei genannten Dienstleistungen kann das Unternehmen HIGHPCB mit einer 20-j\u00e4hrigen Geschichte hochwertige elektronische Bauteile liefern<strong>\u2026<\/strong><\/p>\n<p>[\/vc_column_text][\/vc_column][\/vc_row][vc_row bg_type=&#8221;bg_color&#8221; bg_override=&#8221;ex-full&#8221; type=&#8221;vc_default&#8221; css=&#8221;.vc_custom_1498212491956{padding-top: 60px !important;padding-bottom: 70px !important;}&#8221; bg_color_value=&#8221;#f5f5f5&#8243;][vc_column]<div id=\"ultimate-heading-219969ea0500d758d\" class=\"uvc-heading ult-adjust-bottom-margin ultimate-heading-219969ea0500d758d uvc-5572 color-title accent-title-color\" data-hspacer=\"no_spacer\"  data-halign=\"center\" style=\"text-align:center\"><div class=\"uvc-heading-spacer no_spacer\" style=\"top\"><\/div><div class=\"uvc-main-heading ult-responsive\"  data-ultimate-target='.uvc-heading.ultimate-heading-219969ea0500d758d h2'  data-responsive-json-new='{\"font-size\":\"desktop:40px;tablet_portrait:20px;\",\"line-height\":\"desktop:46px;tablet_portrait:26px;\"}' ><h2 style=\"font-family:&#039;Open Sans Condensed&#039;;font-weight:700;margin-bottom:10px;\"> Beeilen Sie sich! Kontaktieren Sie uns noch heute und erhalten<\/h2><\/div><div class=\"uvc-sub-heading ult-responsive\"  data-ultimate-target='.uvc-heading.ultimate-heading-219969ea0500d758d .uvc-sub-heading '  data-responsive-json-new='{\"font-size\":\"desktop:70px;tablet_portrait:40px;\",\"line-height\":\"desktop:76px;tablet_portrait:46px;\"}'  style=\"font-family:&#039;Open Sans Condensed&#039;;font-weight:700;\">Sie eine KOSTENLOSE ERSTBERATUNG<\/div><\/div><style type=\"text\/css\" data-type=\"the7_shortcodes-inline-css\">#default-btn-d96e00386b047b3e8c3e9653cf630cd8.ico-right-side > i {\n  margin-right: 0px;\n  margin-left: 8px;\n}\n#default-btn-d96e00386b047b3e8c3e9653cf630cd8 > i {\n  margin-right: 8px;\n}\n<\/style><div class=\"btn-align-center\"><a href=\"https:\/\/highpcb.com\/contact\/\" class=\"default-btn-shortcode dt-btn dt-btn-l link-hover-off  vc_custom_1747485459900\" id=\"default-btn-d96e00386b047b3e8c3e9653cf630cd8\" style=\"width:400px;\"><span>Buchen Sie Ihre Beratung<\/span><\/a><\/div>[\/vc_column][\/vc_row]<\/p>\n","protected":false},"excerpt":{"rendered":"<p>[vc_row type=&#8221;vc_default&#8221;][vc_column width=&#8221;1\/2&#8243; css=&#8221;.vc_custom_1498211177630{padding-bottom: 50px !important;}&#8221;][vc_column_text css=&#8221;.vc_custom_1747485198394{margin-top: -40px !important;}&#8221;] Eine der wesentlichen Dienstleistungen von HIGHPCB ist das ma\u00dfgeschneiderte PCB-Druckverfahren. Mit dem Wissen seines Teams junger Ingenieure und der Nutzung moderner Technologie [\/vc_column_text][\/vc_column][vc_column width=&#8221;1\/2&#8243; css=&#8221;.vc_custom_1498211173058{padding-bottom: 50px !important;}&#8221;][vc_column_text css=&#8221;.vc_custom_1747485224387{margin-top: -40px !important;}&#8221;] Eine unserer einzigartigen und hochwertigen Dienstleistungen ist der Druck mit hervorragender Qualit\u00e4t und hoher Genauigkeit, PCB-Multilayer,&hellip;<\/p>\n","protected":false},"author":1,"featured_media":0,"parent":0,"menu_order":300,"comment_status":"closed","ping_status":"closed","template":"","meta":{"footnotes":""},"class_list":["post-4316","page","type-page","status-publish","hentry","description-off"],"yoast_head":"<!-- This site is optimized with the Yoast SEO Premium plugin v21.7 (Yoast SEO v26.9) - https:\/\/yoast.com\/product\/yoast-seo-premium-wordpress\/ -->\n<title>Dienstleistungen - HIGHPCB<\/title>\n<meta name=\"robots\" content=\"index, follow, max-snippet:-1, max-image-preview:large, max-video-preview:-1\" \/>\n<link rel=\"canonical\" href=\"https:\/\/highpcb.com\/de\/dienstleistungen\/\" \/>\n<meta property=\"og:locale\" content=\"de_DE\" \/>\n<meta property=\"og:type\" content=\"article\" \/>\n<meta property=\"og:title\" content=\"Dienstleistungen\" \/>\n<meta property=\"og:description\" content=\"[vc_row type=&#8221;vc_default&#8221;][vc_column width=&#8221;1\/2&#8243; css=&#8221;.vc_custom_1498211177630{padding-bottom: 50px !important;}&#8221;][vc_column_text css=&#8221;.vc_custom_1747485198394{margin-top: -40px !important;}&#8221;] Eine der wesentlichen Dienstleistungen von HIGHPCB ist das ma\u00dfgeschneiderte PCB-Druckverfahren. Mit dem Wissen seines Teams junger Ingenieure und der Nutzung moderner Technologie [\/vc_column_text][\/vc_column][vc_column width=&#8221;1\/2&#8243; css=&#8221;.vc_custom_1498211173058{padding-bottom: 50px !important;}&#8221;][vc_column_text css=&#8221;.vc_custom_1747485224387{margin-top: -40px !important;}&#8221;] Eine unserer einzigartigen und hochwertigen Dienstleistungen ist der Druck mit hervorragender Qualit\u00e4t und hoher Genauigkeit, PCB-Multilayer,&hellip;\" \/>\n<meta property=\"og:url\" content=\"https:\/\/highpcb.com\/de\/dienstleistungen\/\" \/>\n<meta property=\"og:site_name\" content=\"HIGHPCB\" \/>\n<meta property=\"article:modified_time\" content=\"2025-05-17T12:37:45+00:00\" \/>\n<meta name=\"twitter:card\" content=\"summary_large_image\" \/>\n<meta name=\"twitter:label1\" content=\"Gesch\u00e4tzte Lesezeit\" \/>\n\t<meta name=\"twitter:data1\" content=\"2\u00a0Minuten\" \/>\n<script type=\"application\/ld+json\" class=\"yoast-schema-graph\">{\"@context\":\"https:\/\/schema.org\",\"@graph\":[{\"@type\":\"WebPage\",\"@id\":\"https:\/\/highpcb.com\/de\/dienstleistungen\/\",\"url\":\"https:\/\/highpcb.com\/de\/dienstleistungen\/\",\"name\":\"Dienstleistungen - HIGHPCB\",\"isPartOf\":{\"@id\":\"https:\/\/highpcb.com\/#website\"},\"datePublished\":\"2016-01-29T10:13:23+00:00\",\"dateModified\":\"2025-05-17T12:37:45+00:00\",\"breadcrumb\":{\"@id\":\"https:\/\/highpcb.com\/de\/dienstleistungen\/#breadcrumb\"},\"inLanguage\":\"de\",\"potentialAction\":[{\"@type\":\"ReadAction\",\"target\":[\"https:\/\/highpcb.com\/de\/dienstleistungen\/\"]}]},{\"@type\":\"BreadcrumbList\",\"@id\":\"https:\/\/highpcb.com\/de\/dienstleistungen\/#breadcrumb\",\"itemListElement\":[{\"@type\":\"ListItem\",\"position\":1,\"name\":\"Home\",\"item\":\"https:\/\/highpcb.com\/de\/\"},{\"@type\":\"ListItem\",\"position\":2,\"name\":\"Dienstleistungen\"}]},{\"@type\":\"WebSite\",\"@id\":\"https:\/\/highpcb.com\/#website\",\"url\":\"https:\/\/highpcb.com\/\",\"name\":\"HIGHPCB\",\"description\":\"PCB Design, Fabrication, Assembly\",\"potentialAction\":[{\"@type\":\"SearchAction\",\"target\":{\"@type\":\"EntryPoint\",\"urlTemplate\":\"https:\/\/highpcb.com\/?s={search_term_string}\"},\"query-input\":{\"@type\":\"PropertyValueSpecification\",\"valueRequired\":true,\"valueName\":\"search_term_string\"}}],\"inLanguage\":\"de\"}]}<\/script>\n<!-- \/ Yoast SEO Premium plugin. -->","yoast_head_json":{"title":"Dienstleistungen - HIGHPCB","robots":{"index":"index","follow":"follow","max-snippet":"max-snippet:-1","max-image-preview":"max-image-preview:large","max-video-preview":"max-video-preview:-1"},"canonical":"https:\/\/highpcb.com\/de\/dienstleistungen\/","og_locale":"de_DE","og_type":"article","og_title":"Dienstleistungen","og_description":"[vc_row type=&#8221;vc_default&#8221;][vc_column width=&#8221;1\/2&#8243; css=&#8221;.vc_custom_1498211177630{padding-bottom: 50px !important;}&#8221;][vc_column_text css=&#8221;.vc_custom_1747485198394{margin-top: -40px !important;}&#8221;] Eine der wesentlichen Dienstleistungen von HIGHPCB ist das ma\u00dfgeschneiderte PCB-Druckverfahren. Mit dem Wissen seines Teams junger Ingenieure und der Nutzung moderner Technologie [\/vc_column_text][\/vc_column][vc_column width=&#8221;1\/2&#8243; css=&#8221;.vc_custom_1498211173058{padding-bottom: 50px !important;}&#8221;][vc_column_text css=&#8221;.vc_custom_1747485224387{margin-top: -40px !important;}&#8221;] Eine unserer einzigartigen und hochwertigen Dienstleistungen ist der Druck mit hervorragender Qualit\u00e4t und hoher Genauigkeit, PCB-Multilayer,&hellip;","og_url":"https:\/\/highpcb.com\/de\/dienstleistungen\/","og_site_name":"HIGHPCB","article_modified_time":"2025-05-17T12:37:45+00:00","twitter_card":"summary_large_image","twitter_misc":{"Gesch\u00e4tzte Lesezeit":"2\u00a0Minuten"},"schema":{"@context":"https:\/\/schema.org","@graph":[{"@type":"WebPage","@id":"https:\/\/highpcb.com\/de\/dienstleistungen\/","url":"https:\/\/highpcb.com\/de\/dienstleistungen\/","name":"Dienstleistungen - HIGHPCB","isPartOf":{"@id":"https:\/\/highpcb.com\/#website"},"datePublished":"2016-01-29T10:13:23+00:00","dateModified":"2025-05-17T12:37:45+00:00","breadcrumb":{"@id":"https:\/\/highpcb.com\/de\/dienstleistungen\/#breadcrumb"},"inLanguage":"de","potentialAction":[{"@type":"ReadAction","target":["https:\/\/highpcb.com\/de\/dienstleistungen\/"]}]},{"@type":"BreadcrumbList","@id":"https:\/\/highpcb.com\/de\/dienstleistungen\/#breadcrumb","itemListElement":[{"@type":"ListItem","position":1,"name":"Home","item":"https:\/\/highpcb.com\/de\/"},{"@type":"ListItem","position":2,"name":"Dienstleistungen"}]},{"@type":"WebSite","@id":"https:\/\/highpcb.com\/#website","url":"https:\/\/highpcb.com\/","name":"HIGHPCB","description":"PCB Design, Fabrication, Assembly","potentialAction":[{"@type":"SearchAction","target":{"@type":"EntryPoint","urlTemplate":"https:\/\/highpcb.com\/?s={search_term_string}"},"query-input":{"@type":"PropertyValueSpecification","valueRequired":true,"valueName":"search_term_string"}}],"inLanguage":"de"}]}},"_links":{"self":[{"href":"https:\/\/highpcb.com\/de\/wp-json\/wp\/v2\/pages\/4316","targetHints":{"allow":["GET"]}}],"collection":[{"href":"https:\/\/highpcb.com\/de\/wp-json\/wp\/v2\/pages"}],"about":[{"href":"https:\/\/highpcb.com\/de\/wp-json\/wp\/v2\/types\/page"}],"author":[{"embeddable":true,"href":"https:\/\/highpcb.com\/de\/wp-json\/wp\/v2\/users\/1"}],"replies":[{"embeddable":true,"href":"https:\/\/highpcb.com\/de\/wp-json\/wp\/v2\/comments?post=4316"}],"version-history":[{"count":0,"href":"https:\/\/highpcb.com\/de\/wp-json\/wp\/v2\/pages\/4316\/revisions"}],"wp:attachment":[{"href":"https:\/\/highpcb.com\/de\/wp-json\/wp\/v2\/media?parent=4316"}],"curies":[{"name":"wp","href":"https:\/\/api.w.org\/{rel}","templated":true}]}}